{"id":7598,"date":"2017-10-10T02:40:49","date_gmt":"2017-10-10T02:40:49","guid":{"rendered":"http:\/\/cesis.co\/?page_id=7598"},"modified":"2025-09-01T23:15:18","modified_gmt":"2025-09-02T05:15:18","slug":"proveedores-confiables-productos-y-servicios-amazon-mercadolibre-uber-rappi-suministros-tarjetas-de-regalo-gift-cards-seguridad-industrial-cubrebocas","status":"publish","type":"page","link":"https:\/\/brainstore.com.mx\/","title":{"rendered":"Inicio"},"content":{"rendered":"<p>[vc_row equal_height=&#8221;yes&#8221; content_placement=&#8221;middle&#8221;][vc_column css_animation=&#8221;top-to-bottom&#8221;][vc_empty_space height=&#8221;30&#8243;][vc_wp_search][vc_column_text css_animation=&#8221;fadeIn&#8221; delay=&#8221;3&#8243;]<\/p>\n<div class=\"page\" title=\"Page 2\">\n<div class=\"section\">\n<div class=\"layoutArea\">\n<div class=\"column\">\n<h3 style=\"text-align: center\">\u00bfQuienes somos?<\/h3>\n<p class=\"p1\">Brainstore Latinoam\u00e9rica, es una marca comercial perteneciente a Grupo BSM, cuya compa\u00f1\u00eda principal es BSM Compa\u00f1\u00eda Internacional Multiservicios SA; Misma que se encuentra legalmente constituida en la Ciudad de M\u00e9xico.<\/p>\n<p class=\"p1\"><span class=\"s1\">Cuenta con mas de 10 a\u00f1os de especializaci\u00f3n en la prestaci\u00f3n de servicios y soluciones operativas\u00a0<\/span>a procesos de negocios; tanto comerciales, como administrativos, log\u00edsticos y publicitarios. Todo enfocado a la optimizaci\u00f3n de los recursos y los resultados de cualquier negocio sin importar su giro, dimensiones o geograf\u00eda.<\/p>\n<p>Nuestra presencia en diferentes partes del mundo, y nuestro dise\u00f1o orientado al creciente mercado latinoamericano, nos hace el aliado estrat\u00e9gico perfecto para ampliar la cobertura de sus operaciones y enfrentar los desaf\u00edos que se presenten en su negocio, sin fronteras de por medio.<\/p>\n<p>Nuestra propuesta de valor se centra en la satisfacci\u00f3n de nuestros clientes, la experiencia de usuario final, la flexibilidad y la calidad percibida en todos los servicios y productos.<\/p>\n<\/div>\n<\/div>\n<\/div>\n<\/div>\n<p>[\/vc_column_text][vc_empty_space][vc_column_text css_animation=&#8221;fadeInDown&#8221;]<\/p>\n<h3 style=\"text-align: center\">Lineas de negocio<\/h3>\n<p>[\/vc_column_text][vc_empty_space][\/vc_column][\/vc_row][vc_row full_width=&#8221;stretch_row_content&#8221; css=&#8221;.vc_custom_1701912039156{background-color: #ffffff !important;}&#8221;][vc_column width=&#8221;1\/5&#8243;][cesis_icon i_size=&#8221;80&#8243; link=&#8221;https:\/\/brainstore.com.mx\/?page_id=9486&#8243; css_animation=&#8221;fadeIn&#8221; delay=&#8221;4&#8243; margin_bottom=&#8221;3&#8243; icon_color=&#8221;#e2b51f&#8221; h_icon_color=&#8221;#0a0a0a&#8221; icon=&#8221;fa-earth&#8221; el_class=&#8221;Servicios corporativos&#8221;][vc_column_text]<\/p>\n<p style=\"text-align: center\"><strong><span style=\"color: #000000\">Latam Direct<\/span><\/strong><\/p>\n<p>[\/vc_column_text][\/vc_column][vc_column width=&#8221;1\/5&#8243;][cesis_icon i_size=&#8221;80&#8243; link=&#8221;https:\/\/brainstore.com.mx\/?page_id=9592&#8243; css_animation=&#8221;fadeIn&#8221; delay=&#8221;4&#8243; margin_bottom=&#8221;3&#8243; icon_color=&#8221;#e2b51f&#8221; h_icon_color=&#8221;#0a0a0a&#8221; icon=&#8221;fa-dropbox2&#8243; el_class=&#8221;Servicios corporativos&#8221;][vc_column_text]<\/p>\n<p style=\"text-align: center\"><strong><span style=\"color: #000000\">Cadena de suministros<\/span><\/strong><\/p>\n<p>[\/vc_column_text][\/vc_column][vc_column width=&#8221;1\/5&#8243;][cesis_icon i_size=&#8221;80&#8243; link=&#8221;https:\/\/brainstore.com.mx\/?page_id=9486&#8243; css_animation=&#8221;fadeIn&#8221; delay=&#8221;6&#8243; margin_bottom=&#8221;3&#8243; icon_color=&#8221;#e2b51f&#8221; h_icon_color=&#8221;#0a0a0a&#8221; icon=&#8221;fa-office&#8221; el_class=&#8221;Servicios corporativos&#8221;][vc_column_text]<\/p>\n<p style=\"text-align: center\"><strong><span style=\"color: #000000\">Servicios corporativos<\/span><\/strong><\/p>\n<p>[\/vc_column_text][\/vc_column][vc_column width=&#8221;1\/5&#8243;][cesis_icon i_size=&#8221;80&#8243; link=&#8221;https:\/\/brainstore.com.mx\/?page_id=9486&#8243; css_animation=&#8221;fadeIn&#8221; delay=&#8221;5&#8243; icon_color=&#8221;#e2b51f&#8221; h_icon_color=&#8221;#0a0a0a&#8221; icon=&#8221;fa-car&#8221;][vc_column_text]<\/p>\n<p style=\"text-align: center\"><strong><span style=\"color: #000000\">Servicios de transporte<\/span><\/strong><\/p>\n<p>[\/vc_column_text][\/vc_column][vc_column width=&#8221;1\/5&#8243;][cesis_icon i_size=&#8221;80&#8243; link=&#8221;https:\/\/brainstore.com.mx\/?page_id=9670&#8243; css_animation=&#8221;fadeIn&#8221; delay=&#8221;7&#8243; icon_color=&#8221;#e2b51f&#8221; h_icon_color=&#8221;#000000&#8243; icon=&#8221;fa-laptop&#8221;][vc_column_text]<\/p>\n<p style=\"text-align: center\"><strong><span style=\"color: #000000\">Plataformas digitales<\/span><\/strong><\/p>\n<p>[\/vc_column_text][\/vc_column][\/vc_row][vc_row full_width=&#8221;stretch_row&#8221; min_height=&#8221;600&#8243; parallax=&#8221;cesis_parallax&#8221; parallax_image=&#8221;7601&#8243; cesis_parallax_speed=&#8221;1.2&#8243; disable_element=&#8221;yes&#8221; css=&#8221;.vc_custom_1578933095607{padding-top: 80px !important;padding-bottom: 80px !important;background-color: #bf9918 !important;}&#8221;][vc_column][vc_custom_heading text=&#8221;Clientes Satisfechos&#8221; font_container=&#8221;tag:h2|font_size:36|text_align:left|color:%23ffffff|line_height:1.2em&#8221; text_resize=&#8221;yes&#8221; text_minimum=&#8221;22&#8243; google_fonts=&#8221;font_family:Open%20Sans%3A300%2C300italic%2Cregular%2Citalic%2C600%2C600italic%2C700%2C700italic%2C800%2C800italic|font_style:400%20regular%3A400%3Anormal&#8221; css=&#8221;.vc_custom_1543441208017{margin-bottom: 36px !important;}&#8221;][cesis_testimonials style=&#8221;cesis_tm_13&#8243; testimonials=&#8221;%5B%7B%22author%22%3A%22Joel%20Trujillo%22%2C%22a_info%22%3A%22Director%20General%20TTBS%20-%20Microsoft%20Partner%22%2C%22t_content%22%3A%22Agradecemos%20a%20Brain-Store%20por%20el%20servicio%20profesional%20que%20nos%20han%20brindado%2C%20dentro%20de%20sus%20servicios%20hemos%20podido%20optimizar%20varios%20procesos%20de%20negocio%20como%20son%20el%20generar%20demanda%2C%20hemos%20podido%20llegar%20a%20m%C3%A1s%20prospectos%20y%20cerrar%20nuevas%20oportunidades%20de%20negocio.%5CnGracias%20Brain-Store%20contamos%20con%20un%20dise%C3%B1o%20de%20p%C3%A1gina%20web%20la%20cual%20no%20ten%C3%ADamos%20y%20que%20ahora%20nuestra%20%C3%A1rea%20de%20preventa%20ha%20notado%20el%20cambio%20debido%20a%20la%20demanda%20de%20atenci%C3%B3n%20a%20solicitudes%20a%20trav%C3%A9s%20de%20la%20secci%C3%B3n%20de%20cont%C3%A1ctanos.%5CnGracias%20a%20los%20servicios%20de%20nuestro%20socio%20de%20negocio%20queremos%20continuar%20creciendo%20y%20para%20eso%20hemos%20creado%20una%20relaci%C3%B3n%20de%20negocio%20a%20largo%20plazo%20a%20trav%C3%A9s%20de%20la%20confianza%20que%20nos%20brindan%20y%20el%20valor%20agregado%20que%20no%20dan%20es%20que%20se%20integran%20como%20si%20fueran%20parte%20de%20nosotros%20preocup%C3%A1ndose%20por%20obtener%20los%20mismos%20resultados%20que%20estamos%20buscando.%22%2C%22layout%22%3A%22full%22%2C%22t_color%22%3A%22%23ffffff%22%2C%22h_color%22%3A%22%23ffffff%22%2C%22hl_color%22%3A%22%23ffffff%22%7D%2C%7B%22author%22%3A%22Cliente%22%2C%22a_info%22%3A%22Puesto%2FEmpresa%22%2C%22t_content%22%3A%22I%20am%20promo%20text.%20Click%20edit%20button%20to%20change%20this%20text.%20Lorem%20ipsum%20dolor%20sit%20amet%2C%20consectetur%20adipiscing%20elit.%20Ut%20elit%20tellus%2C%20luctus%20nec%20ullamcorper%20mattis%2C%20pulvinar%20dapibus%20leo.%22%2C%22layout%22%3A%22full%22%2C%22t_color%22%3A%22%23ffffff%22%2C%22h_color%22%3A%22%23ffffff%22%2C%22hl_color%22%3A%22%23ffffff%22%7D%5D&#8221; nav_align=&#8221;cesis_owl_nav_center&#8221; el_class=&#8221;cesis_owl_nav_left&#8221; col_mobile=&#8221;1&#8243;][\/vc_column][\/vc_row][vc_row content_placement=&#8221;middle&#8221; css=&#8221;.vc_custom_1507612445055{padding-top: 80px !important;padding-bottom: 80px !important;}&#8221;][vc_column][vc_custom_heading text=&#8221;Cobertura Internacional&#8221; font_container=&#8221;tag:h2|font_size:25|text_align:center|line_height:1.2em&#8221; text_resize=&#8221;yes&#8221; text_minimum=&#8221;22&#8243; google_fonts=&#8221;font_family:Open%20Sans%3A300%2C300italic%2Cregular%2Citalic%2C600%2C600italic%2C700%2C700italic%2C800%2C800italic|font_style:600%20bold%20regular%3A600%3Anormal&#8221; css_animation=&#8221;fadeIn&#8221; delay=&#8221;7&#8243; css=&#8221;.vc_custom_1756349554045{margin-bottom: 36px !important;}&#8221;][vc_media_grid element_width=&#8221;12&#8243; item=&#8221;masonryGrid_WithSideContent&#8221; grid_id=&#8221;vc_gid:1756790051193-7ea05e2a-19d0-6&#8243; include=&#8221;10384,10386,10450,10385,10387,10448,10451,10447&#8243;][\/vc_column][\/vc_row]<\/p>\n","protected":false},"excerpt":{"rendered":"<p>[vc_row equal_height=&#8221;yes&#8221; content_placement=&#8221;middle&#8221;][vc_column css_animation=&#8221;top-to-bottom&#8221;][vc_empty_space height=&#8221;30&#8243;][vc_wp_search][vc_column_text css_animation=&#8221;fadeIn&#8221; delay=&#8221;3&#8243;] \u00bfQuienes somos? Brainstore Latinoam\u00e9rica, es una marca comercial perteneciente a Grupo BSM, cuya compa\u00f1\u00eda principal es BSM Compa\u00f1\u00eda Internacional Multiservicios SA; Misma que se encuentra legalmente constituida en la Ciudad de M\u00e9xico. Cuenta con mas de 10 a\u00f1os de especializaci\u00f3n en la prestaci\u00f3n de servicios y soluciones operativas\u00a0a [&hellip;]<\/p>\n","protected":false},"author":1,"featured_media":0,"parent":0,"menu_order":14,"comment_status":"closed","ping_status":"closed","template":"","meta":[],"yoast_head":"<!-- This site is optimized with the Yoast SEO plugin v15.9 - https:\/\/yoast.com\/wordpress\/plugins\/seo\/ -->\n<title>Proveedores en M\u00e9xico y Latinoamerica, su alianza comercial estrat\u00e9gica<\/title>\n<meta name=\"description\" content=\"Solicite cualquier producto o servicio en M\u00e9xico y Latinoam\u00e9rica. Sin complicaciones ni costos de exportaci\u00f3n. Proveedores especializados\" \/>\n<meta name=\"robots\" content=\"index, follow, max-snippet:-1, max-image-preview:large, max-video-preview:-1\" \/>\n<link rel=\"canonical\" href=\"https:\/\/brainstore.com.mx\/\" \/>\n<meta property=\"og:locale\" content=\"es_MX\" \/>\n<meta property=\"og:type\" content=\"article\" \/>\n<meta property=\"og:title\" content=\"Proveedores en M\u00e9xico y Latinoamerica, su alianza comercial estrat\u00e9gica\" \/>\n<meta property=\"og:description\" content=\"Solicite cualquier producto o servicio en M\u00e9xico y Latinoam\u00e9rica. Sin complicaciones ni costos de exportaci\u00f3n. Proveedores especializados\" \/>\n<meta property=\"og:url\" content=\"https:\/\/brainstore.com.mx\/\" \/>\n<meta property=\"og:site_name\" content=\"Brain Store\" \/>\n<meta property=\"article:publisher\" content=\"https:\/\/www.facebook.com\/brainstoremx\/\" \/>\n<meta property=\"article:modified_time\" content=\"2025-09-02T05:15:18+00:00\" \/>\n<meta name=\"twitter:card\" content=\"summary_large_image\" \/>\n<meta name=\"twitter:label1\" content=\"Tiempo de lectura\">\n\t<meta name=\"twitter:data1\" content=\"2 minutos\">\n<script type=\"application\/ld+json\" class=\"yoast-schema-graph\">{\"@context\":\"https:\/\/schema.org\",\"@graph\":[{\"@type\":\"Organization\",\"@id\":\"https:\/\/brainstore.com.mx\/#organization\",\"name\":\"BRAIN STORE\",\"url\":\"https:\/\/brainstore.com.mx\/\",\"sameAs\":[\"https:\/\/www.facebook.com\/brainstoremx\/\",\"https:\/\/www.linkedin.com\/organization-guest\/company\/brainstore-soluciones-empresariales?challengeId=AQFFTWIZtGeYbAAAAXObhNynGsrNMCCiSF_2EOtAMNY4iQ12tT6IezYHLU5OKTnHBLZnWaGZjTGoZvweYLxXQkK85kBoy5IBjA&amp;amp;amp;amp;amp;amp;submissionId=7aa7c3ff-c747-2616-8f9f-43e49eb5c53f\"],\"logo\":{\"@type\":\"ImageObject\",\"@id\":\"https:\/\/brainstore.com.mx\/#logo\",\"inLanguage\":\"es-MX\",\"url\":\"https:\/\/brainstore.com.mx\/wp-content\/uploads\/2018\/11\/Brain-Store-logo.png\",\"width\":507,\"height\":169,\"caption\":\"BRAIN STORE\"},\"image\":{\"@id\":\"https:\/\/brainstore.com.mx\/#logo\"}},{\"@type\":\"WebSite\",\"@id\":\"https:\/\/brainstore.com.mx\/#website\",\"url\":\"https:\/\/brainstore.com.mx\/\",\"name\":\"Brain Store\",\"description\":\"Soluciones Empresariales\",\"publisher\":{\"@id\":\"https:\/\/brainstore.com.mx\/#organization\"},\"potentialAction\":[{\"@type\":\"SearchAction\",\"target\":\"https:\/\/brainstore.com.mx\/?s={search_term_string}\",\"query-input\":\"required name=search_term_string\"}],\"inLanguage\":\"es-MX\"},{\"@type\":\"WebPage\",\"@id\":\"https:\/\/brainstore.com.mx\/#webpage\",\"url\":\"https:\/\/brainstore.com.mx\/\",\"name\":\"Proveedores en M\\u00e9xico y Latinoamerica, su alianza comercial estrat\\u00e9gica\",\"isPartOf\":{\"@id\":\"https:\/\/brainstore.com.mx\/#website\"},\"datePublished\":\"2017-10-10T02:40:49+00:00\",\"dateModified\":\"2025-09-02T05:15:18+00:00\",\"description\":\"Solicite cualquier producto o servicio en M\\u00e9xico y Latinoam\\u00e9rica. Sin complicaciones ni costos de exportaci\\u00f3n. Proveedores especializados\",\"breadcrumb\":{\"@id\":\"https:\/\/brainstore.com.mx\/#breadcrumb\"},\"inLanguage\":\"es-MX\",\"potentialAction\":[{\"@type\":\"ReadAction\",\"target\":[\"https:\/\/brainstore.com.mx\/\"]}]},{\"@type\":\"BreadcrumbList\",\"@id\":\"https:\/\/brainstore.com.mx\/#breadcrumb\",\"itemListElement\":[{\"@type\":\"ListItem\",\"position\":1,\"item\":{\"@type\":\"WebPage\",\"@id\":\"https:\/\/brainstore.com.mx\/\",\"url\":\"https:\/\/brainstore.com.mx\/\",\"name\":\"Inicio\"}},{\"@type\":\"ListItem\",\"position\":2,\"item\":{\"@type\":\"WebPage\",\"@id\":\"https:\/\/brainstore.com.mx\/\",\"url\":\"https:\/\/brainstore.com.mx\/\",\"name\":\"Inicio\"}}]}]}<\/script>\n<!-- \/ Yoast SEO plugin. -->","_links":{"self":[{"href":"https:\/\/brainstore.com.mx\/index.php?rest_route=\/wp\/v2\/pages\/7598"}],"collection":[{"href":"https:\/\/brainstore.com.mx\/index.php?rest_route=\/wp\/v2\/pages"}],"about":[{"href":"https:\/\/brainstore.com.mx\/index.php?rest_route=\/wp\/v2\/types\/page"}],"author":[{"embeddable":true,"href":"https:\/\/brainstore.com.mx\/index.php?rest_route=\/wp\/v2\/users\/1"}],"replies":[{"embeddable":true,"href":"https:\/\/brainstore.com.mx\/index.php?rest_route=%2Fwp%2Fv2%2Fcomments&post=7598"}],"version-history":[{"count":71,"href":"https:\/\/brainstore.com.mx\/index.php?rest_route=\/wp\/v2\/pages\/7598\/revisions"}],"predecessor-version":[{"id":10568,"href":"https:\/\/brainstore.com.mx\/index.php?rest_route=\/wp\/v2\/pages\/7598\/revisions\/10568"}],"wp:attachment":[{"href":"https:\/\/brainstore.com.mx\/index.php?rest_route=%2Fwp%2Fv2%2Fmedia&parent=7598"}],"curies":[{"name":"wp","href":"https:\/\/api.w.org\/{rel}","templated":true}]}}