{"id":7648,"date":"2017-10-10T15:49:54","date_gmt":"2017-10-10T15:49:54","guid":{"rendered":"http:\/\/cesis.co\/?page_id=7648"},"modified":"2025-08-27T21:03:11","modified_gmt":"2025-08-28T03:03:11","slug":"connect","status":"publish","type":"page","link":"https:\/\/brainstore.com.mx\/?page_id=7648","title":{"rendered":"Contacto"},"content":{"rendered":"<p>[vc_row content_placement=&#8221;middle&#8221; css=&#8221;.vc_custom_1545151595010{padding-top: 60px !important;padding-bottom: 40px !important;}&#8221;][vc_column][vc_column_text font_size=&#8221;24px&#8221; text_resize=&#8221;yes&#8221; text_minimum=&#8221;14&#8243; line_height=&#8221;1.7em&#8221;]<\/p>\n<h3 style=\"text-align: center\">\u00a1Lo que necesites, en cualquier pa\u00eds, a un click de distancia!<\/h3>\n<h3 style=\"text-align: center\"><span style=\"color: #ffcc00\">Solicita una cotizaci\u00f3n\u00a0<\/span><\/h3>\n<p>[\/vc_column_text][\/vc_column][\/vc_row][vc_row full_width=&#8221;stretch_row&#8221; css=&#8221;.vc_custom_1507650466163{padding-top: 80px !important;padding-bottom: 80px !important;background-color: #f4f4f4 !important;}&#8221;][vc_column width=&#8221;2\/3&#8243;][cesis_cf7 contact_id=&#8221;7&#8243; f_space=&#8221;cesis_cf7_small&#8221; f_radius=&#8221;10&#8243; button_type=&#8221;custom&#8221; btn_size=&#8221;cesis_cf7_medium_btn&#8221; btn_width=&#8221;cesis_cf7_fw_btn&#8221; btn_radius=&#8221;10&#8243; button_text_color=&#8221;#ffffff&#8221; button_bg_color=&#8221;#bf9918&#8243; button_border_color=&#8221;#bf9918&#8243; button_h_text_color=&#8221;#ffffff&#8221; button_h_bg_color=&#8221;#2a2d2e&#8221; button_h_border_color=&#8221;#2a2d2e&#8221;][\/vc_column][vc_column width=&#8221;1\/3&#8243;][vc_custom_heading text=&#8221;Informaci\u00f3n de Contacto&#8221; text_transform=&#8221;cesis_text_transform_uppercase&#8221; use_theme_fonts=&#8221;yes&#8221;][cesis_icon_list values=&#8221;%5B%7B%22icon%22%3A%22fa-whatsapp2%22%2C%22heading%22%3A%22WhatsApp%22%2C%22text%22%3A%22%2B52%2055%206506%207332%22%7D%2C%7B%22icon%22%3A%22fa-phone2%22%2C%22heading%22%3A%22Oficina%22%2C%22text%22%3A%22%2B52%2055%206506%207332%22%7D%2C%7B%22icon%22%3A%22fa-location2%22%2C%22heading%22%3A%22Ubicaci%C3%B3n%22%2C%22text%22%3A%22Leibnitz%20270%2C%20Anzures%20CDMX%22%7D%2C%7B%22icon%22%3A%22fa-mail%22%2C%22heading%22%3A%22Correo%22%2C%22text%22%3A%22team-bsm%40brainstore.com.mx%22%7D%5D&#8221;][\/vc_column][\/vc_row][vc_row full_width=&#8221;stretch_row_content_no_spaces&#8221;][vc_column][vc_gmaps link=&#8221;#E-8_JTNDaWZyYW1lJTIwc3JjJTNEJTIyaHR0cHMlM0ElMkYlMkZ3d3cuZ29vZ2xlLmNvbSUyRm1hcHMlMkZlbWJlZCUzRnBiJTNEJTIxMW0xOCUyMTFtMTIlMjExbTMlMjExZDM3NjIuNDY2MTU4NTA0ODQ0OCUyMTJkLTk5LjE4MjE4Mzc4NTI4MDMyJTIxM2QxOS40MzU0NTg0ODY4ODI3NCUyMTJtMyUyMTFmMCUyMTJmMCUyMTNmMCUyMTNtMiUyMTFpMTAyNCUyMTJpNzY4JTIxNGYxMy4xJTIxM20zJTIxMW0yJTIxMXMweDg1ZDFmOGFkOTQxMGQzM2IlMjUzQTB4MjcxMmNhMWI2ZmFjNTkxYSUyMTJzTGVpYm5pdHolMjUyMDI3MCUyNTJDJTI1MjBBbnp1cmVzJTI1MkMlMjUyME1pZ3VlbCUyNTIwSGlkYWxnbyUyNTJDJTI1MjAxMTU5MCUyNTIwQ2l1ZGFkJTI1MjBkZSUyNTIwTSUyNUMzJTI1QTl4aWNvJTI1MkMlMjUyMENETVglMjE1ZTAlMjEzbTIlMjExc2VzLTQxOSUyMTJzbXglMjE0djE1ODE2OTg1OTI3MjQlMjE1bTIlMjExc2VzLTQxOSUyMTJzbXglMjIlMjB3aWR0aCUzRCUyMjYwMCUyMiUyMGhlaWdodCUzRCUyMjQ1MCUyMiUyMGZyYW1lYm9yZGVyJTNEJTIyMCUyMiUyMHN0eWxlJTNEJTIyYm9yZGVyJTNBMCUzQiUyMiUyMGFsbG93ZnVsbHNjcmVlbiUzRCUyMiUyMiUzRSUzQyUyRmlmcmFtZSUzRQ==&#8221;][\/vc_column][\/vc_row]<\/p>\n","protected":false},"excerpt":{"rendered":"<p>[vc_row content_placement=&#8221;middle&#8221; css=&#8221;.vc_custom_1545151595010{padding-top: 60px !important;padding-bottom: 40px !important;}&#8221;][vc_column][vc_column_text font_size=&#8221;24px&#8221; text_resize=&#8221;yes&#8221; text_minimum=&#8221;14&#8243; line_height=&#8221;1.7em&#8221;] \u00a1Lo que necesites, en cualquier pa\u00eds, a un click de distancia! Solicita una cotizaci\u00f3n\u00a0 [\/vc_column_text][\/vc_column][\/vc_row][vc_row full_width=&#8221;stretch_row&#8221; css=&#8221;.vc_custom_1507650466163{padding-top: 80px !important;padding-bottom: 80px !important;background-color: #f4f4f4 !important;}&#8221;][vc_column width=&#8221;2\/3&#8243;][cesis_cf7 contact_id=&#8221;7&#8243; f_space=&#8221;cesis_cf7_small&#8221; f_radius=&#8221;10&#8243; button_type=&#8221;custom&#8221; btn_size=&#8221;cesis_cf7_medium_btn&#8221; btn_width=&#8221;cesis_cf7_fw_btn&#8221; btn_radius=&#8221;10&#8243; button_text_color=&#8221;#ffffff&#8221; button_bg_color=&#8221;#bf9918&#8243; button_border_color=&#8221;#bf9918&#8243; button_h_text_color=&#8221;#ffffff&#8221; button_h_bg_color=&#8221;#2a2d2e&#8221; button_h_border_color=&#8221;#2a2d2e&#8221;][\/vc_column][vc_column width=&#8221;1\/3&#8243;][vc_custom_heading text=&#8221;Informaci\u00f3n de Contacto&#8221; text_transform=&#8221;cesis_text_transform_uppercase&#8221; use_theme_fonts=&#8221;yes&#8221;][cesis_icon_list values=&#8221;%5B%7B%22icon%22%3A%22fa-whatsapp2%22%2C%22heading%22%3A%22WhatsApp%22%2C%22text%22%3A%22%2B52%2055%206506%207332%22%7D%2C%7B%22icon%22%3A%22fa-phone2%22%2C%22heading%22%3A%22Oficina%22%2C%22text%22%3A%22%2B52%2055%206506%207332%22%7D%2C%7B%22icon%22%3A%22fa-location2%22%2C%22heading%22%3A%22Ubicaci%C3%B3n%22%2C%22text%22%3A%22Leibnitz%20270%2C%20Anzures%20CDMX%22%7D%2C%7B%22icon%22%3A%22fa-mail%22%2C%22heading%22%3A%22Correo%22%2C%22text%22%3A%22team-bsm%40brainstore.com.mx%22%7D%5D&#8221;][\/vc_column][\/vc_row][vc_row [&hellip;]<\/p>\n","protected":false},"author":1,"featured_media":0,"parent":0,"menu_order":3,"comment_status":"closed","ping_status":"closed","template":"","meta":[],"yoast_head":"<!-- This site is optimized with the Yoast SEO plugin v15.9 - https:\/\/yoast.com\/wordpress\/plugins\/seo\/ -->\n<title>Brainstore Latam, Proveedores en M\u00e9xico y Latinoam\u00e9rica- Connect Now<\/title>\n<meta name=\"description\" content=\"Brainstore Latam, su socio estrat\u00e9gico en M\u00e9xico y Latinoam\u00e9rica para compras, logistica, transporte y expansi\u00f3n comercial. Proveedores 360\" \/>\n<meta name=\"robots\" content=\"index, follow, max-snippet:-1, max-image-preview:large, max-video-preview:-1\" \/>\n<link rel=\"canonical\" href=\"https:\/\/brainstore.com.mx\/?page_id=7648\" \/>\n<meta property=\"og:locale\" content=\"es_MX\" \/>\n<meta property=\"og:type\" content=\"article\" \/>\n<meta property=\"og:title\" content=\"Brainstore Latam, Proveedores en M\u00e9xico y Latinoam\u00e9rica- Connect Now\" \/>\n<meta property=\"og:description\" content=\"Brainstore Latam, su socio estrat\u00e9gico en M\u00e9xico y Latinoam\u00e9rica para compras, logistica, transporte y expansi\u00f3n comercial. Proveedores 360\" \/>\n<meta property=\"og:url\" content=\"https:\/\/brainstore.com.mx\/?page_id=7648\" \/>\n<meta property=\"og:site_name\" content=\"Brain Store\" \/>\n<meta property=\"article:publisher\" content=\"https:\/\/www.facebook.com\/brainstoremx\/\" \/>\n<meta property=\"article:modified_time\" content=\"2025-08-28T03:03:11+00:00\" \/>\n<meta name=\"twitter:card\" content=\"summary_large_image\" \/>\n<meta name=\"twitter:label1\" content=\"Tiempo de lectura\">\n\t<meta name=\"twitter:data1\" content=\"1 minuto\">\n<script type=\"application\/ld+json\" class=\"yoast-schema-graph\">{\"@context\":\"https:\/\/schema.org\",\"@graph\":[{\"@type\":\"Organization\",\"@id\":\"https:\/\/brainstore.com.mx\/#organization\",\"name\":\"BRAIN STORE\",\"url\":\"https:\/\/brainstore.com.mx\/\",\"sameAs\":[\"https:\/\/www.facebook.com\/brainstoremx\/\",\"https:\/\/www.linkedin.com\/organization-guest\/company\/brainstore-soluciones-empresariales?challengeId=AQFFTWIZtGeYbAAAAXObhNynGsrNMCCiSF_2EOtAMNY4iQ12tT6IezYHLU5OKTnHBLZnWaGZjTGoZvweYLxXQkK85kBoy5IBjA&amp;amp;amp;amp;amp;amp;submissionId=7aa7c3ff-c747-2616-8f9f-43e49eb5c53f\"],\"logo\":{\"@type\":\"ImageObject\",\"@id\":\"https:\/\/brainstore.com.mx\/#logo\",\"inLanguage\":\"es-MX\",\"url\":\"https:\/\/brainstore.com.mx\/wp-content\/uploads\/2018\/11\/Brain-Store-logo.png\",\"width\":507,\"height\":169,\"caption\":\"BRAIN STORE\"},\"image\":{\"@id\":\"https:\/\/brainstore.com.mx\/#logo\"}},{\"@type\":\"WebSite\",\"@id\":\"https:\/\/brainstore.com.mx\/#website\",\"url\":\"https:\/\/brainstore.com.mx\/\",\"name\":\"Brain Store\",\"description\":\"Soluciones Empresariales\",\"publisher\":{\"@id\":\"https:\/\/brainstore.com.mx\/#organization\"},\"potentialAction\":[{\"@type\":\"SearchAction\",\"target\":\"https:\/\/brainstore.com.mx\/?s={search_term_string}\",\"query-input\":\"required name=search_term_string\"}],\"inLanguage\":\"es-MX\"},{\"@type\":\"WebPage\",\"@id\":\"https:\/\/brainstore.com.mx\/?page_id=7648#webpage\",\"url\":\"https:\/\/brainstore.com.mx\/?page_id=7648\",\"name\":\"Brainstore Latam, Proveedores en M\\u00e9xico y Latinoam\\u00e9rica- Connect Now\",\"isPartOf\":{\"@id\":\"https:\/\/brainstore.com.mx\/#website\"},\"datePublished\":\"2017-10-10T15:49:54+00:00\",\"dateModified\":\"2025-08-28T03:03:11+00:00\",\"description\":\"Brainstore Latam, su socio estrat\\u00e9gico en M\\u00e9xico y Latinoam\\u00e9rica para compras, logistica, transporte y expansi\\u00f3n comercial. Proveedores 360\",\"breadcrumb\":{\"@id\":\"https:\/\/brainstore.com.mx\/?page_id=7648#breadcrumb\"},\"inLanguage\":\"es-MX\",\"potentialAction\":[{\"@type\":\"ReadAction\",\"target\":[\"https:\/\/brainstore.com.mx\/?page_id=7648\"]}]},{\"@type\":\"BreadcrumbList\",\"@id\":\"https:\/\/brainstore.com.mx\/?page_id=7648#breadcrumb\",\"itemListElement\":[{\"@type\":\"ListItem\",\"position\":1,\"item\":{\"@type\":\"WebPage\",\"@id\":\"https:\/\/brainstore.com.mx\/\",\"url\":\"https:\/\/brainstore.com.mx\/\",\"name\":\"Inicio\"}},{\"@type\":\"ListItem\",\"position\":2,\"item\":{\"@type\":\"WebPage\",\"@id\":\"https:\/\/brainstore.com.mx\/?page_id=7648\",\"url\":\"https:\/\/brainstore.com.mx\/?page_id=7648\",\"name\":\"Contacto\"}}]}]}<\/script>\n<!-- \/ Yoast SEO plugin. -->","_links":{"self":[{"href":"https:\/\/brainstore.com.mx\/index.php?rest_route=\/wp\/v2\/pages\/7648"}],"collection":[{"href":"https:\/\/brainstore.com.mx\/index.php?rest_route=\/wp\/v2\/pages"}],"about":[{"href":"https:\/\/brainstore.com.mx\/index.php?rest_route=\/wp\/v2\/types\/page"}],"author":[{"embeddable":true,"href":"https:\/\/brainstore.com.mx\/index.php?rest_route=\/wp\/v2\/users\/1"}],"replies":[{"embeddable":true,"href":"https:\/\/brainstore.com.mx\/index.php?rest_route=%2Fwp%2Fv2%2Fcomments&post=7648"}],"version-history":[{"count":14,"href":"https:\/\/brainstore.com.mx\/index.php?rest_route=\/wp\/v2\/pages\/7648\/revisions"}],"predecessor-version":[{"id":10454,"href":"https:\/\/brainstore.com.mx\/index.php?rest_route=\/wp\/v2\/pages\/7648\/revisions\/10454"}],"wp:attachment":[{"href":"https:\/\/brainstore.com.mx\/index.php?rest_route=%2Fwp%2Fv2%2Fmedia&parent=7648"}],"curies":[{"name":"wp","href":"https:\/\/api.w.org\/{rel}","templated":true}]}}