{"id":9486,"date":"2018-12-18T10:19:17","date_gmt":"2018-12-18T16:19:17","guid":{"rendered":"http:\/\/brainstore.com.mx\/?page_id=9486"},"modified":"2025-09-01T23:13:52","modified_gmt":"2025-09-02T05:13:52","slug":"servicios","status":"publish","type":"page","link":"https:\/\/brainstore.com.mx\/?page_id=9486","title":{"rendered":"Latam Direct"},"content":{"rendered":"<p>[vc_row full_width=&#8221;stretch_row_content_no_spaces&#8221;][vc_column][cesis_content_slider no_fill_content_area=&#8221;1&#8243; pag=&#8221;yes&#8221; pag_type=&#8221;cesis_owl_pag_3&#8243; pag_pos=&#8221;cesis_owl_pag_over&#8221;][vc_tta_section title=&#8221;Section 1&#8243; tab_id=&#8221;1525443113166-de07d3d0-b395a421-ee4e&#8221;][vc_row_inner content_placement=&#8221;middle&#8221; min_height=&#8221;100&#8243; min_height_units=&#8221;vh&#8221; parallax=&#8221;cesis_parallax&#8221; cesis_parallax_speed=&#8221;5&#8243; parallax_image=&#8221;10515&#8243; css=&#8221;.vc_custom_1756781682168{background-color: #1d222b !important;}&#8221;][vc_column_inner el_class=&#8221;cesis_align_a_center&#8221;][vc_custom_heading text=&#8221;Latam Direct&#8221; font_container=&#8221;tag:h2|font_size:80|text_align:center|color:%23ffffff|line_height:1.18em&#8221; text_resize=&#8221;yes&#8221; text_minimum=&#8221;32&#8243; letter_spacing=&#8221;-2&#8243; use_theme_fonts=&#8221;yes&#8221; css_animation=&#8221;fadeIn&#8221; delay=&#8221;400&#8243; css=&#8221;.vc_custom_1756497603193{margin-bottom: 0px !important;background-color: rgba(0,0,0,0.17) !important;*background-color: rgb(0,0,0) !important;}&#8221;][vc_custom_heading text=&#8221;Alianza estrat\u00e9gica en M\u00e9xico y Latinoam\u00e9rica&#8221; font_container=&#8221;tag:h3|font_size:24|text_align:center|color:%23ffffff|line_height:1.5em&#8221; google_fonts=&#8221;font_family:Quicksand%3A300%2Cregular%2C700|font_style:700%20bold%20regular%3A700%3Anormal&#8221; css_animation=&#8221;fadeInUp&#8221; delay=&#8221;650&#8243; css=&#8221;.vc_custom_1756499194127{margin-bottom: 10px !important;background-color: rgba(0,0,0,0.17) !important;*background-color: rgb(0,0,0) !important;}&#8221;][vc_empty_space][cesis_button button_text=&#8221;Connect Now&#8221; link=&#8221;https:\/\/wa.me\/525565067332\/?text=LatamDirect&#8221; target=&#8221;_blank&#8221; button_pos=&#8221;center&#8221; css_animation=&#8221;fadeIn&#8221; button_text_color=&#8221;#ffffff&#8221; button_bg_color=&#8221;#e2b51f&#8221; h_button_bg_color=&#8221;rgba(224,224,224,0.58)&#8221; h_button_border_color=&#8221;#e2b51f&#8221;][\/vc_column_inner][\/vc_row_inner][\/vc_tta_section][vc_tta_section title=&#8221;Section 2&#8243; tab_id=&#8221;1526064482083-d846b2f2-a6dea421-ee4e&#8221;][vc_row_inner equal_height=&#8221;yes&#8221; content_placement=&#8221;middle&#8221; min_height=&#8221;100&#8243; min_height_units=&#8221;vh&#8221; parallax=&#8221;cesis_parallax&#8221; cesis_parallax_speed=&#8221;5&#8243; cesis_content_effect=&#8221;cesis_row_e_fade_stick&#8221; cesis_content_effect_depth=&#8221;0.3&#8243; parallax_image=&#8221;10554&#8243; css=&#8221;.vc_custom_1756784637326{background-color: #1d222b !important;}&#8221;][vc_column_inner el_class=&#8221;cesis_align_a_center&#8221;][vc_custom_heading text=&#8221;M\u00e9xico: La conexi\u00f3n de sus negocios con Am\u00e9rica Latina&#8221; font_container=&#8221;tag:h2|font_size:80|text_align:center|color:%23ffffff|line_height:1.18em&#8221; text_resize=&#8221;yes&#8221; text_minimum=&#8221;32&#8243; letter_spacing=&#8221;-2&#8243; use_theme_fonts=&#8221;yes&#8221; css_animation=&#8221;fadeIn&#8221; delay=&#8221;400&#8243; css=&#8221;.vc_custom_1756782928939{margin-bottom: 0px !important;background-color: rgba(0,0,0,0.17) !important;*background-color: rgb(0,0,0) !important;}&#8221;][vc_empty_space][cesis_button button_text=&#8221;Connect Now&#8221; link=&#8221;https:\/\/wa.me\/525565067332\/?text=LatamDirect&#8221; target=&#8221;_blank&#8221; button_pos=&#8221;center&#8221; css_animation=&#8221;fadeInDown&#8221; button_text_color=&#8221;#ffffff&#8221; button_bg_color=&#8221;#e2b51f&#8221; h_button_bg_color=&#8221;rgba(224,224,224,0.58)&#8221; h_button_border_color=&#8221;#e2b51f&#8221;][\/vc_column_inner][\/vc_row_inner][\/vc_tta_section][\/cesis_content_slider][\/vc_column][\/vc_row][vc_row][vc_column][vc_empty_space][vc_custom_heading text=&#8221;Un solo proveedor para toda Latinoam\u00e9rica&#8221; font_container=&#8221;tag:h2|font_size:18|text_align:center&#8221; google_fonts=&#8221;font_family:Quicksand%3A300%2Cregular%2C700|font_style:700%20bold%20regular%3A700%3Anormal&#8221; css_animation=&#8221;fadeIn&#8221;][vc_custom_heading text=&#8221;Simplificamos las compras y la ejecuci\u00f3n de servicios corporativos en la regi\u00f3n.<br \/>\nLa plataforma Latam Direct centraliza la gesti\u00f3n de suministros y servicios para compa\u00f1\u00edas con operaciones en M\u00e9xico, Centro y Sudam\u00e9rica.<br \/>\nNuestro modelo permite a su compa\u00f1\u00eda, trabajar con un solo proveedor de manera simultanea en varios pa\u00edses; teniendo la oportunidad de solicitar productos locales desde cualquier parte del mundo sin costos de importaci\u00f3n.&#8221; font_container=&#8221;tag:h2|font_size:15|text_align:center&#8221; google_fonts=&#8221;font_family:Questrial%3Aregular|font_style:400%20regular%3A400%3Anormal&#8221; css_animation=&#8221;fadeIn&#8221;][vc_empty_space][\/vc_column][\/vc_row][vc_row][vc_column][cesis_line_divider color=&#8221;#f4b522&#8243;][vc_empty_space][vc_custom_heading text=&#8221;\u00bfC\u00f3mo funciona?&#8221; font_container=&#8221;tag:h2|font_size:18|text_align:center&#8221; google_fonts=&#8221;font_family:Quicksand%3A300%2Cregular%2C700|font_style:700%20bold%20regular%3A700%3Anormal&#8221; css_animation=&#8221;fadeIn&#8221;][vc_empty_space][vc_empty_space][\/vc_column][\/vc_row][vc_row][vc_column width=&#8221;1\/2&#8243;][cesis_icon_list style=&#8221;cesis_il_5&#8243; css_animation=&#8221;fadeIn&#8221; h_icon_color=&#8221;#e2b51f&#8221; values=&#8221;%5B%7B%22icon%22%3A%22fa-buddies%22%2C%22heading%22%3A%221.%20Atenci%C3%B3n%20personalizada%22%2C%22text%22%3A%22Un%20especialista%20le%20atender%C3%A1%2C%20nos%20encargaremos%20de%20gestionar%20el%20proceso%20completo%20hasta%20llegar%20al%20usuario%20final.%20Esto%20incluye%20cotizaci%C3%B3n%2C%20facturaci%C3%B3n%2C%20%20control%20de%20calidad%2C%20muestreo%2C%20almacenamiento%20y%20env%C3%ADo.%22%7D%5D&#8221; t_heading_separator=&#8221;&#8221; t_text_separator=&#8221;&#8221;][vc_empty_space][vc_empty_space][cesis_icon_list style=&#8221;cesis_il_5&#8243; css_animation=&#8221;fadeIn&#8221; h_icon_color=&#8221;#e2b51f&#8221; values=&#8221;%5B%7B%22icon%22%3A%22fa-money%22%2C%22heading%22%3A%222.%20Cotizaci%C3%B3n%22%2C%22text%22%3A%22Seleccione%20el%20servicio%20%2F%20producto%20que%20su%20compa%C3%B1%C3%ADa%20necesita%2C%20ind%C3%ADquenos%20detalles%20y%20cantidades.%20Enviaremos%20una%20propuesta%20econ%C3%B3mica%20formal%20para%20su%20aprobaci%C3%B3n.%22%7D%2C%7B%7D%5D&#8221; t_heading_separator=&#8221;&#8221; t_text_separator=&#8221;&#8221;][vc_empty_space][\/vc_column][vc_column width=&#8221;1\/2&#8243;][cesis_icon_list style=&#8221;cesis_il_5&#8243; css_animation=&#8221;fadeIn&#8221; h_icon_color=&#8221;#e2b51f&#8221; values=&#8221;%5B%7B%22icon%22%3A%22fa-bank%22%2C%22heading%22%3A%223.%20Facturaci%C3%B3n%20internacional%20flexible%22%2C%22text%22%3A%22Pague%20y%20reciba%20facturas%20internacionales%20o%20de%20manera%20local%20en%20M%C3%A9xico%2C%20Guatemala%2C%20Costa%20Rica%2C%20Colombia%20y%20Ecuador.%20En%20moneda%20nacional%20y%20con%20los%20beneficios%20fiscales%20correspondientes.%22%7D%5D&#8221; t_heading_separator=&#8221;&#8221; t_text_separator=&#8221;&#8221;][vc_empty_space][vc_empty_space][cesis_icon_list style=&#8221;cesis_il_5&#8243; css_animation=&#8221;fadeIn&#8221; h_icon_color=&#8221;#e2b51f&#8221; values=&#8221;%5B%7B%22icon%22%3A%22fa-truck2%22%2C%22heading%22%3A%224.%20Seguimiento%20confiable%22%2C%22text%22%3A%22Garantizamos%20el%20tiempo%20de%20entrega%20y%20calidad%20en%20todos%20los%20productos.%20Entregamos%20de%20manera%20local%20desde%20nuestros%20almacenes%20en%20cada%20pa%C3%ADs%3B%20podr%C3%A1%20verificar%20el%20status%20de%20su%20env%C3%ADo%20en%20cualquier%20momento.%20%22%7D%5D&#8221; t_heading_separator=&#8221;&#8221; t_text_separator=&#8221;&#8221;][\/vc_column][\/vc_row][vc_row][vc_column][vc_empty_space][vc_empty_space][cesis_line_divider color=&#8221;#f4b522&#8243;][vc_empty_space][\/vc_column][\/vc_row][vc_row][vc_column width=&#8221;1\/2&#8243;][vc_empty_space][vc_custom_heading text=&#8221;Sin costos de importaci\u00f3n \/ Exportaci\u00f3n, sin intermediarios.&#8221; font_container=&#8221;tag:h2|font_size:18|text_align:left&#8221; google_fonts=&#8221;font_family:Quicksand%3A300%2Cregular%2C700|font_style:700%20bold%20regular%3A700%3Anormal&#8221; css_animation=&#8221;fadeIn&#8221;][vc_custom_heading text=&#8221;Compre en M\u00e9xico \u2192 Entregamos en cualquier pa\u00eds de Am\u00e9rica Latina<br \/>\nCompre desde el exterior \u2192 Entregamos en M\u00e9xico<\/p>\n<p>Nuestro servicio integral combina abastecimiento confiable, log\u00edstica especial y entrega final, eliminando la complejidad del comercio crossborder.<\/p>\n<p>Contamos con personal operativo, instalaciones de primer nivel y distribuci\u00f3n autorizada en cada una de nuestras sedes en Latam; ofreciendo una experiencia de compra simple, eficiente y transparente.&#8221; font_container=&#8221;tag:h2|font_size:15|text_align:left&#8221; google_fonts=&#8221;font_family:Questrial%3Aregular|font_style:400%20regular%3A400%3Anormal&#8221; css_animation=&#8221;fadeIn&#8221;][vc_empty_space][vc_custom_heading text=&#8221;Beneficios Latam Direct&#8221; font_container=&#8221;tag:h2|font_size:18|text_align:left&#8221; google_fonts=&#8221;font_family:Quicksand%3A300%2Cregular%2C700|font_style:700%20bold%20regular%3A700%3Anormal&#8221; css_animation=&#8221;fadeIn&#8221;][vc_custom_heading text=&#8221;\u2192 Compras centralizadas<br \/>\n\u2192 Ejecuci\u00f3n de proyectos multinacionales<br \/>\n\u2192 Operaciones especializadas a la medida<br \/>\n\u2192 Sin intermediarios<br \/>\n\u2192 Expansi\u00f3n comercial sin costos extras<br \/>\n\u2192 Localizaci\u00f3n de productos especiales<br \/>\n\u2192 Facturaci\u00f3n y pagos locales&#8221; font_container=&#8221;tag:h2|font_size:15|text_align:left&#8221; google_fonts=&#8221;font_family:Questrial%3Aregular|font_style:400%20regular%3A400%3Anormal&#8221; css_animation=&#8221;fadeIn&#8221;][vc_empty_space][vc_empty_space][\/vc_column][vc_column width=&#8221;1\/2&#8243;][vc_empty_space][vc_custom_heading text=&#8221;Sedes Latam Direct&#8221; font_container=&#8221;tag:h2|font_size:22|text_align:center|color:%23e2b51f&#8221; google_fonts=&#8221;font_family:Quicksand%3A300%2Cregular%2C700|font_style:700%20bold%20regular%3A700%3Anormal&#8221; css_animation=&#8221;fadeIn&#8221;][vc_empty_space][vc_single_image image=&#8221;10526&#8243; img_size=&#8221;large&#8221; alignment=&#8221;right&#8221;][\/vc_column][\/vc_row][vc_row][vc_column][cesis_button button_text=&#8221;Connect Now&#8221; link=&#8221;https:\/\/wa.me\/525565067332\/?text=LatamDirect&#8221; target=&#8221;_blank&#8221; button_pos=&#8221;center&#8221; css_animation=&#8221;fadeIn&#8221; button_text_color=&#8221;#ffffff&#8221; button_bg_color=&#8221;#e2b51f&#8221; h_button_bg_color=&#8221;rgba(224,224,224,0.58)&#8221; h_button_border_color=&#8221;#e2b51f&#8221;][vc_empty_space][vc_empty_space][vc_empty_space][vc_empty_space][\/vc_column][\/vc_row]<\/p>\n","protected":false},"excerpt":{"rendered":"<p>[vc_row full_width=&#8221;stretch_row_content_no_spaces&#8221;][vc_column][cesis_content_slider no_fill_content_area=&#8221;1&#8243; pag=&#8221;yes&#8221; pag_type=&#8221;cesis_owl_pag_3&#8243; pag_pos=&#8221;cesis_owl_pag_over&#8221;][vc_tta_section title=&#8221;Section 1&#8243; tab_id=&#8221;1525443113166-de07d3d0-b395a421-ee4e&#8221;][vc_row_inner content_placement=&#8221;middle&#8221; min_height=&#8221;100&#8243; min_height_units=&#8221;vh&#8221; parallax=&#8221;cesis_parallax&#8221; cesis_parallax_speed=&#8221;5&#8243; parallax_image=&#8221;10515&#8243; css=&#8221;.vc_custom_1756781682168{background-color: #1d222b !important;}&#8221;][vc_column_inner el_class=&#8221;cesis_align_a_center&#8221;][vc_custom_heading text=&#8221;Latam Direct&#8221; font_container=&#8221;tag:h2|font_size:80|text_align:center|color:%23ffffff|line_height:1.18em&#8221; text_resize=&#8221;yes&#8221; text_minimum=&#8221;32&#8243; letter_spacing=&#8221;-2&#8243; use_theme_fonts=&#8221;yes&#8221; css_animation=&#8221;fadeIn&#8221; delay=&#8221;400&#8243; css=&#8221;.vc_custom_1756497603193{margin-bottom: 0px !important;background-color: rgba(0,0,0,0.17) !important;*background-color: rgb(0,0,0) !important;}&#8221;][vc_custom_heading text=&#8221;Alianza estrat\u00e9gica en M\u00e9xico y Latinoam\u00e9rica&#8221; font_container=&#8221;tag:h3|font_size:24|text_align:center|color:%23ffffff|line_height:1.5em&#8221; google_fonts=&#8221;font_family:Quicksand%3A300%2Cregular%2C700|font_style:700%20bold%20regular%3A700%3Anormal&#8221; css_animation=&#8221;fadeInUp&#8221; delay=&#8221;650&#8243; css=&#8221;.vc_custom_1756499194127{margin-bottom: 10px !important;background-color: rgba(0,0,0,0.17) !important;*background-color: rgb(0,0,0) !important;}&#8221;][vc_empty_space][cesis_button button_text=&#8221;Connect Now&#8221; link=&#8221;https:\/\/wa.me\/525565067332\/?text=LatamDirect&#8221; [&hellip;]<\/p>\n","protected":false},"author":1,"featured_media":0,"parent":0,"menu_order":17,"comment_status":"closed","ping_status":"closed","template":"","meta":[],"yoast_head":"<!-- This site is optimized with the Yoast SEO plugin v15.9 - https:\/\/yoast.com\/wordpress\/plugins\/seo\/ -->\n<title>Latam Direct &raquo; Brain Store<\/title>\n<meta name=\"robots\" content=\"index, follow, max-snippet:-1, max-image-preview:large, max-video-preview:-1\" \/>\n<link rel=\"canonical\" href=\"https:\/\/brainstore.com.mx\/?page_id=9486\" \/>\n<meta property=\"og:locale\" content=\"es_MX\" \/>\n<meta property=\"og:type\" content=\"article\" \/>\n<meta property=\"og:title\" content=\"Latam Direct &raquo; Brain Store\" \/>\n<meta property=\"og:description\" content=\"[vc_row full_width=&#8221;stretch_row_content_no_spaces&#8221;][vc_column][cesis_content_slider no_fill_content_area=&#8221;1&#8243; pag=&#8221;yes&#8221; pag_type=&#8221;cesis_owl_pag_3&#8243; pag_pos=&#8221;cesis_owl_pag_over&#8221;][vc_tta_section title=&#8221;Section 1&#8243; tab_id=&#8221;1525443113166-de07d3d0-b395a421-ee4e&#8221;][vc_row_inner content_placement=&#8221;middle&#8221; min_height=&#8221;100&#8243; min_height_units=&#8221;vh&#8221; parallax=&#8221;cesis_parallax&#8221; cesis_parallax_speed=&#8221;5&#8243; parallax_image=&#8221;10515&#8243; css=&#8221;.vc_custom_1756781682168{background-color: #1d222b !important;}&#8221;][vc_column_inner el_class=&#8221;cesis_align_a_center&#8221;][vc_custom_heading text=&#8221;Latam Direct&#8221; font_container=&#8221;tag:h2|font_size:80|text_align:center|color:%23ffffff|line_height:1.18em&#8221; text_resize=&#8221;yes&#8221; text_minimum=&#8221;32&#8243; letter_spacing=&#8221;-2&#8243; use_theme_fonts=&#8221;yes&#8221; css_animation=&#8221;fadeIn&#8221; delay=&#8221;400&#8243; css=&#8221;.vc_custom_1756497603193{margin-bottom: 0px !important;background-color: rgba(0,0,0,0.17) !important;*background-color: rgb(0,0,0) !important;}&#8221;][vc_custom_heading text=&#8221;Alianza estrat\u00e9gica en M\u00e9xico y Latinoam\u00e9rica&#8221; font_container=&#8221;tag:h3|font_size:24|text_align:center|color:%23ffffff|line_height:1.5em&#8221; google_fonts=&#8221;font_family:Quicksand%3A300%2Cregular%2C700|font_style:700%20bold%20regular%3A700%3Anormal&#8221; css_animation=&#8221;fadeInUp&#8221; delay=&#8221;650&#8243; css=&#8221;.vc_custom_1756499194127{margin-bottom: 10px !important;background-color: rgba(0,0,0,0.17) !important;*background-color: rgb(0,0,0) !important;}&#8221;][vc_empty_space][cesis_button button_text=&#8221;Connect Now&#8221; link=&#8221;https:\/\/wa.me\/525565067332\/?text=LatamDirect&#8221; [&hellip;]\" \/>\n<meta property=\"og:url\" content=\"https:\/\/brainstore.com.mx\/?page_id=9486\" \/>\n<meta property=\"og:site_name\" content=\"Brain Store\" \/>\n<meta property=\"article:publisher\" content=\"https:\/\/www.facebook.com\/brainstoremx\/\" \/>\n<meta property=\"article:modified_time\" content=\"2025-09-02T05:13:52+00:00\" \/>\n<meta name=\"twitter:card\" content=\"summary_large_image\" \/>\n<meta name=\"twitter:label1\" content=\"Tiempo de lectura\">\n\t<meta name=\"twitter:data1\" content=\"2 minutos\">\n<script type=\"application\/ld+json\" class=\"yoast-schema-graph\">{\"@context\":\"https:\/\/schema.org\",\"@graph\":[{\"@type\":\"Organization\",\"@id\":\"https:\/\/brainstore.com.mx\/#organization\",\"name\":\"BRAIN STORE\",\"url\":\"https:\/\/brainstore.com.mx\/\",\"sameAs\":[\"https:\/\/www.facebook.com\/brainstoremx\/\",\"https:\/\/www.linkedin.com\/organization-guest\/company\/brainstore-soluciones-empresariales?challengeId=AQFFTWIZtGeYbAAAAXObhNynGsrNMCCiSF_2EOtAMNY4iQ12tT6IezYHLU5OKTnHBLZnWaGZjTGoZvweYLxXQkK85kBoy5IBjA&amp;amp;amp;amp;amp;amp;submissionId=7aa7c3ff-c747-2616-8f9f-43e49eb5c53f\"],\"logo\":{\"@type\":\"ImageObject\",\"@id\":\"https:\/\/brainstore.com.mx\/#logo\",\"inLanguage\":\"es-MX\",\"url\":\"https:\/\/brainstore.com.mx\/wp-content\/uploads\/2018\/11\/Brain-Store-logo.png\",\"width\":507,\"height\":169,\"caption\":\"BRAIN STORE\"},\"image\":{\"@id\":\"https:\/\/brainstore.com.mx\/#logo\"}},{\"@type\":\"WebSite\",\"@id\":\"https:\/\/brainstore.com.mx\/#website\",\"url\":\"https:\/\/brainstore.com.mx\/\",\"name\":\"Brain Store\",\"description\":\"Soluciones Empresariales\",\"publisher\":{\"@id\":\"https:\/\/brainstore.com.mx\/#organization\"},\"potentialAction\":[{\"@type\":\"SearchAction\",\"target\":\"https:\/\/brainstore.com.mx\/?s={search_term_string}\",\"query-input\":\"required name=search_term_string\"}],\"inLanguage\":\"es-MX\"},{\"@type\":\"WebPage\",\"@id\":\"https:\/\/brainstore.com.mx\/?page_id=9486#webpage\",\"url\":\"https:\/\/brainstore.com.mx\/?page_id=9486\",\"name\":\"Latam Direct &raquo; Brain Store\",\"isPartOf\":{\"@id\":\"https:\/\/brainstore.com.mx\/#website\"},\"datePublished\":\"2018-12-18T16:19:17+00:00\",\"dateModified\":\"2025-09-02T05:13:52+00:00\",\"breadcrumb\":{\"@id\":\"https:\/\/brainstore.com.mx\/?page_id=9486#breadcrumb\"},\"inLanguage\":\"es-MX\",\"potentialAction\":[{\"@type\":\"ReadAction\",\"target\":[\"https:\/\/brainstore.com.mx\/?page_id=9486\"]}]},{\"@type\":\"BreadcrumbList\",\"@id\":\"https:\/\/brainstore.com.mx\/?page_id=9486#breadcrumb\",\"itemListElement\":[{\"@type\":\"ListItem\",\"position\":1,\"item\":{\"@type\":\"WebPage\",\"@id\":\"https:\/\/brainstore.com.mx\/\",\"url\":\"https:\/\/brainstore.com.mx\/\",\"name\":\"Inicio\"}},{\"@type\":\"ListItem\",\"position\":2,\"item\":{\"@type\":\"WebPage\",\"@id\":\"https:\/\/brainstore.com.mx\/?page_id=9486\",\"url\":\"https:\/\/brainstore.com.mx\/?page_id=9486\",\"name\":\"Latam Direct\"}}]}]}<\/script>\n<!-- \/ Yoast SEO plugin. -->","_links":{"self":[{"href":"https:\/\/brainstore.com.mx\/index.php?rest_route=\/wp\/v2\/pages\/9486"}],"collection":[{"href":"https:\/\/brainstore.com.mx\/index.php?rest_route=\/wp\/v2\/pages"}],"about":[{"href":"https:\/\/brainstore.com.mx\/index.php?rest_route=\/wp\/v2\/types\/page"}],"author":[{"embeddable":true,"href":"https:\/\/brainstore.com.mx\/index.php?rest_route=\/wp\/v2\/users\/1"}],"replies":[{"embeddable":true,"href":"https:\/\/brainstore.com.mx\/index.php?rest_route=%2Fwp%2Fv2%2Fcomments&post=9486"}],"version-history":[{"count":42,"href":"https:\/\/brainstore.com.mx\/index.php?rest_route=\/wp\/v2\/pages\/9486\/revisions"}],"predecessor-version":[{"id":10566,"href":"https:\/\/brainstore.com.mx\/index.php?rest_route=\/wp\/v2\/pages\/9486\/revisions\/10566"}],"wp:attachment":[{"href":"https:\/\/brainstore.com.mx\/index.php?rest_route=%2Fwp%2Fv2%2Fmedia&parent=9486"}],"curies":[{"name":"wp","href":"https:\/\/api.w.org\/{rel}","templated":true}]}}