{"id":9592,"date":"2019-12-19T15:28:45","date_gmt":"2019-12-19T21:28:45","guid":{"rendered":"http:\/\/brainstore.com.mx\/?page_id=9592"},"modified":"2025-09-01T23:27:13","modified_gmt":"2025-09-02T05:27:13","slug":"cadena-de-suministros","status":"publish","type":"page","link":"https:\/\/brainstore.com.mx\/?page_id=9592","title":{"rendered":"Cadena de suministros"},"content":{"rendered":"<p>[vc_row full_width=&#8221;stretch_row&#8221; min_height=&#8221;70&#8243; min_height_units=&#8221;vh&#8221; parallax=&#8221;cesis_parallax&#8221; parallax_image=&#8221;10480&#8243; cesis_parallax_speed=&#8221;1.2&#8243; cesis_content_effect=&#8221;cesis_row_e_fade_stick&#8221; cesis_content_effect_depth=&#8221;0.9&#8243; content_placement=&#8221;middle&#8221; css=&#8221;.vc_custom_1756346922490{padding-top: 80px !important;padding-bottom: 80px !important;background-color: #3a3a3a !important;}&#8221;][vc_column][vc_custom_heading text=&#8221;Cadena de suministros&#8221; font_container=&#8221;tag:h2|font_size:80px|text_align:center|color:%23ffffff|line_height:normal&#8221; text_resize=&#8221;yes&#8221; text_minimum=&#8221;30&#8243; text_transform=&#8221;cesis_text_transform_uppercase&#8221; google_fonts=&#8221;font_family:Quattrocento%20Sans%3Aregular%2Citalic%2C700%2C700italic|font_style:700%20bold%20regular%3A700%3Anormal&#8221; css_animation=&#8221;fadeInDown&#8221; delay=&#8221;300&#8243; css=&#8221;.vc_custom_1756514033501{margin-bottom: 8px !important;}&#8221;][vc_custom_heading text=&#8221;Proveemos mas de 150,000 productos de las mejores marcas y principales categor\u00edas en cualquier pa\u00eds de Latinoam\u00e9rica.&#8221; font_container=&#8221;tag:h2|font_size:16px|text_align:center|color:%23ffffff|line_height:normal&#8221; google_fonts=&#8221;font_family:Quicksand%3A300%2Cregular%2C700|font_style:300%20light%20regular%3A300%3Anormal&#8221; css_animation=&#8221;fadeIn&#8221; delay=&#8221;500&#8243; css=&#8221;.vc_custom_1756513947437{margin-bottom: 24px !important;}&#8221;][cesis_button button_text=&#8221;Connect Now&#8221; link=&#8221;https:\/\/wa.me\/525565067332\/?text=SuministrosBrainstore&#8221; button_pos=&#8221;center&#8221; button_size=&#8221;cesis_button_custom&#8221; button_width=&#8221;160px&#8221; button_height=&#8221;48px&#8221; button_radius=&#8221;4&#8243; css_animation=&#8221;fadeInUp&#8221; delay=&#8221;700&#8243; button_text_color=&#8221;#ffffff&#8221; button_bg_color=&#8221;#e2b51f&#8221; button_border_color=&#8221;#ffffff&#8221; h_button_text_color=&#8221;#ffffff&#8221; h_button_bg_color=&#8221;rgba(224,224,224,0.58)&#8221; h_button_border_color=&#8221;#ffffff&#8221; button_f_size=&#8221;15px&#8221; button_f_weight=&#8221;500&#8243; button_t_transform=&#8221;none&#8221;][\/vc_column][\/vc_row][vc_row][vc_column][vc_empty_space][vc_column_text css_animation=&#8221;fadeIn&#8221;]<\/p>\n<h2 style=\"text-align: center\">L\u00edneas de Negocio<\/h2>\n<h2><\/h2>\n<p>[\/vc_column_text][\/vc_column][\/vc_row][vc_row][vc_column width=&#8221;1\/4&#8243;][cesis_flip_box text_align=&#8221;left&#8221; use_icon=&#8221;yes&#8221; i_size=&#8221;50&#8243; heading=&#8221;Tecnolog\u00eda&#8221; text=&#8221;Equipamiento tecnol\u00f3gico y electronico &gt;&#8221; back_heading=&#8221;Categor\u00edas&#8221; back_text=&#8221;&gt; Equipos de computo<br \/>\n&gt; Telefon\u00eda y accesorios<br \/>\n&gt; Audio y video<br \/>\n&gt; Gaming<br \/>\n&gt; Linea Blanca<br \/>\n&gt; Licencias y software&#8221; use_button=&#8221;&#8221; css_animation=&#8221;none&#8221; box_front_border_color=&#8221;#ffffff&#8221; icon_color=&#8221;#e2b51f&#8221; heading_f_size=&#8221;16px&#8221; text_f_size=&#8221;16px&#8221; icon=&#8221;fa-laptop&#8221;][\/vc_column][vc_column width=&#8221;1\/4&#8243;][cesis_flip_box text_align=&#8221;left&#8221; use_icon=&#8221;yes&#8221; i_size=&#8221;50&#8243; heading=&#8221;Corporativo&#8221; text=&#8221;Art\u00edculos y consumibles para oficina &gt;&#8221; back_heading=&#8221;Categor\u00edas&#8221; back_text=&#8221;&gt; Papeler\u00eda e insumos<br \/>\n&gt; Mobiliario<br \/>\n&gt; Limpieza e higiene<br \/>\n&gt; Seguridad y se\u00f1al\u00e9tica<br \/>\n&gt; Onboarding Kits&#8221; use_button=&#8221;&#8221; css_animation=&#8221;none&#8221; box_front_border_color=&#8221;#ffffff&#8221; icon_color=&#8221;#e2b51f&#8221; heading_f_size=&#8221;16px&#8221; text_f_size=&#8221;16px&#8221; icon=&#8221;fa-office&#8221;][\/vc_column][vc_column width=&#8221;1\/4&#8243;][cesis_flip_box text_align=&#8221;left&#8221; use_icon=&#8221;yes&#8221; i_size=&#8221;50&#8243; heading=&#8221;Industria&#8221; text=&#8221;Suministros para almacenes y bodegas &gt;&#8221; back_heading=&#8221;Categor\u00edas&#8221; back_text=&#8221;&gt; Racks y almacenamiento<br \/>\n&gt; Manejo de materiales<br \/>\n&gt; Empaque y embalaje<br \/>\n&gt; Seguridad industrial y EPP<br \/>\n&gt; Servicios de log\u00edstica<br \/>\n&gt; Servicio de bodega&#8221; use_button=&#8221;&#8221; css_animation=&#8221;none&#8221; box_front_border_color=&#8221;#ffffff&#8221; icon_color=&#8221;#e2b51f&#8221; heading_f_size=&#8221;16px&#8221; text_f_size=&#8221;16px&#8221; icon=&#8221;fa-industry&#8221;][\/vc_column][vc_column width=&#8221;1\/4&#8243;][cesis_flip_box text_align=&#8221;left&#8221; use_icon=&#8221;yes&#8221; i_size=&#8221;50&#8243; heading=&#8221;HoReCa&#8221; text=&#8221;Productos para cafeter\u00edas hoteles y restaurantes &gt;&#8221; back_heading=&#8221;Categor\u00edas&#8221; back_text=&#8221;&gt; Utensilios y equipo<br \/>\n&gt; Refrigeraci\u00f3n industrial<br \/>\n&gt; Alimentos NP y bebidas<br \/>\n&gt; Hospitality y Amenities<br \/>\n&gt; Montaje y mobiliario<br \/>\n&gt; Sistemas de operaci\u00f3n&#8221; use_button=&#8221;&#8221; css_animation=&#8221;none&#8221; box_front_border_color=&#8221;#ffffff&#8221; icon_color=&#8221;#e2b51f&#8221; heading_f_size=&#8221;16px&#8221; text_f_size=&#8221;16px&#8221; icon=&#8221;fa-coffee&#8221;][\/vc_column][\/vc_row][vc_row][vc_column][vc_empty_space][cesis_button button_text=&#8221;Ver Cat\u00e1logo&#8221; link=&#8221;https:\/\/wa.me\/525565067332\/?text=SuministrosBrainstore&#8221; button_pos=&#8221;center&#8221; css_animation=&#8221;fadeIn&#8221; button_bg_color=&#8221;#e2b51f&#8221; h_button_bg_color=&#8221;rgba(224,224,224,0.58)&#8221; h_button_border_color=&#8221;#ffffff&#8221;][vc_empty_space][vc_empty_space][\/vc_column][\/vc_row]<\/p>\n","protected":false},"excerpt":{"rendered":"<p>[vc_row full_width=&#8221;stretch_row&#8221; min_height=&#8221;70&#8243; min_height_units=&#8221;vh&#8221; parallax=&#8221;cesis_parallax&#8221; parallax_image=&#8221;10480&#8243; cesis_parallax_speed=&#8221;1.2&#8243; cesis_content_effect=&#8221;cesis_row_e_fade_stick&#8221; cesis_content_effect_depth=&#8221;0.9&#8243; content_placement=&#8221;middle&#8221; css=&#8221;.vc_custom_1756346922490{padding-top: 80px !important;padding-bottom: 80px !important;background-color: #3a3a3a !important;}&#8221;][vc_column][vc_custom_heading text=&#8221;Cadena de suministros&#8221; font_container=&#8221;tag:h2|font_size:80px|text_align:center|color:%23ffffff|line_height:normal&#8221; text_resize=&#8221;yes&#8221; text_minimum=&#8221;30&#8243; text_transform=&#8221;cesis_text_transform_uppercase&#8221; google_fonts=&#8221;font_family:Quattrocento%20Sans%3Aregular%2Citalic%2C700%2C700italic|font_style:700%20bold%20regular%3A700%3Anormal&#8221; css_animation=&#8221;fadeInDown&#8221; delay=&#8221;300&#8243; css=&#8221;.vc_custom_1756514033501{margin-bottom: 8px !important;}&#8221;][vc_custom_heading text=&#8221;Proveemos mas de 150,000 productos de las mejores marcas y principales categor\u00edas en cualquier pa\u00eds de Latinoam\u00e9rica.&#8221; font_container=&#8221;tag:h2|font_size:16px|text_align:center|color:%23ffffff|line_height:normal&#8221; google_fonts=&#8221;font_family:Quicksand%3A300%2Cregular%2C700|font_style:300%20light%20regular%3A300%3Anormal&#8221; css_animation=&#8221;fadeIn&#8221; delay=&#8221;500&#8243; css=&#8221;.vc_custom_1756513947437{margin-bottom: 24px !important;}&#8221;][cesis_button button_text=&#8221;Connect [&hellip;]<\/p>\n","protected":false},"author":1,"featured_media":0,"parent":0,"menu_order":2,"comment_status":"closed","ping_status":"closed","template":"","meta":[],"yoast_head":"<!-- This site is optimized with the Yoast SEO plugin v15.9 - https:\/\/yoast.com\/wordpress\/plugins\/seo\/ -->\n<title>Cadena de suministros &raquo; Brain Store<\/title>\n<meta name=\"robots\" content=\"index, follow, max-snippet:-1, max-image-preview:large, max-video-preview:-1\" \/>\n<link rel=\"canonical\" href=\"https:\/\/brainstore.com.mx\/?page_id=9592\" \/>\n<meta property=\"og:locale\" content=\"es_MX\" \/>\n<meta property=\"og:type\" content=\"article\" \/>\n<meta property=\"og:title\" content=\"Cadena de suministros &raquo; Brain Store\" \/>\n<meta property=\"og:description\" content=\"[vc_row full_width=&#8221;stretch_row&#8221; min_height=&#8221;70&#8243; min_height_units=&#8221;vh&#8221; parallax=&#8221;cesis_parallax&#8221; parallax_image=&#8221;10480&#8243; cesis_parallax_speed=&#8221;1.2&#8243; cesis_content_effect=&#8221;cesis_row_e_fade_stick&#8221; cesis_content_effect_depth=&#8221;0.9&#8243; content_placement=&#8221;middle&#8221; css=&#8221;.vc_custom_1756346922490{padding-top: 80px !important;padding-bottom: 80px !important;background-color: #3a3a3a !important;}&#8221;][vc_column][vc_custom_heading text=&#8221;Cadena de suministros&#8221; font_container=&#8221;tag:h2|font_size:80px|text_align:center|color:%23ffffff|line_height:normal&#8221; text_resize=&#8221;yes&#8221; text_minimum=&#8221;30&#8243; text_transform=&#8221;cesis_text_transform_uppercase&#8221; google_fonts=&#8221;font_family:Quattrocento%20Sans%3Aregular%2Citalic%2C700%2C700italic|font_style:700%20bold%20regular%3A700%3Anormal&#8221; css_animation=&#8221;fadeInDown&#8221; delay=&#8221;300&#8243; css=&#8221;.vc_custom_1756514033501{margin-bottom: 8px !important;}&#8221;][vc_custom_heading text=&#8221;Proveemos mas de 150,000 productos de las mejores marcas y principales categor\u00edas en cualquier pa\u00eds de Latinoam\u00e9rica.&#8221; font_container=&#8221;tag:h2|font_size:16px|text_align:center|color:%23ffffff|line_height:normal&#8221; google_fonts=&#8221;font_family:Quicksand%3A300%2Cregular%2C700|font_style:300%20light%20regular%3A300%3Anormal&#8221; css_animation=&#8221;fadeIn&#8221; delay=&#8221;500&#8243; css=&#8221;.vc_custom_1756513947437{margin-bottom: 24px !important;}&#8221;][cesis_button button_text=&#8221;Connect [&hellip;]\" \/>\n<meta property=\"og:url\" content=\"https:\/\/brainstore.com.mx\/?page_id=9592\" \/>\n<meta property=\"og:site_name\" content=\"Brain Store\" \/>\n<meta property=\"article:publisher\" content=\"https:\/\/www.facebook.com\/brainstoremx\/\" \/>\n<meta property=\"article:modified_time\" content=\"2025-09-02T05:27:13+00:00\" \/>\n<meta name=\"twitter:card\" content=\"summary_large_image\" \/>\n<meta name=\"twitter:label1\" content=\"Tiempo de lectura\">\n\t<meta name=\"twitter:data1\" content=\"2 minutos\">\n<script type=\"application\/ld+json\" class=\"yoast-schema-graph\">{\"@context\":\"https:\/\/schema.org\",\"@graph\":[{\"@type\":\"Organization\",\"@id\":\"https:\/\/brainstore.com.mx\/#organization\",\"name\":\"BRAIN STORE\",\"url\":\"https:\/\/brainstore.com.mx\/\",\"sameAs\":[\"https:\/\/www.facebook.com\/brainstoremx\/\",\"https:\/\/www.linkedin.com\/organization-guest\/company\/brainstore-soluciones-empresariales?challengeId=AQFFTWIZtGeYbAAAAXObhNynGsrNMCCiSF_2EOtAMNY4iQ12tT6IezYHLU5OKTnHBLZnWaGZjTGoZvweYLxXQkK85kBoy5IBjA&amp;amp;amp;amp;amp;amp;submissionId=7aa7c3ff-c747-2616-8f9f-43e49eb5c53f\"],\"logo\":{\"@type\":\"ImageObject\",\"@id\":\"https:\/\/brainstore.com.mx\/#logo\",\"inLanguage\":\"es-MX\",\"url\":\"https:\/\/brainstore.com.mx\/wp-content\/uploads\/2018\/11\/Brain-Store-logo.png\",\"width\":507,\"height\":169,\"caption\":\"BRAIN STORE\"},\"image\":{\"@id\":\"https:\/\/brainstore.com.mx\/#logo\"}},{\"@type\":\"WebSite\",\"@id\":\"https:\/\/brainstore.com.mx\/#website\",\"url\":\"https:\/\/brainstore.com.mx\/\",\"name\":\"Brain Store\",\"description\":\"Soluciones Empresariales\",\"publisher\":{\"@id\":\"https:\/\/brainstore.com.mx\/#organization\"},\"potentialAction\":[{\"@type\":\"SearchAction\",\"target\":\"https:\/\/brainstore.com.mx\/?s={search_term_string}\",\"query-input\":\"required name=search_term_string\"}],\"inLanguage\":\"es-MX\"},{\"@type\":\"WebPage\",\"@id\":\"https:\/\/brainstore.com.mx\/?page_id=9592#webpage\",\"url\":\"https:\/\/brainstore.com.mx\/?page_id=9592\",\"name\":\"Cadena de suministros &raquo; Brain Store\",\"isPartOf\":{\"@id\":\"https:\/\/brainstore.com.mx\/#website\"},\"datePublished\":\"2019-12-19T21:28:45+00:00\",\"dateModified\":\"2025-09-02T05:27:13+00:00\",\"breadcrumb\":{\"@id\":\"https:\/\/brainstore.com.mx\/?page_id=9592#breadcrumb\"},\"inLanguage\":\"es-MX\",\"potentialAction\":[{\"@type\":\"ReadAction\",\"target\":[\"https:\/\/brainstore.com.mx\/?page_id=9592\"]}]},{\"@type\":\"BreadcrumbList\",\"@id\":\"https:\/\/brainstore.com.mx\/?page_id=9592#breadcrumb\",\"itemListElement\":[{\"@type\":\"ListItem\",\"position\":1,\"item\":{\"@type\":\"WebPage\",\"@id\":\"https:\/\/brainstore.com.mx\/\",\"url\":\"https:\/\/brainstore.com.mx\/\",\"name\":\"Inicio\"}},{\"@type\":\"ListItem\",\"position\":2,\"item\":{\"@type\":\"WebPage\",\"@id\":\"https:\/\/brainstore.com.mx\/?page_id=9592\",\"url\":\"https:\/\/brainstore.com.mx\/?page_id=9592\",\"name\":\"Cadena de suministros\"}}]}]}<\/script>\n<!-- \/ Yoast SEO plugin. -->","_links":{"self":[{"href":"https:\/\/brainstore.com.mx\/index.php?rest_route=\/wp\/v2\/pages\/9592"}],"collection":[{"href":"https:\/\/brainstore.com.mx\/index.php?rest_route=\/wp\/v2\/pages"}],"about":[{"href":"https:\/\/brainstore.com.mx\/index.php?rest_route=\/wp\/v2\/types\/page"}],"author":[{"embeddable":true,"href":"https:\/\/brainstore.com.mx\/index.php?rest_route=\/wp\/v2\/users\/1"}],"replies":[{"embeddable":true,"href":"https:\/\/brainstore.com.mx\/index.php?rest_route=%2Fwp%2Fv2%2Fcomments&post=9592"}],"version-history":[{"count":26,"href":"https:\/\/brainstore.com.mx\/index.php?rest_route=\/wp\/v2\/pages\/9592\/revisions"}],"predecessor-version":[{"id":10572,"href":"https:\/\/brainstore.com.mx\/index.php?rest_route=\/wp\/v2\/pages\/9592\/revisions\/10572"}],"wp:attachment":[{"href":"https:\/\/brainstore.com.mx\/index.php?rest_route=%2Fwp%2Fv2%2Fmedia&parent=9592"}],"curies":[{"name":"wp","href":"https:\/\/api.w.org\/{rel}","templated":true}]}}