{"id":9674,"date":"2020-01-02T11:51:37","date_gmt":"2020-01-02T17:51:37","guid":{"rendered":"http:\/\/brainstore.com.mx\/?page_id=9674"},"modified":"2020-03-23T10:25:41","modified_gmt":"2020-03-23T16:25:41","slug":"certificados-de-regalo","status":"publish","type":"page","link":"https:\/\/brainstore.com.mx\/?page_id=9674","title":{"rendered":"Certificados de Regalo"},"content":{"rendered":"<p>[vc_row full_width=&#8221;stretch_row&#8221; min_height=&#8221;300&#8243; parallax=&#8221;cesis_parallax&#8221; parallax_image=&#8221;7607&#8243; content_placement=&#8221;middle&#8221; disable_element=&#8221;yes&#8221; css=&#8221;.vc_custom_1577990086165{padding-top: 50px !important;padding-bottom: 50px !important;background-color: #bf9918 !important;}&#8221;][vc_column][vc_custom_heading text=&#8221;Telemarketing Corporativo&#8221; font_container=&#8221;tag:h2|font_size:72|text_align:center|color:%23ffffff|line_height:1.2em&#8221; text_resize=&#8221;yes&#8221; text_minimum=&#8221;24&#8243; google_fonts=&#8221;font_family:Open%20Sans%3A300%2C300italic%2Cregular%2Citalic%2C600%2C600italic%2C700%2C700italic%2C800%2C800italic|font_style:300%20light%20regular%3A300%3Anormal&#8221; css=&#8221;.vc_custom_1545155074563{margin-bottom: 50px !important;}&#8221;][\/vc_column][\/vc_row][vc_row][vc_column][vc_empty_space height=&#8221;50px&#8221;][\/vc_column][\/vc_row][vc_row][vc_column][vc_column_text]<\/p>\n<p style=\"text-align: justify;\"><span style=\"color: #000000;\">Incentive a sus clientes y colaboradores con recompensas digitales o f\u00edsicas canjeables de forma practica, r\u00e1pida y divertida.<\/span><\/p>\n<ul>\n<li style=\"text-align: justify;\"><span style=\"color: #000000;\">Puede solicitar gift cards de marcas especificas o certificados libres para ser canjeados en mas de 1000 marcas a nivel nacional.<\/span><\/li>\n<li style=\"text-align: justify;\"><span style=\"color: #000000;\">Solicite monederos electr\u00f3nicos que pueden ser usados en cualquier parte del mundo, en cualquier tienda online o terminal f\u00edsica.<\/span><\/li>\n<li style=\"text-align: justify;\"><span style=\"color: #000000;\">Tenemos el mejor tiempo de entrega y fee de gesti\u00f3n ajustable de acuerdo al volumen de sus pedidos mensuales.<\/span><\/li>\n<\/ul>\n<p>[\/vc_column_text][\/vc_column][\/vc_row][vc_row][vc_column][vc_empty_space height=&#8221;50px&#8221;][vc_row_inner][vc_column_inner width=&#8221;1\/4&#8243;][vc_single_image image=&#8221;9722&#8243; img_size=&#8221;full&#8221; alignment=&#8221;center&#8221;][\/vc_column_inner][vc_column_inner width=&#8221;1\/4&#8243;][vc_single_image image=&#8221;9723&#8243; img_size=&#8221;full&#8221; alignment=&#8221;center&#8221;][\/vc_column_inner][vc_column_inner width=&#8221;1\/4&#8243;][vc_single_image image=&#8221;9721&#8243; img_size=&#8221;full&#8221; alignment=&#8221;center&#8221;][\/vc_column_inner][vc_column_inner width=&#8221;1\/4&#8243;][vc_single_image image=&#8221;9724&#8243; img_size=&#8221;full&#8221; alignment=&#8221;center&#8221;][\/vc_column_inner][\/vc_row_inner][vc_row_inner][vc_column_inner width=&#8221;1\/4&#8243;][vc_custom_heading text=&#8221;Monedero Visa\/MC&#8221; font_container=&#8221;tag:h4|text_align:center|color:%23000000&#8243; use_theme_fonts=&#8221;yes&#8221;][\/vc_column_inner][vc_column_inner width=&#8221;1\/4&#8243;][vc_custom_heading text=&#8221;Tarjetas de Regalo&#8221; font_container=&#8221;tag:h4|text_align:center|color:%23000000&#8243; use_theme_fonts=&#8221;yes&#8221;][\/vc_column_inner][vc_column_inner width=&#8221;1\/4&#8243;][vc_custom_heading text=&#8221;Gift Card Personalizada&#8221; font_container=&#8221;tag:h4|text_align:center|color:%23000000&#8243; use_theme_fonts=&#8221;yes&#8221;][\/vc_column_inner][vc_column_inner width=&#8221;1\/4&#8243;][vc_custom_heading text=&#8221;Tiempo Aire de Regalo&#8221; font_container=&#8221;tag:h4|text_align:center|color:%23000000&#8243; use_theme_fonts=&#8221;yes&#8221;][\/vc_column_inner][\/vc_row_inner][vc_empty_space height=&#8221;50px&#8221;][\/vc_column][\/vc_row][vc_row full_width=&#8221;stretch_row&#8221; content_placement=&#8221;middle&#8221; disable_element=&#8221;yes&#8221;][vc_column width=&#8221;2\/3&#8243;][vc_column_text]Mejora la rentabilidad de tu negocio y dedica tu tiempo a cerrar ventas. Nosotros nos encargamos de la prospecci\u00f3n, atenci\u00f3n preventa y posventa de tus clientes m\u00e1s valiosos.<\/p>\n<p>El servicio incluye:<\/p>\n<ul>\n<li>Atenci\u00f3n personalizada a Direcci\u00f3n y Gerencia<\/li>\n<li>Ejecutivos especializados en B2B<\/li>\n<li>Oficinas y salas de juntas para atenci\u00f3n y cierre de negocios (Incluye coffee break, refresco, agua o t\u00e9)<\/li>\n<li>Atenci\u00f3n a clientes en corporativo<\/li>\n<li>Horario de atenci\u00f3n 24\/7<\/li>\n<li>IVR personalizado<\/li>\n<li>Agenda y administraci\u00f3n de clientes<\/li>\n<\/ul>\n<h2 style=\"text-align: center;\"><\/h2>\n<p>[\/vc_column_text][\/vc_column][vc_column width=&#8221;1\/3&#8243;][vc_single_image image=&#8221;9529&#8243; img_size=&#8221;full&#8221;][\/vc_column][\/vc_row][vc_row full_width=&#8221;stretch_row&#8221; content_placement=&#8221;middle&#8221; css=&#8221;.vc_custom_1576856447778{background-color: #bf9918 !important;background-position: center !important;background-repeat: no-repeat !important;background-size: cover !important;}&#8221;][vc_column][vc_empty_space height=&#8221;30px&#8221;][vc_row_inner content_placement=&#8221;middle&#8221;][vc_column_inner width=&#8221;1\/3&#8243;][vc_btn title=&#8221;Cotizar Ahora&#8221; style=&#8221;custom&#8221; custom_background=&#8221;#ffffff&#8221; custom_text=&#8221;#bf9918&#8243; align=&#8221;center&#8221; button_block=&#8221;true&#8221; link=&#8221;url:http%3A%2F%2Fbrainstore.com.mx%2F%3Fpage_id%3D9656|title:Cotizar%20Gifts%20Cards||&#8221;][\/vc_column_inner][vc_column_inner width=&#8221;2\/3&#8243;][vc_column_text]<\/p>\n<div style=\"text-align: right;\"><span style=\"color: #ffffff; font-size: 19px;\">Gracias por su inter\u00e9s en los servicios de Brainstore.\u00a0 Por favor llene el formulario y realice su petici\u00f3n, uno de nuestros ejecutivos comerciales se comunicar\u00e1 con usted<\/span><\/div>\n<p>[\/vc_column_text][\/vc_column_inner][\/vc_row_inner][vc_empty_space height=&#8221;30px&#8221;][\/vc_column][\/vc_row]<\/p>\n","protected":false},"excerpt":{"rendered":"<p>[vc_row full_width=&#8221;stretch_row&#8221; min_height=&#8221;300&#8243; parallax=&#8221;cesis_parallax&#8221; parallax_image=&#8221;7607&#8243; content_placement=&#8221;middle&#8221; disable_element=&#8221;yes&#8221; css=&#8221;.vc_custom_1577990086165{padding-top: 50px !important;padding-bottom: 50px !important;background-color: #bf9918 !important;}&#8221;][vc_column][vc_custom_heading text=&#8221;Telemarketing Corporativo&#8221; font_container=&#8221;tag:h2|font_size:72|text_align:center|color:%23ffffff|line_height:1.2em&#8221; text_resize=&#8221;yes&#8221; text_minimum=&#8221;24&#8243; google_fonts=&#8221;font_family:Open%20Sans%3A300%2C300italic%2Cregular%2Citalic%2C600%2C600italic%2C700%2C700italic%2C800%2C800italic|font_style:300%20light%20regular%3A300%3Anormal&#8221; css=&#8221;.vc_custom_1545155074563{margin-bottom: 50px !important;}&#8221;][\/vc_column][\/vc_row][vc_row][vc_column][vc_empty_space height=&#8221;50px&#8221;][\/vc_column][\/vc_row][vc_row][vc_column][vc_column_text] Incentive a sus clientes y colaboradores con recompensas digitales o f\u00edsicas canjeables de forma practica, r\u00e1pida y divertida. Puede solicitar gift cards de marcas especificas o certificados libres para ser canjeados [&hellip;]<\/p>\n","protected":false},"author":1,"featured_media":0,"parent":9486,"menu_order":0,"comment_status":"closed","ping_status":"closed","template":"","meta":[],"yoast_head":"<!-- This site is optimized with the Yoast SEO plugin v15.9 - https:\/\/yoast.com\/wordpress\/plugins\/seo\/ -->\n<title>Certificados de Regalo &raquo; Brain Store<\/title>\n<meta name=\"robots\" content=\"index, follow, max-snippet:-1, max-image-preview:large, max-video-preview:-1\" \/>\n<link rel=\"canonical\" href=\"https:\/\/brainstore.com.mx\/?page_id=9674\" \/>\n<meta property=\"og:locale\" content=\"es_MX\" \/>\n<meta property=\"og:type\" content=\"article\" \/>\n<meta property=\"og:title\" content=\"Certificados de Regalo &raquo; Brain Store\" \/>\n<meta property=\"og:description\" content=\"[vc_row full_width=&#8221;stretch_row&#8221; min_height=&#8221;300&#8243; parallax=&#8221;cesis_parallax&#8221; parallax_image=&#8221;7607&#8243; content_placement=&#8221;middle&#8221; disable_element=&#8221;yes&#8221; css=&#8221;.vc_custom_1577990086165{padding-top: 50px !important;padding-bottom: 50px !important;background-color: #bf9918 !important;}&#8221;][vc_column][vc_custom_heading text=&#8221;Telemarketing Corporativo&#8221; font_container=&#8221;tag:h2|font_size:72|text_align:center|color:%23ffffff|line_height:1.2em&#8221; text_resize=&#8221;yes&#8221; text_minimum=&#8221;24&#8243; google_fonts=&#8221;font_family:Open%20Sans%3A300%2C300italic%2Cregular%2Citalic%2C600%2C600italic%2C700%2C700italic%2C800%2C800italic|font_style:300%20light%20regular%3A300%3Anormal&#8221; css=&#8221;.vc_custom_1545155074563{margin-bottom: 50px !important;}&#8221;][\/vc_column][\/vc_row][vc_row][vc_column][vc_empty_space height=&#8221;50px&#8221;][\/vc_column][\/vc_row][vc_row][vc_column][vc_column_text] Incentive a sus clientes y colaboradores con recompensas digitales o f\u00edsicas canjeables de forma practica, r\u00e1pida y divertida. Puede solicitar gift cards de marcas especificas o certificados libres para ser canjeados [&hellip;]\" \/>\n<meta property=\"og:url\" content=\"https:\/\/brainstore.com.mx\/?page_id=9674\" \/>\n<meta property=\"og:site_name\" content=\"Brain Store\" \/>\n<meta property=\"article:publisher\" content=\"https:\/\/www.facebook.com\/brainstoremx\/\" \/>\n<meta property=\"article:modified_time\" content=\"2020-03-23T16:25:41+00:00\" \/>\n<meta name=\"twitter:card\" content=\"summary_large_image\" \/>\n<meta name=\"twitter:label1\" content=\"Tiempo de lectura\">\n\t<meta name=\"twitter:data1\" content=\"2 minutos\">\n<script type=\"application\/ld+json\" class=\"yoast-schema-graph\">{\"@context\":\"https:\/\/schema.org\",\"@graph\":[{\"@type\":\"Organization\",\"@id\":\"https:\/\/brainstore.com.mx\/#organization\",\"name\":\"BRAIN STORE\",\"url\":\"https:\/\/brainstore.com.mx\/\",\"sameAs\":[\"https:\/\/www.facebook.com\/brainstoremx\/\",\"https:\/\/www.linkedin.com\/organization-guest\/company\/brainstore-soluciones-empresariales?challengeId=AQFFTWIZtGeYbAAAAXObhNynGsrNMCCiSF_2EOtAMNY4iQ12tT6IezYHLU5OKTnHBLZnWaGZjTGoZvweYLxXQkK85kBoy5IBjA&amp;amp;amp;amp;amp;amp;submissionId=7aa7c3ff-c747-2616-8f9f-43e49eb5c53f\"],\"logo\":{\"@type\":\"ImageObject\",\"@id\":\"https:\/\/brainstore.com.mx\/#logo\",\"inLanguage\":\"es-MX\",\"url\":\"https:\/\/brainstore.com.mx\/wp-content\/uploads\/2018\/11\/Brain-Store-logo.png\",\"width\":507,\"height\":169,\"caption\":\"BRAIN STORE\"},\"image\":{\"@id\":\"https:\/\/brainstore.com.mx\/#logo\"}},{\"@type\":\"WebSite\",\"@id\":\"https:\/\/brainstore.com.mx\/#website\",\"url\":\"https:\/\/brainstore.com.mx\/\",\"name\":\"Brain Store\",\"description\":\"Soluciones Empresariales\",\"publisher\":{\"@id\":\"https:\/\/brainstore.com.mx\/#organization\"},\"potentialAction\":[{\"@type\":\"SearchAction\",\"target\":\"https:\/\/brainstore.com.mx\/?s={search_term_string}\",\"query-input\":\"required name=search_term_string\"}],\"inLanguage\":\"es-MX\"},{\"@type\":\"WebPage\",\"@id\":\"https:\/\/brainstore.com.mx\/?page_id=9674#webpage\",\"url\":\"https:\/\/brainstore.com.mx\/?page_id=9674\",\"name\":\"Certificados de Regalo &raquo; Brain Store\",\"isPartOf\":{\"@id\":\"https:\/\/brainstore.com.mx\/#website\"},\"datePublished\":\"2020-01-02T17:51:37+00:00\",\"dateModified\":\"2020-03-23T16:25:41+00:00\",\"breadcrumb\":{\"@id\":\"https:\/\/brainstore.com.mx\/?page_id=9674#breadcrumb\"},\"inLanguage\":\"es-MX\",\"potentialAction\":[{\"@type\":\"ReadAction\",\"target\":[\"https:\/\/brainstore.com.mx\/?page_id=9674\"]}]},{\"@type\":\"BreadcrumbList\",\"@id\":\"https:\/\/brainstore.com.mx\/?page_id=9674#breadcrumb\",\"itemListElement\":[{\"@type\":\"ListItem\",\"position\":1,\"item\":{\"@type\":\"WebPage\",\"@id\":\"https:\/\/brainstore.com.mx\/\",\"url\":\"https:\/\/brainstore.com.mx\/\",\"name\":\"Inicio\"}},{\"@type\":\"ListItem\",\"position\":2,\"item\":{\"@type\":\"WebPage\",\"@id\":\"https:\/\/brainstore.com.mx\/?page_id=9486\",\"url\":\"https:\/\/brainstore.com.mx\/?page_id=9486\",\"name\":\"Latam Direct\"}},{\"@type\":\"ListItem\",\"position\":3,\"item\":{\"@type\":\"WebPage\",\"@id\":\"https:\/\/brainstore.com.mx\/?page_id=9674\",\"url\":\"https:\/\/brainstore.com.mx\/?page_id=9674\",\"name\":\"Certificados de Regalo\"}}]}]}<\/script>\n<!-- \/ Yoast SEO plugin. -->","_links":{"self":[{"href":"https:\/\/brainstore.com.mx\/index.php?rest_route=\/wp\/v2\/pages\/9674"}],"collection":[{"href":"https:\/\/brainstore.com.mx\/index.php?rest_route=\/wp\/v2\/pages"}],"about":[{"href":"https:\/\/brainstore.com.mx\/index.php?rest_route=\/wp\/v2\/types\/page"}],"author":[{"embeddable":true,"href":"https:\/\/brainstore.com.mx\/index.php?rest_route=\/wp\/v2\/users\/1"}],"replies":[{"embeddable":true,"href":"https:\/\/brainstore.com.mx\/index.php?rest_route=%2Fwp%2Fv2%2Fcomments&post=9674"}],"version-history":[{"count":5,"href":"https:\/\/brainstore.com.mx\/index.php?rest_route=\/wp\/v2\/pages\/9674\/revisions"}],"predecessor-version":[{"id":10494,"href":"https:\/\/brainstore.com.mx\/index.php?rest_route=\/wp\/v2\/pages\/9674\/revisions\/10494"}],"up":[{"embeddable":true,"href":"https:\/\/brainstore.com.mx\/index.php?rest_route=\/wp\/v2\/pages\/9486"}],"wp:attachment":[{"href":"https:\/\/brainstore.com.mx\/index.php?rest_route=%2Fwp%2Fv2%2Fmedia&parent=9674"}],"curies":[{"name":"wp","href":"https:\/\/api.w.org\/{rel}","templated":true}]}}