{"id":10014,"date":"2022-12-29T21:28:45","date_gmt":"2022-12-30T03:28:45","guid":{"rendered":"http:\/\/brainstore.com.mx\/?post_type=product&#038;p=10014"},"modified":"2022-12-29T21:28:46","modified_gmt":"2022-12-30T03:28:46","slug":"dispensador-de-guantes-de-nitrilo-desechables","status":"publish","type":"product","link":"https:\/\/brainstore.com.mx\/?product=dispensador-de-guantes-de-nitrilo-desechables","title":{"rendered":"Dispensador De Guantes De Nitrilo Desechables"},"content":{"rendered":"","protected":false},"excerpt":{"rendered":"<ul>\n<li>Tip de talla: Mida en pulgadas la parte m\u00e1s ancha de la palma rodeando con una cinta m\u00e9trica para determinar la talla.<\/li>\n<li>Nitrilo azul, 4 miles\u00edmas de espesor 9.5\u2033 de largo con pu\u00f1o rolado, dos presentaciones bajo y libre de polvo. Guante desechable resistente a un rango muy amplio de sustancias qu\u00edmicas, m\u00e1s resistente que los guantes de l\u00e1tex, vinil o polietileno. Su dise\u00f1o proporciona a estos guantes comodidad y resistencia no igualado a los otros guantes convencionales desechables.<\/li>\n<li>Fabricado bajo en polvo, adem\u00e1s de ser tres veces m\u00e1s resistentes a la perforaci\u00f3n que los guantes de l\u00e1tex o vinil. Ligero, seguro y muy durable. Ideal para personas que sufren reacci\u00f3n al\u00e9rgica al l\u00e1tex natural.<\/li>\n<li>Material aceptado por la FDA para la manipulaci\u00f3n de alimentos.<\/li>\n<li>Dispensador con 100 piezas equivalentes a 50 pares.<\/li>\n<\/ul>\n","protected":false},"featured_media":10020,"comment_status":"open","ping_status":"closed","template":"","meta":[],"product_cat":[110],"product_tag":[88],"yoast_head":"<!-- This site is optimized with the Yoast SEO plugin v15.9 - https:\/\/yoast.com\/wordpress\/plugins\/seo\/ -->\n<title>Dispensador De Guantes De Nitrilo Desechables &raquo; Brain Store<\/title>\n<meta name=\"robots\" content=\"index, follow, max-snippet:-1, max-image-preview:large, max-video-preview:-1\" \/>\n<link rel=\"canonical\" href=\"https:\/\/brainstore.com.mx\/?product=dispensador-de-guantes-de-nitrilo-desechables\" \/>\n<meta property=\"og:locale\" content=\"es_MX\" \/>\n<meta property=\"og:type\" content=\"article\" \/>\n<meta property=\"og:title\" content=\"Dispensador De Guantes De Nitrilo Desechables &raquo; Brain Store\" \/>\n<meta property=\"og:description\" content=\"Tip de talla: Mida en pulgadas la parte m\u00e1s ancha de la palma rodeando con una cinta m\u00e9trica para determinar la talla.  Nitrilo azul, 4 miles\u00edmas de espesor 9.5\u2033 de largo con pu\u00f1o rolado, dos presentaciones bajo y libre de polvo. Guante desechable resistente a un rango muy amplio de sustancias qu\u00edmicas, m\u00e1s resistente que los guantes de l\u00e1tex, vinil o polietileno. Su dise\u00f1o proporciona a estos guantes comodidad y resistencia no igualado a los otros guantes convencionales desechables.  Fabricado bajo en polvo, adem\u00e1s de ser tres veces m\u00e1s resistentes a la perforaci\u00f3n que los guantes de l\u00e1tex o vinil. Ligero, seguro y muy durable. Ideal para personas que sufren reacci\u00f3n al\u00e9rgica al l\u00e1tex natural.  Material aceptado por la FDA para la manipulaci\u00f3n de alimentos.  Dispensador con 100 piezas equivalentes a 50 pares.\" \/>\n<meta property=\"og:url\" content=\"https:\/\/brainstore.com.mx\/?product=dispensador-de-guantes-de-nitrilo-desechables\" \/>\n<meta property=\"og:site_name\" content=\"Brain Store\" \/>\n<meta property=\"article:publisher\" content=\"https:\/\/www.facebook.com\/brainstoremx\/\" \/>\n<meta property=\"article:modified_time\" content=\"2022-12-30T03:28:46+00:00\" \/>\n<meta property=\"og:image\" content=\"https:\/\/brainstore.com.mx\/wp-content\/uploads\/2022\/12\/guante-de-nitrilo.png\" \/>\n\t<meta property=\"og:image:width\" content=\"800\" \/>\n\t<meta property=\"og:image:height\" content=\"800\" \/>\n<meta name=\"twitter:card\" content=\"summary_large_image\" \/>\n<script type=\"application\/ld+json\" class=\"yoast-schema-graph\">{\"@context\":\"https:\/\/schema.org\",\"@graph\":[{\"@type\":\"Organization\",\"@id\":\"https:\/\/brainstore.com.mx\/#organization\",\"name\":\"BRAIN STORE\",\"url\":\"https:\/\/brainstore.com.mx\/\",\"sameAs\":[\"https:\/\/www.facebook.com\/brainstoremx\/\",\"https:\/\/www.linkedin.com\/organization-guest\/company\/brainstore-soluciones-empresariales?challengeId=AQFFTWIZtGeYbAAAAXObhNynGsrNMCCiSF_2EOtAMNY4iQ12tT6IezYHLU5OKTnHBLZnWaGZjTGoZvweYLxXQkK85kBoy5IBjA&amp;amp;amp;amp;amp;amp;submissionId=7aa7c3ff-c747-2616-8f9f-43e49eb5c53f\"],\"logo\":{\"@type\":\"ImageObject\",\"@id\":\"https:\/\/brainstore.com.mx\/#logo\",\"inLanguage\":\"es-MX\",\"url\":\"https:\/\/brainstore.com.mx\/wp-content\/uploads\/2018\/11\/Brain-Store-logo.png\",\"width\":507,\"height\":169,\"caption\":\"BRAIN STORE\"},\"image\":{\"@id\":\"https:\/\/brainstore.com.mx\/#logo\"}},{\"@type\":\"WebSite\",\"@id\":\"https:\/\/brainstore.com.mx\/#website\",\"url\":\"https:\/\/brainstore.com.mx\/\",\"name\":\"Brain Store\",\"description\":\"Soluciones Empresariales\",\"publisher\":{\"@id\":\"https:\/\/brainstore.com.mx\/#organization\"},\"potentialAction\":[{\"@type\":\"SearchAction\",\"target\":\"https:\/\/brainstore.com.mx\/?s={search_term_string}\",\"query-input\":\"required name=search_term_string\"}],\"inLanguage\":\"es-MX\"},{\"@type\":\"ImageObject\",\"@id\":\"https:\/\/brainstore.com.mx\/?product=dispensador-de-guantes-de-nitrilo-desechables#primaryimage\",\"inLanguage\":\"es-MX\",\"url\":\"https:\/\/brainstore.com.mx\/wp-content\/uploads\/2022\/12\/guante-de-nitrilo.png\",\"width\":800,\"height\":800},{\"@type\":\"WebPage\",\"@id\":\"https:\/\/brainstore.com.mx\/?product=dispensador-de-guantes-de-nitrilo-desechables#webpage\",\"url\":\"https:\/\/brainstore.com.mx\/?product=dispensador-de-guantes-de-nitrilo-desechables\",\"name\":\"Dispensador De Guantes De Nitrilo Desechables &raquo; Brain Store\",\"isPartOf\":{\"@id\":\"https:\/\/brainstore.com.mx\/#website\"},\"primaryImageOfPage\":{\"@id\":\"https:\/\/brainstore.com.mx\/?product=dispensador-de-guantes-de-nitrilo-desechables#primaryimage\"},\"datePublished\":\"2022-12-30T03:28:45+00:00\",\"dateModified\":\"2022-12-30T03:28:46+00:00\",\"breadcrumb\":{\"@id\":\"https:\/\/brainstore.com.mx\/?product=dispensador-de-guantes-de-nitrilo-desechables#breadcrumb\"},\"inLanguage\":\"es-MX\",\"potentialAction\":[{\"@type\":\"ReadAction\",\"target\":[\"https:\/\/brainstore.com.mx\/?product=dispensador-de-guantes-de-nitrilo-desechables\"]}]},{\"@type\":\"BreadcrumbList\",\"@id\":\"https:\/\/brainstore.com.mx\/?product=dispensador-de-guantes-de-nitrilo-desechables#breadcrumb\",\"itemListElement\":[{\"@type\":\"ListItem\",\"position\":1,\"item\":{\"@type\":\"WebPage\",\"@id\":\"https:\/\/brainstore.com.mx\/\",\"url\":\"https:\/\/brainstore.com.mx\/\",\"name\":\"Inicio\"}},{\"@type\":\"ListItem\",\"position\":2,\"item\":{\"@type\":\"WebPage\",\"@id\":\"https:\/\/brainstore.com.mx\/?page_id=9779\",\"url\":\"https:\/\/brainstore.com.mx\/?page_id=9779\",\"name\":\"Tienda\"}},{\"@type\":\"ListItem\",\"position\":3,\"item\":{\"@type\":\"WebPage\",\"@id\":\"https:\/\/brainstore.com.mx\/?product=dispensador-de-guantes-de-nitrilo-desechables\",\"url\":\"https:\/\/brainstore.com.mx\/?product=dispensador-de-guantes-de-nitrilo-desechables\",\"name\":\"Dispensador De Guantes De Nitrilo Desechables\"}}]}]}<\/script>\n<!-- \/ Yoast SEO plugin. -->","_links":{"self":[{"href":"https:\/\/brainstore.com.mx\/index.php?rest_route=\/wp\/v2\/product\/10014"}],"collection":[{"href":"https:\/\/brainstore.com.mx\/index.php?rest_route=\/wp\/v2\/product"}],"about":[{"href":"https:\/\/brainstore.com.mx\/index.php?rest_route=\/wp\/v2\/types\/product"}],"replies":[{"embeddable":true,"href":"https:\/\/brainstore.com.mx\/index.php?rest_route=%2Fwp%2Fv2%2Fcomments&post=10014"}],"wp:featuredmedia":[{"embeddable":true,"href":"https:\/\/brainstore.com.mx\/index.php?rest_route=\/wp\/v2\/media\/10020"}],"wp:attachment":[{"href":"https:\/\/brainstore.com.mx\/index.php?rest_route=%2Fwp%2Fv2%2Fmedia&parent=10014"}],"wp:term":[{"taxonomy":"product_cat","embeddable":true,"href":"https:\/\/brainstore.com.mx\/index.php?rest_route=%2Fwp%2Fv2%2Fproduct_cat&post=10014"},{"taxonomy":"product_tag","embeddable":true,"href":"https:\/\/brainstore.com.mx\/index.php?rest_route=%2Fwp%2Fv2%2Fproduct_tag&post=10014"}],"curies":[{"name":"wp","href":"https:\/\/api.w.org\/{rel}","templated":true}]}}