{"id":10016,"date":"2022-12-29T21:24:42","date_gmt":"2022-12-30T03:24:42","guid":{"rendered":"http:\/\/brainstore.com.mx\/?post_type=product&#038;p=10016"},"modified":"2022-12-29T21:24:43","modified_gmt":"2022-12-30T03:24:43","slug":"guantes-de-carnaza-largos","status":"publish","type":"product","link":"https:\/\/brainstore.com.mx\/?product=guantes-de-carnaza-largos","title":{"rendered":"Guantes De Carnaza Largos"},"content":{"rendered":"","protected":false},"excerpt":{"rendered":"<ul>\n<li>Carnaza de res (vacuno) al grueso 1.3\/1.5 mm. de espesor con refuerzo interior en palma, color anilina rojo azteca, hilo calibre 30\/4 algod\u00f3n.<\/li>\n<li>La fabricaci\u00f3n de estos guantes tiene como caracter\u00edstica muy buena resistencia, lo que permite al usuario trabajar en condiciones excelentes de seguridad.<\/li>\n<li>Ideal para carga de trabajos de soldadura, manipulaci\u00f3n de madera, ladrillos, materiales de construcci\u00f3n; son guantes para trabajos multiusos y de uso especial.<\/li>\n<li>Unitalla.<\/li>\n<\/ul>\n","protected":false},"featured_media":10018,"comment_status":"open","ping_status":"closed","template":"","meta":[],"product_cat":[110],"product_tag":[88],"yoast_head":"<!-- This site is optimized with the Yoast SEO plugin v15.9 - https:\/\/yoast.com\/wordpress\/plugins\/seo\/ -->\n<title>Guantes De Carnaza Largos &raquo; Brain Store<\/title>\n<meta name=\"robots\" content=\"index, follow, max-snippet:-1, max-image-preview:large, max-video-preview:-1\" \/>\n<link rel=\"canonical\" href=\"https:\/\/brainstore.com.mx\/?product=guantes-de-carnaza-largos\" \/>\n<meta property=\"og:locale\" content=\"es_MX\" \/>\n<meta property=\"og:type\" content=\"article\" \/>\n<meta property=\"og:title\" content=\"Guantes De Carnaza Largos &raquo; Brain Store\" \/>\n<meta property=\"og:description\" content=\"Carnaza de res (vacuno) al grueso 1.3\/1.5 mm. de espesor con refuerzo interior en palma, color anilina rojo azteca, hilo calibre 30\/4 algod\u00f3n.  La fabricaci\u00f3n de estos guantes tiene como caracter\u00edstica muy buena resistencia, lo que permite al usuario trabajar en condiciones excelentes de seguridad.  Ideal para carga de trabajos de soldadura, manipulaci\u00f3n de madera, ladrillos, materiales de construcci\u00f3n; son guantes para trabajos multiusos y de uso especial.  Unitalla.\" \/>\n<meta property=\"og:url\" content=\"https:\/\/brainstore.com.mx\/?product=guantes-de-carnaza-largos\" \/>\n<meta property=\"og:site_name\" content=\"Brain Store\" \/>\n<meta property=\"article:publisher\" content=\"https:\/\/www.facebook.com\/brainstoremx\/\" \/>\n<meta property=\"article:modified_time\" content=\"2022-12-30T03:24:43+00:00\" \/>\n<meta property=\"og:image\" content=\"https:\/\/brainstore.com.mx\/wp-content\/uploads\/2022\/12\/guantes-de-carnaza.png\" \/>\n\t<meta property=\"og:image:width\" content=\"800\" \/>\n\t<meta property=\"og:image:height\" content=\"800\" \/>\n<meta name=\"twitter:card\" content=\"summary_large_image\" \/>\n<script type=\"application\/ld+json\" class=\"yoast-schema-graph\">{\"@context\":\"https:\/\/schema.org\",\"@graph\":[{\"@type\":\"Organization\",\"@id\":\"https:\/\/brainstore.com.mx\/#organization\",\"name\":\"BRAIN STORE\",\"url\":\"https:\/\/brainstore.com.mx\/\",\"sameAs\":[\"https:\/\/www.facebook.com\/brainstoremx\/\",\"https:\/\/www.linkedin.com\/organization-guest\/company\/brainstore-soluciones-empresariales?challengeId=AQFFTWIZtGeYbAAAAXObhNynGsrNMCCiSF_2EOtAMNY4iQ12tT6IezYHLU5OKTnHBLZnWaGZjTGoZvweYLxXQkK85kBoy5IBjA&amp;amp;amp;amp;amp;amp;submissionId=7aa7c3ff-c747-2616-8f9f-43e49eb5c53f\"],\"logo\":{\"@type\":\"ImageObject\",\"@id\":\"https:\/\/brainstore.com.mx\/#logo\",\"inLanguage\":\"es-MX\",\"url\":\"https:\/\/brainstore.com.mx\/wp-content\/uploads\/2018\/11\/Brain-Store-logo.png\",\"width\":507,\"height\":169,\"caption\":\"BRAIN STORE\"},\"image\":{\"@id\":\"https:\/\/brainstore.com.mx\/#logo\"}},{\"@type\":\"WebSite\",\"@id\":\"https:\/\/brainstore.com.mx\/#website\",\"url\":\"https:\/\/brainstore.com.mx\/\",\"name\":\"Brain Store\",\"description\":\"Soluciones Empresariales\",\"publisher\":{\"@id\":\"https:\/\/brainstore.com.mx\/#organization\"},\"potentialAction\":[{\"@type\":\"SearchAction\",\"target\":\"https:\/\/brainstore.com.mx\/?s={search_term_string}\",\"query-input\":\"required name=search_term_string\"}],\"inLanguage\":\"es-MX\"},{\"@type\":\"ImageObject\",\"@id\":\"https:\/\/brainstore.com.mx\/?product=guantes-de-carnaza-largos#primaryimage\",\"inLanguage\":\"es-MX\",\"url\":\"https:\/\/brainstore.com.mx\/wp-content\/uploads\/2022\/12\/guantes-de-carnaza.png\",\"width\":800,\"height\":800},{\"@type\":\"WebPage\",\"@id\":\"https:\/\/brainstore.com.mx\/?product=guantes-de-carnaza-largos#webpage\",\"url\":\"https:\/\/brainstore.com.mx\/?product=guantes-de-carnaza-largos\",\"name\":\"Guantes De Carnaza Largos &raquo; Brain Store\",\"isPartOf\":{\"@id\":\"https:\/\/brainstore.com.mx\/#website\"},\"primaryImageOfPage\":{\"@id\":\"https:\/\/brainstore.com.mx\/?product=guantes-de-carnaza-largos#primaryimage\"},\"datePublished\":\"2022-12-30T03:24:42+00:00\",\"dateModified\":\"2022-12-30T03:24:43+00:00\",\"breadcrumb\":{\"@id\":\"https:\/\/brainstore.com.mx\/?product=guantes-de-carnaza-largos#breadcrumb\"},\"inLanguage\":\"es-MX\",\"potentialAction\":[{\"@type\":\"ReadAction\",\"target\":[\"https:\/\/brainstore.com.mx\/?product=guantes-de-carnaza-largos\"]}]},{\"@type\":\"BreadcrumbList\",\"@id\":\"https:\/\/brainstore.com.mx\/?product=guantes-de-carnaza-largos#breadcrumb\",\"itemListElement\":[{\"@type\":\"ListItem\",\"position\":1,\"item\":{\"@type\":\"WebPage\",\"@id\":\"https:\/\/brainstore.com.mx\/\",\"url\":\"https:\/\/brainstore.com.mx\/\",\"name\":\"Inicio\"}},{\"@type\":\"ListItem\",\"position\":2,\"item\":{\"@type\":\"WebPage\",\"@id\":\"https:\/\/brainstore.com.mx\/?page_id=9779\",\"url\":\"https:\/\/brainstore.com.mx\/?page_id=9779\",\"name\":\"Tienda\"}},{\"@type\":\"ListItem\",\"position\":3,\"item\":{\"@type\":\"WebPage\",\"@id\":\"https:\/\/brainstore.com.mx\/?product=guantes-de-carnaza-largos\",\"url\":\"https:\/\/brainstore.com.mx\/?product=guantes-de-carnaza-largos\",\"name\":\"Guantes De Carnaza Largos\"}}]}]}<\/script>\n<!-- \/ Yoast SEO plugin. -->","_links":{"self":[{"href":"https:\/\/brainstore.com.mx\/index.php?rest_route=\/wp\/v2\/product\/10016"}],"collection":[{"href":"https:\/\/brainstore.com.mx\/index.php?rest_route=\/wp\/v2\/product"}],"about":[{"href":"https:\/\/brainstore.com.mx\/index.php?rest_route=\/wp\/v2\/types\/product"}],"replies":[{"embeddable":true,"href":"https:\/\/brainstore.com.mx\/index.php?rest_route=%2Fwp%2Fv2%2Fcomments&post=10016"}],"wp:featuredmedia":[{"embeddable":true,"href":"https:\/\/brainstore.com.mx\/index.php?rest_route=\/wp\/v2\/media\/10018"}],"wp:attachment":[{"href":"https:\/\/brainstore.com.mx\/index.php?rest_route=%2Fwp%2Fv2%2Fmedia&parent=10016"}],"wp:term":[{"taxonomy":"product_cat","embeddable":true,"href":"https:\/\/brainstore.com.mx\/index.php?rest_route=%2Fwp%2Fv2%2Fproduct_cat&post=10016"},{"taxonomy":"product_tag","embeddable":true,"href":"https:\/\/brainstore.com.mx\/index.php?rest_route=%2Fwp%2Fv2%2Fproduct_tag&post=10016"}],"curies":[{"name":"wp","href":"https:\/\/api.w.org\/{rel}","templated":true}]}}