{"id":10036,"date":"2023-01-16T20:45:54","date_gmt":"2023-01-17T02:45:54","guid":{"rendered":"http:\/\/brainstore.com.mx\/?post_type=product&#038;p=10036"},"modified":"2023-01-16T20:45:55","modified_gmt":"2023-01-17T02:45:55","slug":"sistema-de-pelicula-elastica-de-alta-calidad","status":"publish","type":"product","link":"https:\/\/brainstore.com.mx\/?product=sistema-de-pelicula-elastica-de-alta-calidad","title":{"rendered":"Sistema De Pel\u00edcula El\u00e1stica De Alta Calidad"},"content":{"rendered":"","protected":false},"excerpt":{"rendered":"<ul>\n<li>La Manera M\u00e1s R\u00e1pida Y F\u00e1cil De Envolver Tarimas.<\/li>\n<li>Liviana &#8211; No Se Necesitan Despachadores Pesados.<\/li>\n<li>Port\u00e1til &#8211; Se Puede Llevar A Cualquier Lugar Del Almac\u00e9n O En La Camioneta.<\/li>\n<li>Blown De Alto Rendimiento &#8211; Excelente Resistencia A Perforaciones.<\/li>\n<li>Cast Industrial &#8211; Silenciosa Y Transparente.<\/li>\n<li>Recomendada Para Cargas Regulares.<\/li>\n<li>20&#8243;&#8221; X 1,000&#8242;&#8221;<\/li>\n<\/ul>\n","protected":false},"featured_media":10041,"comment_status":"open","ping_status":"closed","template":"","meta":[],"product_cat":[114],"product_tag":[115],"yoast_head":"<!-- This site is optimized with the Yoast SEO plugin v15.9 - https:\/\/yoast.com\/wordpress\/plugins\/seo\/ -->\n<title>Sistema De Pel\u00edcula El\u00e1stica De Alta Calidad &raquo; Brain Store<\/title>\n<meta name=\"robots\" content=\"index, follow, max-snippet:-1, max-image-preview:large, max-video-preview:-1\" \/>\n<link rel=\"canonical\" href=\"https:\/\/brainstore.com.mx\/?product=sistema-de-pelicula-elastica-de-alta-calidad\" \/>\n<meta property=\"og:locale\" content=\"es_MX\" \/>\n<meta property=\"og:type\" content=\"article\" \/>\n<meta property=\"og:title\" content=\"Sistema De Pel\u00edcula El\u00e1stica De Alta Calidad &raquo; Brain Store\" \/>\n<meta property=\"og:description\" content=\"La Manera M\u00e1s R\u00e1pida Y F\u00e1cil De Envolver Tarimas.  Liviana - No Se Necesitan Despachadores Pesados.  Port\u00e1til - Se Puede Llevar A Cualquier Lugar Del Almac\u00e9n O En La Camioneta.  Blown De Alto Rendimiento - Excelente Resistencia A Perforaciones.  Cast Industrial - Silenciosa Y Transparente.  Recomendada Para Cargas Regulares.  20&quot;&quot; X 1,000&#039;&quot;\" \/>\n<meta property=\"og:url\" content=\"https:\/\/brainstore.com.mx\/?product=sistema-de-pelicula-elastica-de-alta-calidad\" \/>\n<meta property=\"og:site_name\" content=\"Brain Store\" \/>\n<meta property=\"article:publisher\" content=\"https:\/\/www.facebook.com\/brainstoremx\/\" \/>\n<meta property=\"article:modified_time\" content=\"2023-01-17T02:45:55+00:00\" \/>\n<meta property=\"og:image\" content=\"https:\/\/brainstore.com.mx\/wp-content\/uploads\/2023\/01\/playo.png\" \/>\n\t<meta property=\"og:image:width\" content=\"325\" \/>\n\t<meta property=\"og:image:height\" content=\"316\" \/>\n<meta name=\"twitter:card\" content=\"summary_large_image\" \/>\n<script type=\"application\/ld+json\" class=\"yoast-schema-graph\">{\"@context\":\"https:\/\/schema.org\",\"@graph\":[{\"@type\":\"Organization\",\"@id\":\"https:\/\/brainstore.com.mx\/#organization\",\"name\":\"BRAIN STORE\",\"url\":\"https:\/\/brainstore.com.mx\/\",\"sameAs\":[\"https:\/\/www.facebook.com\/brainstoremx\/\",\"https:\/\/www.linkedin.com\/organization-guest\/company\/brainstore-soluciones-empresariales?challengeId=AQFFTWIZtGeYbAAAAXObhNynGsrNMCCiSF_2EOtAMNY4iQ12tT6IezYHLU5OKTnHBLZnWaGZjTGoZvweYLxXQkK85kBoy5IBjA&amp;amp;amp;amp;amp;amp;submissionId=7aa7c3ff-c747-2616-8f9f-43e49eb5c53f\"],\"logo\":{\"@type\":\"ImageObject\",\"@id\":\"https:\/\/brainstore.com.mx\/#logo\",\"inLanguage\":\"es-MX\",\"url\":\"https:\/\/brainstore.com.mx\/wp-content\/uploads\/2018\/11\/Brain-Store-logo.png\",\"width\":507,\"height\":169,\"caption\":\"BRAIN STORE\"},\"image\":{\"@id\":\"https:\/\/brainstore.com.mx\/#logo\"}},{\"@type\":\"WebSite\",\"@id\":\"https:\/\/brainstore.com.mx\/#website\",\"url\":\"https:\/\/brainstore.com.mx\/\",\"name\":\"Brain Store\",\"description\":\"Soluciones Empresariales\",\"publisher\":{\"@id\":\"https:\/\/brainstore.com.mx\/#organization\"},\"potentialAction\":[{\"@type\":\"SearchAction\",\"target\":\"https:\/\/brainstore.com.mx\/?s={search_term_string}\",\"query-input\":\"required name=search_term_string\"}],\"inLanguage\":\"es-MX\"},{\"@type\":\"ImageObject\",\"@id\":\"https:\/\/brainstore.com.mx\/?product=sistema-de-pelicula-elastica-de-alta-calidad#primaryimage\",\"inLanguage\":\"es-MX\",\"url\":\"https:\/\/brainstore.com.mx\/wp-content\/uploads\/2023\/01\/playo.png\",\"width\":325,\"height\":316},{\"@type\":\"WebPage\",\"@id\":\"https:\/\/brainstore.com.mx\/?product=sistema-de-pelicula-elastica-de-alta-calidad#webpage\",\"url\":\"https:\/\/brainstore.com.mx\/?product=sistema-de-pelicula-elastica-de-alta-calidad\",\"name\":\"Sistema De Pel\\u00edcula El\\u00e1stica De Alta Calidad &raquo; Brain Store\",\"isPartOf\":{\"@id\":\"https:\/\/brainstore.com.mx\/#website\"},\"primaryImageOfPage\":{\"@id\":\"https:\/\/brainstore.com.mx\/?product=sistema-de-pelicula-elastica-de-alta-calidad#primaryimage\"},\"datePublished\":\"2023-01-17T02:45:54+00:00\",\"dateModified\":\"2023-01-17T02:45:55+00:00\",\"breadcrumb\":{\"@id\":\"https:\/\/brainstore.com.mx\/?product=sistema-de-pelicula-elastica-de-alta-calidad#breadcrumb\"},\"inLanguage\":\"es-MX\",\"potentialAction\":[{\"@type\":\"ReadAction\",\"target\":[\"https:\/\/brainstore.com.mx\/?product=sistema-de-pelicula-elastica-de-alta-calidad\"]}]},{\"@type\":\"BreadcrumbList\",\"@id\":\"https:\/\/brainstore.com.mx\/?product=sistema-de-pelicula-elastica-de-alta-calidad#breadcrumb\",\"itemListElement\":[{\"@type\":\"ListItem\",\"position\":1,\"item\":{\"@type\":\"WebPage\",\"@id\":\"https:\/\/brainstore.com.mx\/\",\"url\":\"https:\/\/brainstore.com.mx\/\",\"name\":\"Inicio\"}},{\"@type\":\"ListItem\",\"position\":2,\"item\":{\"@type\":\"WebPage\",\"@id\":\"https:\/\/brainstore.com.mx\/?page_id=9779\",\"url\":\"https:\/\/brainstore.com.mx\/?page_id=9779\",\"name\":\"Tienda\"}},{\"@type\":\"ListItem\",\"position\":3,\"item\":{\"@type\":\"WebPage\",\"@id\":\"https:\/\/brainstore.com.mx\/?product=sistema-de-pelicula-elastica-de-alta-calidad\",\"url\":\"https:\/\/brainstore.com.mx\/?product=sistema-de-pelicula-elastica-de-alta-calidad\",\"name\":\"Sistema De Pel\\u00edcula El\\u00e1stica De Alta Calidad\"}}]}]}<\/script>\n<!-- \/ Yoast SEO plugin. -->","_links":{"self":[{"href":"https:\/\/brainstore.com.mx\/index.php?rest_route=\/wp\/v2\/product\/10036"}],"collection":[{"href":"https:\/\/brainstore.com.mx\/index.php?rest_route=\/wp\/v2\/product"}],"about":[{"href":"https:\/\/brainstore.com.mx\/index.php?rest_route=\/wp\/v2\/types\/product"}],"replies":[{"embeddable":true,"href":"https:\/\/brainstore.com.mx\/index.php?rest_route=%2Fwp%2Fv2%2Fcomments&post=10036"}],"wp:featuredmedia":[{"embeddable":true,"href":"https:\/\/brainstore.com.mx\/index.php?rest_route=\/wp\/v2\/media\/10041"}],"wp:attachment":[{"href":"https:\/\/brainstore.com.mx\/index.php?rest_route=%2Fwp%2Fv2%2Fmedia&parent=10036"}],"wp:term":[{"taxonomy":"product_cat","embeddable":true,"href":"https:\/\/brainstore.com.mx\/index.php?rest_route=%2Fwp%2Fv2%2Fproduct_cat&post=10036"},{"taxonomy":"product_tag","embeddable":true,"href":"https:\/\/brainstore.com.mx\/index.php?rest_route=%2Fwp%2Fv2%2Fproduct_tag&post=10036"}],"curies":[{"name":"wp","href":"https:\/\/api.w.org\/{rel}","templated":true}]}}