{"id":10037,"date":"2023-01-16T20:55:06","date_gmt":"2023-01-17T02:55:06","guid":{"rendered":"http:\/\/brainstore.com.mx\/?post_type=product&#038;p=10037"},"modified":"2024-04-08T14:18:42","modified_gmt":"2024-04-08T20:18:42","slug":"cinta-adhesiva-de-pvc-para-sellado-de-cajas-grosor-2-2-mil-3-x-110-yardas-canela","status":"publish","type":"product","link":"https:\/\/brainstore.com.mx\/?product=cinta-adhesiva-de-pvc-para-sellado-de-cajas-grosor-2-2-mil-3-x-110-yardas-canela","title":{"rendered":"Cinta Adhesiva de PVC para Sellado de Cajas &#8211; Grosor 2.2 Mil, 3&#8243; x 110 yardas, Canela"},"content":{"rendered":"","protected":false},"excerpt":{"rendered":"<ul>\n<li>Sin el molesto ruido de la cinta. Aplicaci\u00f3n suave, silenciosa y pareja.<\/li>\n<li>Respaldo de pel\u00edcula de cloruro de polivinilo resistente &#8211; Menor estiramiento, m\u00e1xima resistencia a cortes y perforaciones.<\/li>\n<li>Adhesivo de goma natural se adhiere instant\u00e1neamente, incluso bajo condiciones de fr\u00edo o humedad de -18\u00b0 a 65\u00b0C (0\u00b0 a 150\u00b0F).<\/li>\n<li>Cumple con requisitos en EUA de UPS, Correo Postal, Norma de Carga 222 y Vagones del FFCC.<\/li>\n<\/ul>\n","protected":false},"featured_media":10048,"comment_status":"open","ping_status":"closed","template":"","meta":[],"product_cat":[114],"product_tag":[115],"yoast_head":"<!-- This site is optimized with the Yoast SEO plugin v15.9 - https:\/\/yoast.com\/wordpress\/plugins\/seo\/ -->\n<title>Cinta Adhesiva de PVC para Sellado de Cajas - Grosor 2.2 Mil, 3&quot; x 110 yardas, Canela &raquo; Brain Store<\/title>\n<meta name=\"robots\" content=\"index, follow, max-snippet:-1, max-image-preview:large, max-video-preview:-1\" \/>\n<link rel=\"canonical\" href=\"https:\/\/brainstore.com.mx\/?product=cinta-adhesiva-de-pvc-para-sellado-de-cajas-grosor-2-2-mil-3-x-110-yardas-canela\" \/>\n<meta property=\"og:locale\" content=\"es_MX\" \/>\n<meta property=\"og:type\" content=\"article\" \/>\n<meta property=\"og:title\" content=\"Cinta Adhesiva de PVC para Sellado de Cajas - Grosor 2.2 Mil, 3&quot; x 110 yardas, Canela &raquo; Brain Store\" \/>\n<meta property=\"og:description\" content=\"Sin el molesto ruido de la cinta. Aplicaci\u00f3n suave, silenciosa y pareja.  Respaldo de pel\u00edcula de cloruro de polivinilo resistente - Menor estiramiento, m\u00e1xima resistencia a cortes y perforaciones.  Adhesivo de goma natural se adhiere instant\u00e1neamente, incluso bajo condiciones de fr\u00edo o humedad de -18\u00b0 a 65\u00b0C (0\u00b0 a 150\u00b0F).  Cumple con requisitos en EUA de UPS, Correo Postal, Norma de Carga 222 y Vagones del FFCC.\" \/>\n<meta property=\"og:url\" content=\"https:\/\/brainstore.com.mx\/?product=cinta-adhesiva-de-pvc-para-sellado-de-cajas-grosor-2-2-mil-3-x-110-yardas-canela\" \/>\n<meta property=\"og:site_name\" content=\"Brain Store\" \/>\n<meta property=\"article:publisher\" content=\"https:\/\/www.facebook.com\/brainstoremx\/\" \/>\n<meta property=\"article:modified_time\" content=\"2024-04-08T20:18:42+00:00\" \/>\n<meta property=\"og:image\" content=\"https:\/\/brainstore.com.mx\/wp-content\/uploads\/2023\/01\/cinta-3.png\" \/>\n\t<meta property=\"og:image:width\" content=\"640\" \/>\n\t<meta property=\"og:image:height\" content=\"457\" \/>\n<meta name=\"twitter:card\" content=\"summary_large_image\" \/>\n<script type=\"application\/ld+json\" class=\"yoast-schema-graph\">{\"@context\":\"https:\/\/schema.org\",\"@graph\":[{\"@type\":\"Organization\",\"@id\":\"https:\/\/brainstore.com.mx\/#organization\",\"name\":\"BRAIN STORE\",\"url\":\"https:\/\/brainstore.com.mx\/\",\"sameAs\":[\"https:\/\/www.facebook.com\/brainstoremx\/\",\"https:\/\/www.linkedin.com\/organization-guest\/company\/brainstore-soluciones-empresariales?challengeId=AQFFTWIZtGeYbAAAAXObhNynGsrNMCCiSF_2EOtAMNY4iQ12tT6IezYHLU5OKTnHBLZnWaGZjTGoZvweYLxXQkK85kBoy5IBjA&amp;amp;amp;amp;amp;amp;submissionId=7aa7c3ff-c747-2616-8f9f-43e49eb5c53f\"],\"logo\":{\"@type\":\"ImageObject\",\"@id\":\"https:\/\/brainstore.com.mx\/#logo\",\"inLanguage\":\"es-MX\",\"url\":\"https:\/\/brainstore.com.mx\/wp-content\/uploads\/2018\/11\/Brain-Store-logo.png\",\"width\":507,\"height\":169,\"caption\":\"BRAIN STORE\"},\"image\":{\"@id\":\"https:\/\/brainstore.com.mx\/#logo\"}},{\"@type\":\"WebSite\",\"@id\":\"https:\/\/brainstore.com.mx\/#website\",\"url\":\"https:\/\/brainstore.com.mx\/\",\"name\":\"Brain Store\",\"description\":\"Soluciones Empresariales\",\"publisher\":{\"@id\":\"https:\/\/brainstore.com.mx\/#organization\"},\"potentialAction\":[{\"@type\":\"SearchAction\",\"target\":\"https:\/\/brainstore.com.mx\/?s={search_term_string}\",\"query-input\":\"required name=search_term_string\"}],\"inLanguage\":\"es-MX\"},{\"@type\":\"ImageObject\",\"@id\":\"https:\/\/brainstore.com.mx\/?product=cinta-adhesiva-de-pvc-para-sellado-de-cajas-grosor-2-2-mil-3-x-110-yardas-canela#primaryimage\",\"inLanguage\":\"es-MX\",\"url\":\"https:\/\/brainstore.com.mx\/wp-content\/uploads\/2023\/01\/cinta-3.png\",\"width\":640,\"height\":457},{\"@type\":\"WebPage\",\"@id\":\"https:\/\/brainstore.com.mx\/?product=cinta-adhesiva-de-pvc-para-sellado-de-cajas-grosor-2-2-mil-3-x-110-yardas-canela#webpage\",\"url\":\"https:\/\/brainstore.com.mx\/?product=cinta-adhesiva-de-pvc-para-sellado-de-cajas-grosor-2-2-mil-3-x-110-yardas-canela\",\"name\":\"Cinta Adhesiva de PVC para Sellado de Cajas - Grosor 2.2 Mil, 3\\\" x 110 yardas, Canela &raquo; Brain Store\",\"isPartOf\":{\"@id\":\"https:\/\/brainstore.com.mx\/#website\"},\"primaryImageOfPage\":{\"@id\":\"https:\/\/brainstore.com.mx\/?product=cinta-adhesiva-de-pvc-para-sellado-de-cajas-grosor-2-2-mil-3-x-110-yardas-canela#primaryimage\"},\"datePublished\":\"2023-01-17T02:55:06+00:00\",\"dateModified\":\"2024-04-08T20:18:42+00:00\",\"breadcrumb\":{\"@id\":\"https:\/\/brainstore.com.mx\/?product=cinta-adhesiva-de-pvc-para-sellado-de-cajas-grosor-2-2-mil-3-x-110-yardas-canela#breadcrumb\"},\"inLanguage\":\"es-MX\",\"potentialAction\":[{\"@type\":\"ReadAction\",\"target\":[\"https:\/\/brainstore.com.mx\/?product=cinta-adhesiva-de-pvc-para-sellado-de-cajas-grosor-2-2-mil-3-x-110-yardas-canela\"]}]},{\"@type\":\"BreadcrumbList\",\"@id\":\"https:\/\/brainstore.com.mx\/?product=cinta-adhesiva-de-pvc-para-sellado-de-cajas-grosor-2-2-mil-3-x-110-yardas-canela#breadcrumb\",\"itemListElement\":[{\"@type\":\"ListItem\",\"position\":1,\"item\":{\"@type\":\"WebPage\",\"@id\":\"https:\/\/brainstore.com.mx\/\",\"url\":\"https:\/\/brainstore.com.mx\/\",\"name\":\"Inicio\"}},{\"@type\":\"ListItem\",\"position\":2,\"item\":{\"@type\":\"WebPage\",\"@id\":\"https:\/\/brainstore.com.mx\/?page_id=9779\",\"url\":\"https:\/\/brainstore.com.mx\/?page_id=9779\",\"name\":\"Tienda\"}},{\"@type\":\"ListItem\",\"position\":3,\"item\":{\"@type\":\"WebPage\",\"@id\":\"https:\/\/brainstore.com.mx\/?product=cinta-adhesiva-de-pvc-para-sellado-de-cajas-grosor-2-2-mil-3-x-110-yardas-canela\",\"url\":\"https:\/\/brainstore.com.mx\/?product=cinta-adhesiva-de-pvc-para-sellado-de-cajas-grosor-2-2-mil-3-x-110-yardas-canela\",\"name\":\"Cinta Adhesiva de PVC para Sellado de Cajas &#8211; Grosor 2.2 Mil, 3&#8243; x 110 yardas, Canela\"}}]}]}<\/script>\n<!-- \/ Yoast SEO plugin. -->","_links":{"self":[{"href":"https:\/\/brainstore.com.mx\/index.php?rest_route=\/wp\/v2\/product\/10037"}],"collection":[{"href":"https:\/\/brainstore.com.mx\/index.php?rest_route=\/wp\/v2\/product"}],"about":[{"href":"https:\/\/brainstore.com.mx\/index.php?rest_route=\/wp\/v2\/types\/product"}],"replies":[{"embeddable":true,"href":"https:\/\/brainstore.com.mx\/index.php?rest_route=%2Fwp%2Fv2%2Fcomments&post=10037"}],"wp:featuredmedia":[{"embeddable":true,"href":"https:\/\/brainstore.com.mx\/index.php?rest_route=\/wp\/v2\/media\/10048"}],"wp:attachment":[{"href":"https:\/\/brainstore.com.mx\/index.php?rest_route=%2Fwp%2Fv2%2Fmedia&parent=10037"}],"wp:term":[{"taxonomy":"product_cat","embeddable":true,"href":"https:\/\/brainstore.com.mx\/index.php?rest_route=%2Fwp%2Fv2%2Fproduct_cat&post=10037"},{"taxonomy":"product_tag","embeddable":true,"href":"https:\/\/brainstore.com.mx\/index.php?rest_route=%2Fwp%2Fv2%2Fproduct_tag&post=10037"}],"curies":[{"name":"wp","href":"https:\/\/api.w.org\/{rel}","templated":true}]}}