{"id":10043,"date":"2023-01-16T20:51:58","date_gmt":"2023-01-17T02:51:58","guid":{"rendered":"http:\/\/brainstore.com.mx\/?post_type=product&#038;p=10043"},"modified":"2023-01-16T20:51:58","modified_gmt":"2023-01-17T02:51:58","slug":"navaja-utilitaria-de-acero","status":"publish","type":"product","link":"https:\/\/brainstore.com.mx\/?product=navaja-utilitaria-de-acero","title":{"rendered":"Navaja Utilitaria De Acero"},"content":{"rendered":"","protected":false},"excerpt":{"rendered":"<ul>\n<li>Navaja De Alta Calidad Y De Uso Pesado Corta F\u00e1cilmente Cinta, Cajas, Fleje Y Cord\u00f3n.<\/li>\n<li>Fundida En Zinc.<\/li>\n<li>Retr\u00e1ctil Con Navaja De 3 Posiciones De Bloqueo Para Seguridad.<\/li>\n<li>Incluye 3 Navajas De Uso Pesado.<\/li>\n<\/ul>\n","protected":false},"featured_media":10045,"comment_status":"open","ping_status":"closed","template":"","meta":[],"product_cat":[114],"product_tag":[115],"yoast_head":"<!-- This site is optimized with the Yoast SEO plugin v15.9 - https:\/\/yoast.com\/wordpress\/plugins\/seo\/ -->\n<title>Navaja Utilitaria De Acero &raquo; Brain Store<\/title>\n<meta name=\"robots\" content=\"index, follow, max-snippet:-1, max-image-preview:large, max-video-preview:-1\" \/>\n<link rel=\"canonical\" href=\"https:\/\/brainstore.com.mx\/?product=navaja-utilitaria-de-acero\" \/>\n<meta property=\"og:locale\" content=\"es_MX\" \/>\n<meta property=\"og:type\" content=\"article\" \/>\n<meta property=\"og:title\" content=\"Navaja Utilitaria De Acero &raquo; Brain Store\" \/>\n<meta property=\"og:description\" content=\"Navaja De Alta Calidad Y De Uso Pesado Corta F\u00e1cilmente Cinta, Cajas, Fleje Y Cord\u00f3n.  Fundida En Zinc.  Retr\u00e1ctil Con Navaja De 3 Posiciones De Bloqueo Para Seguridad.  Incluye 3 Navajas De Uso Pesado.\" \/>\n<meta property=\"og:url\" content=\"https:\/\/brainstore.com.mx\/?product=navaja-utilitaria-de-acero\" \/>\n<meta property=\"og:site_name\" content=\"Brain Store\" \/>\n<meta property=\"article:publisher\" content=\"https:\/\/www.facebook.com\/brainstoremx\/\" \/>\n<meta property=\"og:image\" content=\"https:\/\/brainstore.com.mx\/wp-content\/uploads\/2023\/01\/cutter.png\" \/>\n\t<meta property=\"og:image:width\" content=\"640\" \/>\n\t<meta property=\"og:image:height\" content=\"496\" \/>\n<meta name=\"twitter:card\" content=\"summary_large_image\" \/>\n<script type=\"application\/ld+json\" class=\"yoast-schema-graph\">{\"@context\":\"https:\/\/schema.org\",\"@graph\":[{\"@type\":\"Organization\",\"@id\":\"https:\/\/brainstore.com.mx\/#organization\",\"name\":\"BRAIN STORE\",\"url\":\"https:\/\/brainstore.com.mx\/\",\"sameAs\":[\"https:\/\/www.facebook.com\/brainstoremx\/\",\"https:\/\/www.linkedin.com\/organization-guest\/company\/brainstore-soluciones-empresariales?challengeId=AQFFTWIZtGeYbAAAAXObhNynGsrNMCCiSF_2EOtAMNY4iQ12tT6IezYHLU5OKTnHBLZnWaGZjTGoZvweYLxXQkK85kBoy5IBjA&amp;amp;amp;amp;amp;amp;submissionId=7aa7c3ff-c747-2616-8f9f-43e49eb5c53f\"],\"logo\":{\"@type\":\"ImageObject\",\"@id\":\"https:\/\/brainstore.com.mx\/#logo\",\"inLanguage\":\"es-MX\",\"url\":\"https:\/\/brainstore.com.mx\/wp-content\/uploads\/2018\/11\/Brain-Store-logo.png\",\"width\":507,\"height\":169,\"caption\":\"BRAIN STORE\"},\"image\":{\"@id\":\"https:\/\/brainstore.com.mx\/#logo\"}},{\"@type\":\"WebSite\",\"@id\":\"https:\/\/brainstore.com.mx\/#website\",\"url\":\"https:\/\/brainstore.com.mx\/\",\"name\":\"Brain Store\",\"description\":\"Soluciones Empresariales\",\"publisher\":{\"@id\":\"https:\/\/brainstore.com.mx\/#organization\"},\"potentialAction\":[{\"@type\":\"SearchAction\",\"target\":\"https:\/\/brainstore.com.mx\/?s={search_term_string}\",\"query-input\":\"required name=search_term_string\"}],\"inLanguage\":\"es-MX\"},{\"@type\":\"ImageObject\",\"@id\":\"https:\/\/brainstore.com.mx\/?product=navaja-utilitaria-de-acero#primaryimage\",\"inLanguage\":\"es-MX\",\"url\":\"https:\/\/brainstore.com.mx\/wp-content\/uploads\/2023\/01\/cutter.png\",\"width\":640,\"height\":496},{\"@type\":\"WebPage\",\"@id\":\"https:\/\/brainstore.com.mx\/?product=navaja-utilitaria-de-acero#webpage\",\"url\":\"https:\/\/brainstore.com.mx\/?product=navaja-utilitaria-de-acero\",\"name\":\"Navaja Utilitaria De Acero &raquo; Brain Store\",\"isPartOf\":{\"@id\":\"https:\/\/brainstore.com.mx\/#website\"},\"primaryImageOfPage\":{\"@id\":\"https:\/\/brainstore.com.mx\/?product=navaja-utilitaria-de-acero#primaryimage\"},\"datePublished\":\"2023-01-17T02:51:58+00:00\",\"dateModified\":\"2023-01-17T02:51:58+00:00\",\"breadcrumb\":{\"@id\":\"https:\/\/brainstore.com.mx\/?product=navaja-utilitaria-de-acero#breadcrumb\"},\"inLanguage\":\"es-MX\",\"potentialAction\":[{\"@type\":\"ReadAction\",\"target\":[\"https:\/\/brainstore.com.mx\/?product=navaja-utilitaria-de-acero\"]}]},{\"@type\":\"BreadcrumbList\",\"@id\":\"https:\/\/brainstore.com.mx\/?product=navaja-utilitaria-de-acero#breadcrumb\",\"itemListElement\":[{\"@type\":\"ListItem\",\"position\":1,\"item\":{\"@type\":\"WebPage\",\"@id\":\"https:\/\/brainstore.com.mx\/\",\"url\":\"https:\/\/brainstore.com.mx\/\",\"name\":\"Inicio\"}},{\"@type\":\"ListItem\",\"position\":2,\"item\":{\"@type\":\"WebPage\",\"@id\":\"https:\/\/brainstore.com.mx\/?page_id=9779\",\"url\":\"https:\/\/brainstore.com.mx\/?page_id=9779\",\"name\":\"Tienda\"}},{\"@type\":\"ListItem\",\"position\":3,\"item\":{\"@type\":\"WebPage\",\"@id\":\"https:\/\/brainstore.com.mx\/?product=navaja-utilitaria-de-acero\",\"url\":\"https:\/\/brainstore.com.mx\/?product=navaja-utilitaria-de-acero\",\"name\":\"Navaja Utilitaria De Acero\"}}]}]}<\/script>\n<!-- \/ Yoast SEO plugin. -->","_links":{"self":[{"href":"https:\/\/brainstore.com.mx\/index.php?rest_route=\/wp\/v2\/product\/10043"}],"collection":[{"href":"https:\/\/brainstore.com.mx\/index.php?rest_route=\/wp\/v2\/product"}],"about":[{"href":"https:\/\/brainstore.com.mx\/index.php?rest_route=\/wp\/v2\/types\/product"}],"replies":[{"embeddable":true,"href":"https:\/\/brainstore.com.mx\/index.php?rest_route=%2Fwp%2Fv2%2Fcomments&post=10043"}],"wp:featuredmedia":[{"embeddable":true,"href":"https:\/\/brainstore.com.mx\/index.php?rest_route=\/wp\/v2\/media\/10045"}],"wp:attachment":[{"href":"https:\/\/brainstore.com.mx\/index.php?rest_route=%2Fwp%2Fv2%2Fmedia&parent=10043"}],"wp:term":[{"taxonomy":"product_cat","embeddable":true,"href":"https:\/\/brainstore.com.mx\/index.php?rest_route=%2Fwp%2Fv2%2Fproduct_cat&post=10043"},{"taxonomy":"product_tag","embeddable":true,"href":"https:\/\/brainstore.com.mx\/index.php?rest_route=%2Fwp%2Fv2%2Fproduct_tag&post=10043"}],"curies":[{"name":"wp","href":"https:\/\/api.w.org\/{rel}","templated":true}]}}