{"id":10149,"date":"2023-03-23T23:57:56","date_gmt":"2023-03-24T05:57:56","guid":{"rendered":"http:\/\/brainstore.com.mx\/?post_type=product&#038;p=10149"},"modified":"2023-10-30T20:32:26","modified_gmt":"2023-10-31T02:32:26","slug":"charola-de-papel-bioform-canatek-n-855-con-50-pzas","status":"publish","type":"product","link":"https:\/\/brainstore.com.mx\/?product=charola-de-papel-bioform-canatek-n-855-con-50-pzas","title":{"rendered":"Charola de Papel Bioform Ca\u00f1atek N\u00b0 855 con 50 pzas"},"content":{"rendered":"<p>Charola de Papel Bioform Ca\u00f1atek N\u00b0 855 con 50 pzas<\/p>\n<p><b>Charola papel 855 Bioform<\/b>\u00a0totalmente\u00a0<i>compostable<\/i>\u00a0elaborado con tecnolog\u00eda\u00a0<b>Ca\u00f1atek<\/b> a base fibra de bagazo de ca\u00f1a de az\u00facar,\u00a0 que permite disfrutar de tus alimentos con la seguridad que al adquirir el producto, estamos aportando al cuidado del medio ambiente. Incorporalo a tu negocio ahora.<\/p>\n<p>&nbsp;<\/p>\n<div class=\"flex-1 overflow-hidden\">\n<div class=\"react-scroll-to-bottom--css-zgsxu-79elbk h-full\">\n<div class=\"react-scroll-to-bottom--css-zgsxu-1n7m0yu\">\n<div class=\"flex flex-col text-sm gizmo:pb-9 dark:bg-gray-800 gizmo:dark:bg-transparent\">\n<div class=\"group w-full text-token-text-primary border-b border-black\/10 gizmo:border-0 dark:border-gray-900\/50 gizmo:dark:border-0 bg-gray-50 gizmo:bg-transparent dark:bg-[#444654] gizmo:dark:bg-transparent\" data-testid=\"conversation-turn-21\">\n<div class=\"p-4 gizmo:py-2 justify-center text-base md:gap-6 md:py-6 m-auto\">\n<div class=\"flex flex-1 gap-4 text-base mx-auto md:gap-6 gizmo:gap-3 gizmo:md:px-5 gizmo:lg:px-1 gizmo:xl:px-5 md:max-w-2xl lg:max-w-[38rem] gizmo:md:max-w-3xl gizmo:lg:max-w-[40rem] gizmo:xl:max-w-[48rem] xl:max-w-3xl }\">\n<div class=\"relative flex w-[calc(100%-50px)] flex-col gizmo:w-full lg:w-[calc(100%-115px)] agent-turn\">\n<div class=\"flex-col gap-1 md:gap-3\">\n<div class=\"flex flex-grow flex-col gap-3 max-w-full\">\n<div class=\"min-h-[20px] flex flex-col items-start gap-3 whitespace-pre-wrap break-words overflow-x-auto\" data-message-author-role=\"assistant\" data-message-id=\"5af1fa2d-1b13-4568-b219-8a1b60504d6d\">\n<div class=\"markdown prose w-full break-words dark:prose-invert light\">\n<p>Usar charolas compostables recicladas ofrece una serie de beneficios significativos para el medio ambiente y para tu negocio. Aqu\u00ed hay algunas razones para considerar su uso:<\/p>\n<ol>\n<li><strong>Sostenibilidad ambiental:<\/strong> Las charolas compostables est\u00e1n hechas de materiales org\u00e1nicos y reciclados, lo que reduce la dependencia de recursos naturales finitos y disminuye la huella ecol\u00f3gica.<\/li>\n<li><strong>Reducci\u00f3n de residuos:<\/strong> Al ser compostables, estas charolas pueden ser desechadas en sistemas de compostaje, en lugar de terminar en vertederos. Esto contribuye a la reducci\u00f3n de residuos s\u00f3lidos y al tratamiento sostenible de desechos org\u00e1nicos.<\/li>\n<li><strong>Cumplimiento normativo:<\/strong> En muchos lugares, se est\u00e1n implementando regulaciones m\u00e1s estrictas sobre la gesti\u00f3n de desechos y la reducci\u00f3n de pl\u00e1sticos de un solo uso. Utilizar charolas compostables puede ayudar a cumplir con estas regulaciones y evitar sanciones.<\/li>\n<li><strong>Imagen de marca sostenible:<\/strong> Mostrar un compromiso con la sostenibilidad y el medio ambiente puede mejorar la percepci\u00f3n de tu negocio, atraer a consumidores conscientes del medio ambiente y fortalecer la lealtad de los clientes.<\/li>\n<li><strong>Menor impacto en los recursos naturales:<\/strong> La fabricaci\u00f3n de charolas compostables recicladas suele requerir menos recursos y energ\u00eda en comparaci\u00f3n con la producci\u00f3n de pl\u00e1sticos convencionales, lo que disminuye el impacto en el medio ambiente.<\/li>\n<li><strong>Creciente demanda del consumidor:<\/strong> Los consumidores cada vez m\u00e1s valoran la sostenibilidad y buscan apoyar empresas que toman medidas ecol\u00f3gicas. Utilizar charolas compostables puede atraer a este segmento de mercado.<\/li>\n<li><strong>Versatilidad:<\/strong> Las charolas compostables pueden utilizarse en diversas aplicaciones, como alimentos para llevar, catering y eventos, lo que las hace vers\u00e1tiles para diferentes tipos de negocios.<\/li>\n<li><strong>Responsabilidad corporativa:<\/strong> Demostrar responsabilidad corporativa en cuanto al medio ambiente puede ayudar a construir una reputaci\u00f3n s\u00f3lida y generar relaciones positivas con la comunidad y los clientes.<\/li>\n<li><strong>Innovaci\u00f3n y diferenciaci\u00f3n:<\/strong> Utilizar charolas compostables demuestra innovaci\u00f3n y preocupaci\u00f3n por el medio ambiente, lo que puede diferenciarte de la competencia y atraer a clientes que valoran la sostenibilidad.<\/li>\n<\/ol>\n<p>En resumen, el uso de charolas compostables recicladas no solo contribuye a la protecci\u00f3n del medio ambiente y al cumplimiento de regulaciones, sino que tambi\u00e9n puede mejorar la imagen de marca, atraer a consumidores conscientes del medio ambiente y demostrar responsabilidad corporativa. Esto puede ser beneficioso tanto desde el punto de vista ambiental como empresarial.<\/p>\n<\/div>\n<\/div>\n<\/div>\n<div class=\"flex justify-between empty:hidden gizmo:justify-start gizmo:gap-3 lg:block gizmo:lg:flex\"><\/div>\n<\/div>\n<\/div>\n<\/div>\n<\/div>\n<\/div>\n<\/div>\n<\/div>\n<\/div>\n<\/div>\n<div class=\"w-full pt-2 md:pt-0 border-t md:border-t-0 dark:border-white\/20 md:border-transparent md:dark:border-transparent md:pl-2 gizmo:pl-0 gizmo:md:pl-0 md:w-[calc(100%-.5rem)] absolute bottom-0 left-0 md:bg-vert-light-gradient bg-white dark:bg-gray-800 md:!bg-transparent dark:md:bg-vert-dark-gradient\">\n<div class=\"relative flex h-full flex-1 items-stretch md:flex-col\">\n<div class=\"flex w-full items-center\"><\/div>\n<\/div>\n<\/div>\n","protected":false},"excerpt":{"rendered":"<ul>\n<li>No requiere armado.<\/li>\n<li>Elaborado con fibra de bagazo de ca\u00f1a de az\u00facar.<\/li>\n<li>Sin qu\u00edmicos blanqueadores.<\/li>\n<\/ul>\n","protected":false},"featured_media":10151,"comment_status":"open","ping_status":"closed","template":"","meta":[],"product_cat":[121],"product_tag":[123],"yoast_head":"<!-- This site is optimized with the Yoast SEO plugin v15.9 - https:\/\/yoast.com\/wordpress\/plugins\/seo\/ -->\n<title>Charola de Papel Bioform Ca\u00f1atek N\u00b0 855 con 50 pzas &raquo; Brain Store<\/title>\n<meta name=\"description\" content=\"Charola de Papel Bioform Ca\u00f1atek N\u00b0 855 con 50 pzas Charola papel 855 Bioform\u00a0totalmente\u00a0compostable y reciclada con la mas alta tecnologia..\" \/>\n<meta name=\"robots\" content=\"index, follow, max-snippet:-1, max-image-preview:large, max-video-preview:-1\" \/>\n<link rel=\"canonical\" href=\"https:\/\/brainstore.com.mx\/?product=charola-de-papel-bioform-canatek-n-855-con-50-pzas\" \/>\n<meta property=\"og:locale\" content=\"es_MX\" \/>\n<meta property=\"og:type\" content=\"article\" \/>\n<meta property=\"og:title\" content=\"Charola de Papel Bioform Ca\u00f1atek N\u00b0 855 con 50 pzas &raquo; Brain Store\" \/>\n<meta property=\"og:description\" content=\"Charola de Papel Bioform Ca\u00f1atek N\u00b0 855 con 50 pzas Charola papel 855 Bioform\u00a0totalmente\u00a0compostable y reciclada con la mas alta tecnologia..\" \/>\n<meta property=\"og:url\" content=\"https:\/\/brainstore.com.mx\/?product=charola-de-papel-bioform-canatek-n-855-con-50-pzas\" \/>\n<meta property=\"og:site_name\" content=\"Brain Store\" \/>\n<meta property=\"article:publisher\" content=\"https:\/\/www.facebook.com\/brainstoremx\/\" \/>\n<meta property=\"article:modified_time\" content=\"2023-10-31T02:32:26+00:00\" \/>\n<meta property=\"og:image\" content=\"https:\/\/brainstore.com.mx\/wp-content\/uploads\/2023\/03\/charola-cana.png\" \/>\n\t<meta property=\"og:image:width\" content=\"414\" \/>\n\t<meta property=\"og:image:height\" content=\"418\" \/>\n<meta name=\"twitter:card\" content=\"summary_large_image\" \/>\n<meta name=\"twitter:label1\" content=\"Tiempo de lectura\">\n\t<meta name=\"twitter:data1\" content=\"2 minutos\">\n<script type=\"application\/ld+json\" class=\"yoast-schema-graph\">{\"@context\":\"https:\/\/schema.org\",\"@graph\":[{\"@type\":\"Organization\",\"@id\":\"https:\/\/brainstore.com.mx\/#organization\",\"name\":\"BRAIN STORE\",\"url\":\"https:\/\/brainstore.com.mx\/\",\"sameAs\":[\"https:\/\/www.facebook.com\/brainstoremx\/\",\"https:\/\/www.linkedin.com\/organization-guest\/company\/brainstore-soluciones-empresariales?challengeId=AQFFTWIZtGeYbAAAAXObhNynGsrNMCCiSF_2EOtAMNY4iQ12tT6IezYHLU5OKTnHBLZnWaGZjTGoZvweYLxXQkK85kBoy5IBjA&amp;amp;amp;amp;amp;amp;submissionId=7aa7c3ff-c747-2616-8f9f-43e49eb5c53f\"],\"logo\":{\"@type\":\"ImageObject\",\"@id\":\"https:\/\/brainstore.com.mx\/#logo\",\"inLanguage\":\"es-MX\",\"url\":\"https:\/\/brainstore.com.mx\/wp-content\/uploads\/2018\/11\/Brain-Store-logo.png\",\"width\":507,\"height\":169,\"caption\":\"BRAIN STORE\"},\"image\":{\"@id\":\"https:\/\/brainstore.com.mx\/#logo\"}},{\"@type\":\"WebSite\",\"@id\":\"https:\/\/brainstore.com.mx\/#website\",\"url\":\"https:\/\/brainstore.com.mx\/\",\"name\":\"Brain Store\",\"description\":\"Soluciones Empresariales\",\"publisher\":{\"@id\":\"https:\/\/brainstore.com.mx\/#organization\"},\"potentialAction\":[{\"@type\":\"SearchAction\",\"target\":\"https:\/\/brainstore.com.mx\/?s={search_term_string}\",\"query-input\":\"required name=search_term_string\"}],\"inLanguage\":\"es-MX\"},{\"@type\":\"ImageObject\",\"@id\":\"https:\/\/brainstore.com.mx\/?product=charola-de-papel-bioform-canatek-n-855-con-50-pzas#primaryimage\",\"inLanguage\":\"es-MX\",\"url\":\"https:\/\/brainstore.com.mx\/wp-content\/uploads\/2023\/03\/charola-cana.png\",\"width\":414,\"height\":418,\"caption\":\"charola de papel bioform ca\\u00f1atek\"},{\"@type\":\"WebPage\",\"@id\":\"https:\/\/brainstore.com.mx\/?product=charola-de-papel-bioform-canatek-n-855-con-50-pzas#webpage\",\"url\":\"https:\/\/brainstore.com.mx\/?product=charola-de-papel-bioform-canatek-n-855-con-50-pzas\",\"name\":\"Charola de Papel Bioform Ca\\u00f1atek N\\u00b0 855 con 50 pzas &raquo; Brain Store\",\"isPartOf\":{\"@id\":\"https:\/\/brainstore.com.mx\/#website\"},\"primaryImageOfPage\":{\"@id\":\"https:\/\/brainstore.com.mx\/?product=charola-de-papel-bioform-canatek-n-855-con-50-pzas#primaryimage\"},\"datePublished\":\"2023-03-24T05:57:56+00:00\",\"dateModified\":\"2023-10-31T02:32:26+00:00\",\"description\":\"Charola de Papel Bioform Ca\\u00f1atek N\\u00b0 855 con 50 pzas Charola papel 855 Bioform\\u00a0totalmente\\u00a0compostable y reciclada con la mas alta tecnologia..\",\"breadcrumb\":{\"@id\":\"https:\/\/brainstore.com.mx\/?product=charola-de-papel-bioform-canatek-n-855-con-50-pzas#breadcrumb\"},\"inLanguage\":\"es-MX\",\"potentialAction\":[{\"@type\":\"ReadAction\",\"target\":[\"https:\/\/brainstore.com.mx\/?product=charola-de-papel-bioform-canatek-n-855-con-50-pzas\"]}]},{\"@type\":\"BreadcrumbList\",\"@id\":\"https:\/\/brainstore.com.mx\/?product=charola-de-papel-bioform-canatek-n-855-con-50-pzas#breadcrumb\",\"itemListElement\":[{\"@type\":\"ListItem\",\"position\":1,\"item\":{\"@type\":\"WebPage\",\"@id\":\"https:\/\/brainstore.com.mx\/\",\"url\":\"https:\/\/brainstore.com.mx\/\",\"name\":\"Inicio\"}},{\"@type\":\"ListItem\",\"position\":2,\"item\":{\"@type\":\"WebPage\",\"@id\":\"https:\/\/brainstore.com.mx\/?page_id=9779\",\"url\":\"https:\/\/brainstore.com.mx\/?page_id=9779\",\"name\":\"Tienda\"}},{\"@type\":\"ListItem\",\"position\":3,\"item\":{\"@type\":\"WebPage\",\"@id\":\"https:\/\/brainstore.com.mx\/?product=charola-de-papel-bioform-canatek-n-855-con-50-pzas\",\"url\":\"https:\/\/brainstore.com.mx\/?product=charola-de-papel-bioform-canatek-n-855-con-50-pzas\",\"name\":\"Charola de Papel Bioform Ca\\u00f1atek N\\u00b0 855 con 50 pzas\"}}]}]}<\/script>\n<!-- \/ Yoast SEO plugin. -->","_links":{"self":[{"href":"https:\/\/brainstore.com.mx\/index.php?rest_route=\/wp\/v2\/product\/10149"}],"collection":[{"href":"https:\/\/brainstore.com.mx\/index.php?rest_route=\/wp\/v2\/product"}],"about":[{"href":"https:\/\/brainstore.com.mx\/index.php?rest_route=\/wp\/v2\/types\/product"}],"replies":[{"embeddable":true,"href":"https:\/\/brainstore.com.mx\/index.php?rest_route=%2Fwp%2Fv2%2Fcomments&post=10149"}],"wp:featuredmedia":[{"embeddable":true,"href":"https:\/\/brainstore.com.mx\/index.php?rest_route=\/wp\/v2\/media\/10151"}],"wp:attachment":[{"href":"https:\/\/brainstore.com.mx\/index.php?rest_route=%2Fwp%2Fv2%2Fmedia&parent=10149"}],"wp:term":[{"taxonomy":"product_cat","embeddable":true,"href":"https:\/\/brainstore.com.mx\/index.php?rest_route=%2Fwp%2Fv2%2Fproduct_cat&post=10149"},{"taxonomy":"product_tag","embeddable":true,"href":"https:\/\/brainstore.com.mx\/index.php?rest_route=%2Fwp%2Fv2%2Fproduct_tag&post=10149"}],"curies":[{"name":"wp","href":"https:\/\/api.w.org\/{rel}","templated":true}]}}