{"id":10267,"date":"2023-06-16T17:51:57","date_gmt":"2023-06-16T23:51:57","guid":{"rendered":"https:\/\/brainstore.com.mx\/?post_type=product&#038;p=10267"},"modified":"2023-06-16T17:51:58","modified_gmt":"2023-06-16T23:51:58","slug":"diablito-de-aluminio-estandar-llantas-solidas","status":"publish","type":"product","link":"https:\/\/brainstore.com.mx\/?product=diablito-de-aluminio-estandar-llantas-solidas","title":{"rendered":"Diablito de Aluminio Est\u00e1ndar &#8211; Llantas S\u00f3lidas"},"content":{"rendered":"","protected":false},"excerpt":{"rendered":"<ul>\n<li>Aluminio liviano, resistente y f\u00e1cil de manejar.<\/li>\n<li>Asa curvada con agarre de pl\u00e1stico antideslizante.<\/li>\n<li>Calidad, valor y a\u00f1os de servicio.<\/li>\n<li>Base biselada.<\/li>\n<li>50&#8243; de alto. Llantas de 10&#8243;.<\/li>\n<\/ul>\n","protected":false},"featured_media":10270,"comment_status":"open","ping_status":"closed","template":"","meta":[],"product_cat":[65],"product_tag":[150,151],"yoast_head":"<!-- This site is optimized with the Yoast SEO plugin v15.9 - https:\/\/yoast.com\/wordpress\/plugins\/seo\/ -->\n<title>Diablito de Aluminio Est\u00e1ndar - Llantas S\u00f3lidas &raquo; Brain Store<\/title>\n<meta name=\"robots\" content=\"index, follow, max-snippet:-1, max-image-preview:large, max-video-preview:-1\" \/>\n<link rel=\"canonical\" href=\"https:\/\/brainstore.com.mx\/?product=diablito-de-aluminio-estandar-llantas-solidas\" \/>\n<meta property=\"og:locale\" content=\"es_MX\" \/>\n<meta property=\"og:type\" content=\"article\" \/>\n<meta property=\"og:title\" content=\"Diablito de Aluminio Est\u00e1ndar - Llantas S\u00f3lidas &raquo; Brain Store\" \/>\n<meta property=\"og:description\" content=\"Aluminio liviano, resistente y f\u00e1cil de manejar.  Asa curvada con agarre de pl\u00e1stico antideslizante.  Calidad, valor y a\u00f1os de servicio.  Base biselada.  50&quot; de alto. Llantas de 10&quot;.\" \/>\n<meta property=\"og:url\" content=\"https:\/\/brainstore.com.mx\/?product=diablito-de-aluminio-estandar-llantas-solidas\" \/>\n<meta property=\"og:site_name\" content=\"Brain Store\" \/>\n<meta property=\"article:publisher\" content=\"https:\/\/www.facebook.com\/brainstoremx\/\" \/>\n<meta property=\"article:modified_time\" content=\"2023-06-16T23:51:58+00:00\" \/>\n<meta property=\"og:image\" content=\"https:\/\/brainstore.com.mx\/wp-content\/uploads\/2023\/06\/Diablito.png\" \/>\n\t<meta property=\"og:image:width\" content=\"712\" \/>\n\t<meta property=\"og:image:height\" content=\"452\" \/>\n<meta name=\"twitter:card\" content=\"summary_large_image\" \/>\n<script type=\"application\/ld+json\" class=\"yoast-schema-graph\">{\"@context\":\"https:\/\/schema.org\",\"@graph\":[{\"@type\":\"Organization\",\"@id\":\"https:\/\/brainstore.com.mx\/#organization\",\"name\":\"BRAIN STORE\",\"url\":\"https:\/\/brainstore.com.mx\/\",\"sameAs\":[\"https:\/\/www.facebook.com\/brainstoremx\/\",\"https:\/\/www.linkedin.com\/organization-guest\/company\/brainstore-soluciones-empresariales?challengeId=AQFFTWIZtGeYbAAAAXObhNynGsrNMCCiSF_2EOtAMNY4iQ12tT6IezYHLU5OKTnHBLZnWaGZjTGoZvweYLxXQkK85kBoy5IBjA&amp;amp;amp;amp;amp;amp;submissionId=7aa7c3ff-c747-2616-8f9f-43e49eb5c53f\"],\"logo\":{\"@type\":\"ImageObject\",\"@id\":\"https:\/\/brainstore.com.mx\/#logo\",\"inLanguage\":\"es-MX\",\"url\":\"https:\/\/brainstore.com.mx\/wp-content\/uploads\/2018\/11\/Brain-Store-logo.png\",\"width\":507,\"height\":169,\"caption\":\"BRAIN STORE\"},\"image\":{\"@id\":\"https:\/\/brainstore.com.mx\/#logo\"}},{\"@type\":\"WebSite\",\"@id\":\"https:\/\/brainstore.com.mx\/#website\",\"url\":\"https:\/\/brainstore.com.mx\/\",\"name\":\"Brain Store\",\"description\":\"Soluciones Empresariales\",\"publisher\":{\"@id\":\"https:\/\/brainstore.com.mx\/#organization\"},\"potentialAction\":[{\"@type\":\"SearchAction\",\"target\":\"https:\/\/brainstore.com.mx\/?s={search_term_string}\",\"query-input\":\"required name=search_term_string\"}],\"inLanguage\":\"es-MX\"},{\"@type\":\"ImageObject\",\"@id\":\"https:\/\/brainstore.com.mx\/?product=diablito-de-aluminio-estandar-llantas-solidas#primaryimage\",\"inLanguage\":\"es-MX\",\"url\":\"https:\/\/brainstore.com.mx\/wp-content\/uploads\/2023\/06\/Diablito.png\",\"width\":712,\"height\":452},{\"@type\":\"WebPage\",\"@id\":\"https:\/\/brainstore.com.mx\/?product=diablito-de-aluminio-estandar-llantas-solidas#webpage\",\"url\":\"https:\/\/brainstore.com.mx\/?product=diablito-de-aluminio-estandar-llantas-solidas\",\"name\":\"Diablito de Aluminio Est\\u00e1ndar - Llantas S\\u00f3lidas &raquo; Brain Store\",\"isPartOf\":{\"@id\":\"https:\/\/brainstore.com.mx\/#website\"},\"primaryImageOfPage\":{\"@id\":\"https:\/\/brainstore.com.mx\/?product=diablito-de-aluminio-estandar-llantas-solidas#primaryimage\"},\"datePublished\":\"2023-06-16T23:51:57+00:00\",\"dateModified\":\"2023-06-16T23:51:58+00:00\",\"breadcrumb\":{\"@id\":\"https:\/\/brainstore.com.mx\/?product=diablito-de-aluminio-estandar-llantas-solidas#breadcrumb\"},\"inLanguage\":\"es-MX\",\"potentialAction\":[{\"@type\":\"ReadAction\",\"target\":[\"https:\/\/brainstore.com.mx\/?product=diablito-de-aluminio-estandar-llantas-solidas\"]}]},{\"@type\":\"BreadcrumbList\",\"@id\":\"https:\/\/brainstore.com.mx\/?product=diablito-de-aluminio-estandar-llantas-solidas#breadcrumb\",\"itemListElement\":[{\"@type\":\"ListItem\",\"position\":1,\"item\":{\"@type\":\"WebPage\",\"@id\":\"https:\/\/brainstore.com.mx\/\",\"url\":\"https:\/\/brainstore.com.mx\/\",\"name\":\"Inicio\"}},{\"@type\":\"ListItem\",\"position\":2,\"item\":{\"@type\":\"WebPage\",\"@id\":\"https:\/\/brainstore.com.mx\/?page_id=9779\",\"url\":\"https:\/\/brainstore.com.mx\/?page_id=9779\",\"name\":\"Tienda\"}},{\"@type\":\"ListItem\",\"position\":3,\"item\":{\"@type\":\"WebPage\",\"@id\":\"https:\/\/brainstore.com.mx\/?product=diablito-de-aluminio-estandar-llantas-solidas\",\"url\":\"https:\/\/brainstore.com.mx\/?product=diablito-de-aluminio-estandar-llantas-solidas\",\"name\":\"Diablito de Aluminio Est\\u00e1ndar &#8211; Llantas S\\u00f3lidas\"}}]}]}<\/script>\n<!-- \/ Yoast SEO plugin. -->","_links":{"self":[{"href":"https:\/\/brainstore.com.mx\/index.php?rest_route=\/wp\/v2\/product\/10267"}],"collection":[{"href":"https:\/\/brainstore.com.mx\/index.php?rest_route=\/wp\/v2\/product"}],"about":[{"href":"https:\/\/brainstore.com.mx\/index.php?rest_route=\/wp\/v2\/types\/product"}],"replies":[{"embeddable":true,"href":"https:\/\/brainstore.com.mx\/index.php?rest_route=%2Fwp%2Fv2%2Fcomments&post=10267"}],"wp:featuredmedia":[{"embeddable":true,"href":"https:\/\/brainstore.com.mx\/index.php?rest_route=\/wp\/v2\/media\/10270"}],"wp:attachment":[{"href":"https:\/\/brainstore.com.mx\/index.php?rest_route=%2Fwp%2Fv2%2Fmedia&parent=10267"}],"wp:term":[{"taxonomy":"product_cat","embeddable":true,"href":"https:\/\/brainstore.com.mx\/index.php?rest_route=%2Fwp%2Fv2%2Fproduct_cat&post=10267"},{"taxonomy":"product_tag","embeddable":true,"href":"https:\/\/brainstore.com.mx\/index.php?rest_route=%2Fwp%2Fv2%2Fproduct_tag&post=10267"}],"curies":[{"name":"wp","href":"https:\/\/api.w.org\/{rel}","templated":true}]}}