{"id":10279,"date":"2023-06-16T19:03:09","date_gmt":"2023-06-17T01:03:09","guid":{"rendered":"https:\/\/brainstore.com.mx\/?post_type=product&#038;p=10279"},"modified":"2023-10-30T20:12:43","modified_gmt":"2023-10-31T02:12:43","slug":"bolsas-para-cafe-con-fondo-plano-7-x-11-1%e2%81%842-x-4-kraft-18-x-29-x-10-cm","status":"publish","type":"product","link":"https:\/\/brainstore.com.mx\/?product=bolsas-para-cafe-con-fondo-plano-7-x-11-1%e2%81%842-x-4-kraft-18-x-29-x-10-cm","title":{"rendered":"Bolsas para Caf\u00e9 con Fondo Plano"},"content":{"rendered":"<p>Bolsas para Caf\u00e9 con Fondo Plano<\/p>\n<p>Capture el sabor y aroma de sus granos de caf\u00e9 reci\u00e9n tostados.<\/p>\n<ul>\n<li>Caja con 500 piezas<\/li>\n<li>Medidas: 7 x 11 1\u20442 x 4&#8243;=\u00a0 18 x 29 x 10 cm<\/li>\n<li>Cierre herm\u00e9tico para mantener la frescura.<\/li>\n<li>Kraft s\u00f3lido en ambos lados para proteger los granos de la luz.<\/li>\n<li>Se pueden sellar con calor por arriba de las l\u00edneas de abertura.<\/li>\n<li>V\u00e1lvula desgasificadora para prolongar la duraci\u00f3n del caf\u00e9.<\/li>\n<li>Cumplen con FDA y USDA<\/li>\n<\/ul>\n<p>&nbsp;<\/p>\n","protected":false},"excerpt":{"rendered":"<ul>\n<li>Caja con 500 piezas<\/li>\n<li>Capture el sabor y aroma de sus granos de caf\u00e9 reci\u00e9n tostados.<\/li>\n<li>Cierre herm\u00e9tico para mantener la frescura.<\/li>\n<li>Kraft s\u00f3lido en ambos lados para proteger los granos de la luz.<\/li>\n<li>Se pueden sellar con calor por arriba de las l\u00edneas de abertura.<\/li>\n<li>V\u00e1lvula desgasificadora para prolongar la duraci\u00f3n del caf\u00e9.<\/li>\n<li>Cumplen con FDA y USDA.<\/li>\n<\/ul>\n<div class=\"flex-1 overflow-hidden\">\n<div class=\"react-scroll-to-bottom--css-zgsxu-79elbk h-full\">\n<div class=\"react-scroll-to-bottom--css-zgsxu-1n7m0yu\">\n<div class=\"flex flex-col text-sm gizmo:pb-9 dark:bg-gray-800 gizmo:dark:bg-transparent\">\n<div class=\"group w-full text-token-text-primary border-b border-black\/10 gizmo:border-0 dark:border-gray-900\/50 gizmo:dark:border-0 bg-gray-50 gizmo:bg-transparent dark:bg-[#444654] gizmo:dark:bg-transparent\" data-testid=\"conversation-turn-17\">\n<div class=\"p-4 gizmo:py-2 justify-center text-base md:gap-6 md:py-6 m-auto\">\n<div class=\"flex flex-1 gap-4 text-base mx-auto md:gap-6 gizmo:gap-3 gizmo:md:px-5 gizmo:lg:px-1 gizmo:xl:px-5 md:max-w-2xl lg:max-w-[38rem] gizmo:md:max-w-3xl gizmo:lg:max-w-[40rem] gizmo:xl:max-w-[48rem] xl:max-w-3xl }\">\n<div class=\"relative flex w-[calc(100%-50px)] flex-col gizmo:w-full lg:w-[calc(100%-115px)] agent-turn\">\n<div class=\"flex-col gap-1 md:gap-3\">\n<div class=\"flex flex-grow flex-col gap-3 max-w-full\">\n<div class=\"min-h-[20px] flex flex-col items-start gap-3 whitespace-pre-wrap break-words overflow-x-auto\" data-message-author-role=\"assistant\" data-message-id=\"16d17d28-8b53-49d8-b7ab-05ba85d2b5f7\">\n<div class=\"markdown prose w-full break-words dark:prose-invert light\"><\/div>\n<\/div>\n<\/div>\n<\/div>\n<\/div>\n<\/div>\n<\/div>\n<\/div>\n<\/div>\n<\/div>\n<\/div>\n<\/div>\n<div class=\"w-full pt-2 md:pt-0 border-t md:border-t-0 dark:border-white\/20 md:border-transparent md:dark:border-transparent md:pl-2 gizmo:pl-0 gizmo:md:pl-0 md:w-[calc(100%-.5rem)] absolute bottom-0 left-0 md:bg-vert-light-gradient bg-white dark:bg-gray-800 md:!bg-transparent dark:md:bg-vert-dark-gradient\">\n<div class=\"relative px-2 py-2 text-center text-xs text-gray-600 dark:text-gray-300 md:px-[60px]\"><\/div>\n<\/div>\n","protected":false},"featured_media":10287,"comment_status":"open","ping_status":"closed","template":"","meta":[],"product_cat":[121],"product_tag":[154],"yoast_head":"<!-- This site is optimized with the Yoast SEO plugin v15.9 - https:\/\/yoast.com\/wordpress\/plugins\/seo\/ -->\n<title>Bolsas para Caf\u00e9 con Fondo Plano &raquo; Brain Store<\/title>\n<meta name=\"description\" content=\"Bolsas para Caf\u00e9 con Fondo Plano Medidas: 7 x 11 1\u20442 x 4&quot;=\u00a0 18 x 29 x 10 cm Cierre herm\u00e9tico para mantener la frescura de los productos y caf\u00e9\" \/>\n<meta name=\"robots\" content=\"index, follow, max-snippet:-1, max-image-preview:large, max-video-preview:-1\" \/>\n<link rel=\"canonical\" href=\"https:\/\/brainstore.com.mx\/?product=bolsas-para-cafe-con-fondo-plano-7-x-11-1\u20442-x-4-kraft-18-x-29-x-10-cm\" \/>\n<meta property=\"og:locale\" content=\"es_MX\" \/>\n<meta property=\"og:type\" content=\"article\" \/>\n<meta property=\"og:title\" content=\"Bolsas para Caf\u00e9 con Fondo Plano &raquo; Brain Store\" \/>\n<meta property=\"og:description\" content=\"Bolsas para Caf\u00e9 con Fondo Plano Medidas: 7 x 11 1\u20442 x 4&quot;=\u00a0 18 x 29 x 10 cm Cierre herm\u00e9tico para mantener la frescura de los productos y caf\u00e9\" \/>\n<meta property=\"og:url\" content=\"https:\/\/brainstore.com.mx\/?product=bolsas-para-cafe-con-fondo-plano-7-x-11-1\u20442-x-4-kraft-18-x-29-x-10-cm\" \/>\n<meta property=\"og:site_name\" content=\"Brain Store\" \/>\n<meta property=\"article:publisher\" content=\"https:\/\/www.facebook.com\/brainstoremx\/\" \/>\n<meta property=\"article:modified_time\" content=\"2023-10-31T02:12:43+00:00\" \/>\n<meta property=\"og:image\" content=\"https:\/\/brainstore.com.mx\/wp-content\/uploads\/2023\/06\/Bolsa-para-cafe.png\" \/>\n\t<meta property=\"og:image:width\" content=\"712\" \/>\n\t<meta property=\"og:image:height\" content=\"452\" \/>\n<meta name=\"twitter:card\" content=\"summary_large_image\" \/>\n<meta name=\"twitter:label1\" content=\"Tiempo de lectura\">\n\t<meta name=\"twitter:data1\" content=\"1 minuto\">\n<script type=\"application\/ld+json\" class=\"yoast-schema-graph\">{\"@context\":\"https:\/\/schema.org\",\"@graph\":[{\"@type\":\"Organization\",\"@id\":\"https:\/\/brainstore.com.mx\/#organization\",\"name\":\"BRAIN STORE\",\"url\":\"https:\/\/brainstore.com.mx\/\",\"sameAs\":[\"https:\/\/www.facebook.com\/brainstoremx\/\",\"https:\/\/www.linkedin.com\/organization-guest\/company\/brainstore-soluciones-empresariales?challengeId=AQFFTWIZtGeYbAAAAXObhNynGsrNMCCiSF_2EOtAMNY4iQ12tT6IezYHLU5OKTnHBLZnWaGZjTGoZvweYLxXQkK85kBoy5IBjA&amp;amp;amp;amp;amp;amp;submissionId=7aa7c3ff-c747-2616-8f9f-43e49eb5c53f\"],\"logo\":{\"@type\":\"ImageObject\",\"@id\":\"https:\/\/brainstore.com.mx\/#logo\",\"inLanguage\":\"es-MX\",\"url\":\"https:\/\/brainstore.com.mx\/wp-content\/uploads\/2018\/11\/Brain-Store-logo.png\",\"width\":507,\"height\":169,\"caption\":\"BRAIN STORE\"},\"image\":{\"@id\":\"https:\/\/brainstore.com.mx\/#logo\"}},{\"@type\":\"WebSite\",\"@id\":\"https:\/\/brainstore.com.mx\/#website\",\"url\":\"https:\/\/brainstore.com.mx\/\",\"name\":\"Brain Store\",\"description\":\"Soluciones Empresariales\",\"publisher\":{\"@id\":\"https:\/\/brainstore.com.mx\/#organization\"},\"potentialAction\":[{\"@type\":\"SearchAction\",\"target\":\"https:\/\/brainstore.com.mx\/?s={search_term_string}\",\"query-input\":\"required name=search_term_string\"}],\"inLanguage\":\"es-MX\"},{\"@type\":\"ImageObject\",\"@id\":\"https:\/\/brainstore.com.mx\/?product=bolsas-para-cafe-con-fondo-plano-7-x-11-1%e2%81%842-x-4-kraft-18-x-29-x-10-cm#primaryimage\",\"inLanguage\":\"es-MX\",\"url\":\"https:\/\/brainstore.com.mx\/wp-content\/uploads\/2023\/06\/Bolsa-para-cafe.png\",\"width\":712,\"height\":452,\"caption\":\"Bolsa para caf\\u00e9 con fondo plano Kraft\"},{\"@type\":\"WebPage\",\"@id\":\"https:\/\/brainstore.com.mx\/?product=bolsas-para-cafe-con-fondo-plano-7-x-11-1%e2%81%842-x-4-kraft-18-x-29-x-10-cm#webpage\",\"url\":\"https:\/\/brainstore.com.mx\/?product=bolsas-para-cafe-con-fondo-plano-7-x-11-1%e2%81%842-x-4-kraft-18-x-29-x-10-cm\",\"name\":\"Bolsas para Caf\\u00e9 con Fondo Plano &raquo; Brain Store\",\"isPartOf\":{\"@id\":\"https:\/\/brainstore.com.mx\/#website\"},\"primaryImageOfPage\":{\"@id\":\"https:\/\/brainstore.com.mx\/?product=bolsas-para-cafe-con-fondo-plano-7-x-11-1%e2%81%842-x-4-kraft-18-x-29-x-10-cm#primaryimage\"},\"datePublished\":\"2023-06-17T01:03:09+00:00\",\"dateModified\":\"2023-10-31T02:12:43+00:00\",\"description\":\"Bolsas para Caf\\u00e9 con Fondo Plano Medidas: 7 x 11 1\\u20442 x 4\\\"=\\u00a0 18 x 29 x 10 cm Cierre herm\\u00e9tico para mantener la frescura de los productos y caf\\u00e9\",\"breadcrumb\":{\"@id\":\"https:\/\/brainstore.com.mx\/?product=bolsas-para-cafe-con-fondo-plano-7-x-11-1%e2%81%842-x-4-kraft-18-x-29-x-10-cm#breadcrumb\"},\"inLanguage\":\"es-MX\",\"potentialAction\":[{\"@type\":\"ReadAction\",\"target\":[\"https:\/\/brainstore.com.mx\/?product=bolsas-para-cafe-con-fondo-plano-7-x-11-1%e2%81%842-x-4-kraft-18-x-29-x-10-cm\"]}]},{\"@type\":\"BreadcrumbList\",\"@id\":\"https:\/\/brainstore.com.mx\/?product=bolsas-para-cafe-con-fondo-plano-7-x-11-1%e2%81%842-x-4-kraft-18-x-29-x-10-cm#breadcrumb\",\"itemListElement\":[{\"@type\":\"ListItem\",\"position\":1,\"item\":{\"@type\":\"WebPage\",\"@id\":\"https:\/\/brainstore.com.mx\/\",\"url\":\"https:\/\/brainstore.com.mx\/\",\"name\":\"Inicio\"}},{\"@type\":\"ListItem\",\"position\":2,\"item\":{\"@type\":\"WebPage\",\"@id\":\"https:\/\/brainstore.com.mx\/?page_id=9779\",\"url\":\"https:\/\/brainstore.com.mx\/?page_id=9779\",\"name\":\"Tienda\"}},{\"@type\":\"ListItem\",\"position\":3,\"item\":{\"@type\":\"WebPage\",\"@id\":\"https:\/\/brainstore.com.mx\/?product=bolsas-para-cafe-con-fondo-plano-7-x-11-1%e2%81%842-x-4-kraft-18-x-29-x-10-cm\",\"url\":\"https:\/\/brainstore.com.mx\/?product=bolsas-para-cafe-con-fondo-plano-7-x-11-1%e2%81%842-x-4-kraft-18-x-29-x-10-cm\",\"name\":\"Bolsas para Caf\\u00e9 con Fondo Plano\"}}]}]}<\/script>\n<!-- \/ Yoast SEO plugin. -->","_links":{"self":[{"href":"https:\/\/brainstore.com.mx\/index.php?rest_route=\/wp\/v2\/product\/10279"}],"collection":[{"href":"https:\/\/brainstore.com.mx\/index.php?rest_route=\/wp\/v2\/product"}],"about":[{"href":"https:\/\/brainstore.com.mx\/index.php?rest_route=\/wp\/v2\/types\/product"}],"replies":[{"embeddable":true,"href":"https:\/\/brainstore.com.mx\/index.php?rest_route=%2Fwp%2Fv2%2Fcomments&post=10279"}],"wp:featuredmedia":[{"embeddable":true,"href":"https:\/\/brainstore.com.mx\/index.php?rest_route=\/wp\/v2\/media\/10287"}],"wp:attachment":[{"href":"https:\/\/brainstore.com.mx\/index.php?rest_route=%2Fwp%2Fv2%2Fmedia&parent=10279"}],"wp:term":[{"taxonomy":"product_cat","embeddable":true,"href":"https:\/\/brainstore.com.mx\/index.php?rest_route=%2Fwp%2Fv2%2Fproduct_cat&post=10279"},{"taxonomy":"product_tag","embeddable":true,"href":"https:\/\/brainstore.com.mx\/index.php?rest_route=%2Fwp%2Fv2%2Fproduct_tag&post=10279"}],"curies":[{"name":"wp","href":"https:\/\/api.w.org\/{rel}","templated":true}]}}