{"id":10336,"date":"2023-10-09T06:41:53","date_gmt":"2023-10-09T12:41:53","guid":{"rendered":"https:\/\/brainstore.com.mx\/?post_type=product&#038;p=10336"},"modified":"2023-10-30T17:31:32","modified_gmt":"2023-10-30T23:31:32","slug":"maxforce-insecticida-mata-cucarachas-y-plagas","status":"publish","type":"product","link":"https:\/\/brainstore.com.mx\/?product=maxforce-insecticida-mata-cucarachas-y-plagas","title":{"rendered":"MATA CUCARACHAS\u00a0Y\u00a0PLAGAS, MAXFORCE INSECTICIDA DE BAYERN"},"content":{"rendered":"<h1 class=\"ui-pdp-title\">Maxforce Jeringa 30 Gr Veneno Para Cucarachas Max Force<\/h1>\n","protected":false},"excerpt":{"rendered":"<p>MaxForce de Bayern, Mata Cucarachas. Elimina cucarachas de manera efectiva en menos de 3 d\u00edas. \u00a1Adi\u00f3s a las plagas en tu hogar\u00a1 Aplicalo facil<\/p>\n<ul>\n<li>El Paquete De 1 Pieza De Venenos Mata Cucarachas 30 G Bayer es la soluci\u00f3n definitiva para eliminar de una vez por todas las plagas de cucarachas en tu hogar. Este producto, de la reconocida marca Bayer, es un cebo de alta eficacia que extermina las cucarachas de manera r\u00e1pida y segura.<\/li>\n<li>Este paquete incluye una pieza de 30 gramos cada una, lo que te proporciona una cantidad suficiente para tratar \u00e1reas de gran tama\u00f1o. Su f\u00f3rmula especializada act\u00faa directamente sobre las cucarachas, elimin\u00e1ndolas de manera efectiva y evitando su reproducci\u00f3n.<\/li>\n<li>El modelo Cebo Extermina Cucarachas de Bayer es f\u00e1cil de usar y no requiere de conocimientos t\u00e9cnicos para su aplicaci\u00f3n. Simplemente coloca el cebo en las \u00e1reas donde hayas detectado la presencia de cucarachas y deja que el producto haga su trabajo.<\/li>\n<li>Adem\u00e1s, este veneno mata cucarachas es seguro para usar en hogares con ni\u00f1os y mascotas, siempre y cuando se sigan las instrucciones de uso. No esperes m\u00e1s, adquiere el Paquete De 1 Pieza De Venenos Mata Cucarachas 30 G Bayer y disfruta de un hogar libre de plagas.<\/li>\n<\/ul>\n","protected":false},"featured_media":10337,"comment_status":"open","ping_status":"closed","template":"","meta":[],"product_cat":[76],"product_tag":[169,168,167],"yoast_head":"<!-- This site is optimized with the Yoast SEO plugin v15.9 - https:\/\/yoast.com\/wordpress\/plugins\/seo\/ -->\n<title>Mata Cucarachas - MATA CUCARACHAS\u00a0Y\u00a0PLAGAS, MAXFORCE INSECTICIDA DE BAYERN &raquo; Brain Store<\/title>\n<meta name=\"description\" content=\"MaxForce de Bayern, Mata Cucarachas. Elimina cucarachas de manera efectiva en menos de 3 d\u00edas. \u00a1Adi\u00f3s a las plagas en tu hogar\u00a1 Aplicalo facil\" \/>\n<meta name=\"robots\" content=\"index, follow, max-snippet:-1, max-image-preview:large, max-video-preview:-1\" \/>\n<link rel=\"canonical\" href=\"https:\/\/brainstore.com.mx\/?product=maxforce-insecticida-mata-cucarachas-y-plagas\" \/>\n<meta property=\"og:locale\" content=\"es_MX\" \/>\n<meta property=\"og:type\" content=\"article\" \/>\n<meta property=\"og:title\" content=\"Mata Cucarachas - MATA CUCARACHAS\u00a0Y\u00a0PLAGAS, MAXFORCE INSECTICIDA DE BAYERN &raquo; Brain Store\" \/>\n<meta property=\"og:description\" content=\"MaxForce de Bayern, Mata Cucarachas. Elimina cucarachas de manera efectiva en menos de 3 d\u00edas. \u00a1Adi\u00f3s a las plagas en tu hogar\u00a1 Aplicalo facil\" \/>\n<meta property=\"og:url\" content=\"https:\/\/brainstore.com.mx\/?product=maxforce-insecticida-mata-cucarachas-y-plagas\" \/>\n<meta property=\"og:site_name\" content=\"Brain Store\" \/>\n<meta property=\"article:publisher\" content=\"https:\/\/www.facebook.com\/brainstoremx\/\" \/>\n<meta property=\"article:modified_time\" content=\"2023-10-30T23:31:32+00:00\" \/>\n<meta property=\"og:image\" content=\"https:\/\/brainstore.com.mx\/wp-content\/uploads\/2023\/10\/bayern_maxiforce.jpg\" \/>\n\t<meta property=\"og:image:width\" content=\"808\" \/>\n\t<meta property=\"og:image:height\" content=\"1200\" \/>\n<meta name=\"twitter:card\" content=\"summary_large_image\" \/>\n<meta name=\"twitter:label1\" content=\"Tiempo de lectura\">\n\t<meta name=\"twitter:data1\" content=\"1 minuto\">\n<script type=\"application\/ld+json\" class=\"yoast-schema-graph\">{\"@context\":\"https:\/\/schema.org\",\"@graph\":[{\"@type\":\"Organization\",\"@id\":\"https:\/\/brainstore.com.mx\/#organization\",\"name\":\"BRAIN STORE\",\"url\":\"https:\/\/brainstore.com.mx\/\",\"sameAs\":[\"https:\/\/www.facebook.com\/brainstoremx\/\",\"https:\/\/www.linkedin.com\/organization-guest\/company\/brainstore-soluciones-empresariales?challengeId=AQFFTWIZtGeYbAAAAXObhNynGsrNMCCiSF_2EOtAMNY4iQ12tT6IezYHLU5OKTnHBLZnWaGZjTGoZvweYLxXQkK85kBoy5IBjA&amp;amp;amp;amp;amp;amp;submissionId=7aa7c3ff-c747-2616-8f9f-43e49eb5c53f\"],\"logo\":{\"@type\":\"ImageObject\",\"@id\":\"https:\/\/brainstore.com.mx\/#logo\",\"inLanguage\":\"es-MX\",\"url\":\"https:\/\/brainstore.com.mx\/wp-content\/uploads\/2018\/11\/Brain-Store-logo.png\",\"width\":507,\"height\":169,\"caption\":\"BRAIN STORE\"},\"image\":{\"@id\":\"https:\/\/brainstore.com.mx\/#logo\"}},{\"@type\":\"WebSite\",\"@id\":\"https:\/\/brainstore.com.mx\/#website\",\"url\":\"https:\/\/brainstore.com.mx\/\",\"name\":\"Brain Store\",\"description\":\"Soluciones Empresariales\",\"publisher\":{\"@id\":\"https:\/\/brainstore.com.mx\/#organization\"},\"potentialAction\":[{\"@type\":\"SearchAction\",\"target\":\"https:\/\/brainstore.com.mx\/?s={search_term_string}\",\"query-input\":\"required name=search_term_string\"}],\"inLanguage\":\"es-MX\"},{\"@type\":\"ImageObject\",\"@id\":\"https:\/\/brainstore.com.mx\/?product=maxforce-insecticida-mata-cucarachas-y-plagas#primaryimage\",\"inLanguage\":\"es-MX\",\"url\":\"https:\/\/brainstore.com.mx\/wp-content\/uploads\/2023\/10\/bayern_maxiforce.jpg\",\"width\":808,\"height\":1200,\"caption\":\"Insecticida, mata cucarachas, y plagas\"},{\"@type\":\"WebPage\",\"@id\":\"https:\/\/brainstore.com.mx\/?product=maxforce-insecticida-mata-cucarachas-y-plagas#webpage\",\"url\":\"https:\/\/brainstore.com.mx\/?product=maxforce-insecticida-mata-cucarachas-y-plagas\",\"name\":\"Mata Cucarachas - MATA CUCARACHAS\\u00a0Y\\u00a0PLAGAS, MAXFORCE INSECTICIDA DE BAYERN &raquo; Brain Store\",\"isPartOf\":{\"@id\":\"https:\/\/brainstore.com.mx\/#website\"},\"primaryImageOfPage\":{\"@id\":\"https:\/\/brainstore.com.mx\/?product=maxforce-insecticida-mata-cucarachas-y-plagas#primaryimage\"},\"datePublished\":\"2023-10-09T12:41:53+00:00\",\"dateModified\":\"2023-10-30T23:31:32+00:00\",\"description\":\"MaxForce de Bayern, Mata Cucarachas. Elimina cucarachas de manera efectiva en menos de 3 d\\u00edas. \\u00a1Adi\\u00f3s a las plagas en tu hogar\\u00a1 Aplicalo facil\",\"breadcrumb\":{\"@id\":\"https:\/\/brainstore.com.mx\/?product=maxforce-insecticida-mata-cucarachas-y-plagas#breadcrumb\"},\"inLanguage\":\"es-MX\",\"potentialAction\":[{\"@type\":\"ReadAction\",\"target\":[\"https:\/\/brainstore.com.mx\/?product=maxforce-insecticida-mata-cucarachas-y-plagas\"]}]},{\"@type\":\"BreadcrumbList\",\"@id\":\"https:\/\/brainstore.com.mx\/?product=maxforce-insecticida-mata-cucarachas-y-plagas#breadcrumb\",\"itemListElement\":[{\"@type\":\"ListItem\",\"position\":1,\"item\":{\"@type\":\"WebPage\",\"@id\":\"https:\/\/brainstore.com.mx\/\",\"url\":\"https:\/\/brainstore.com.mx\/\",\"name\":\"Inicio\"}},{\"@type\":\"ListItem\",\"position\":2,\"item\":{\"@type\":\"WebPage\",\"@id\":\"https:\/\/brainstore.com.mx\/?page_id=9779\",\"url\":\"https:\/\/brainstore.com.mx\/?page_id=9779\",\"name\":\"Tienda\"}},{\"@type\":\"ListItem\",\"position\":3,\"item\":{\"@type\":\"WebPage\",\"@id\":\"https:\/\/brainstore.com.mx\/?product=maxforce-insecticida-mata-cucarachas-y-plagas\",\"url\":\"https:\/\/brainstore.com.mx\/?product=maxforce-insecticida-mata-cucarachas-y-plagas\",\"name\":\"MATA CUCARACHAS\\u00a0Y\\u00a0PLAGAS, MAXFORCE INSECTICIDA DE BAYERN\"}}]}]}<\/script>\n<!-- \/ Yoast SEO plugin. -->","_links":{"self":[{"href":"https:\/\/brainstore.com.mx\/index.php?rest_route=\/wp\/v2\/product\/10336"}],"collection":[{"href":"https:\/\/brainstore.com.mx\/index.php?rest_route=\/wp\/v2\/product"}],"about":[{"href":"https:\/\/brainstore.com.mx\/index.php?rest_route=\/wp\/v2\/types\/product"}],"replies":[{"embeddable":true,"href":"https:\/\/brainstore.com.mx\/index.php?rest_route=%2Fwp%2Fv2%2Fcomments&post=10336"}],"wp:featuredmedia":[{"embeddable":true,"href":"https:\/\/brainstore.com.mx\/index.php?rest_route=\/wp\/v2\/media\/10337"}],"wp:attachment":[{"href":"https:\/\/brainstore.com.mx\/index.php?rest_route=%2Fwp%2Fv2%2Fmedia&parent=10336"}],"wp:term":[{"taxonomy":"product_cat","embeddable":true,"href":"https:\/\/brainstore.com.mx\/index.php?rest_route=%2Fwp%2Fv2%2Fproduct_cat&post=10336"},{"taxonomy":"product_tag","embeddable":true,"href":"https:\/\/brainstore.com.mx\/index.php?rest_route=%2Fwp%2Fv2%2Fproduct_tag&post=10336"}],"curies":[{"name":"wp","href":"https:\/\/api.w.org\/{rel}","templated":true}]}}