{"id":9891,"date":"2022-10-19T22:04:11","date_gmt":"2022-10-20T03:04:11","guid":{"rendered":"http:\/\/brainstore.com.mx\/?post_type=product&#038;p=9891"},"modified":"2022-10-19T22:04:11","modified_gmt":"2022-10-20T03:04:11","slug":"estibador-hidraulico","status":"publish","type":"product","link":"https:\/\/brainstore.com.mx\/?product=estibador-hidraulico","title":{"rendered":"Estibador Hidr\u00e1ulico"},"content":{"rendered":"","protected":false},"excerpt":{"rendered":"<ul>\n<li>Facilite el movimiento del almac\u00e9n a la oficina. Entregue papel para copias y equipos pesados.<\/li>\n<li>Manejo f\u00e1cil para una sola persona en pasillos estrechos, \u00e1reas congestionadas o cuartos de inventario.<\/li>\n<li>Ancho de 26&#8243;&#8221;, delgado, cabe a trav\u00e9s de puertas est\u00e1ndar.<\/li>\n<li>Levante y baje cargas manualmente con el pedal.<\/li>\n<li>Acero resistente con freno de piso para uso pesado.<\/li>\n<\/ul>\n","protected":false},"featured_media":9892,"comment_status":"open","ping_status":"closed","template":"","meta":[],"product_cat":[65],"product_tag":[93],"yoast_head":"<!-- This site is optimized with the Yoast SEO plugin v15.9 - https:\/\/yoast.com\/wordpress\/plugins\/seo\/ -->\n<title>Estibador Hidr\u00e1ulico &raquo; Brain Store<\/title>\n<meta name=\"robots\" content=\"index, follow, max-snippet:-1, max-image-preview:large, max-video-preview:-1\" \/>\n<link rel=\"canonical\" href=\"https:\/\/brainstore.com.mx\/?product=estibador-hidraulico\" \/>\n<meta property=\"og:locale\" content=\"es_MX\" \/>\n<meta property=\"og:type\" content=\"article\" \/>\n<meta property=\"og:title\" content=\"Estibador Hidr\u00e1ulico &raquo; Brain Store\" \/>\n<meta property=\"og:description\" content=\"Facilite el movimiento del almac\u00e9n a la oficina. Entregue papel para copias y equipos pesados.  Manejo f\u00e1cil para una sola persona en pasillos estrechos, \u00e1reas congestionadas o cuartos de inventario.  Ancho de 26&quot;&quot;, delgado, cabe a trav\u00e9s de puertas est\u00e1ndar.  Levante y baje cargas manualmente con el pedal.  Acero resistente con freno de piso para uso pesado.\" \/>\n<meta property=\"og:url\" content=\"https:\/\/brainstore.com.mx\/?product=estibador-hidraulico\" \/>\n<meta property=\"og:site_name\" content=\"Brain Store\" \/>\n<meta property=\"article:publisher\" content=\"https:\/\/www.facebook.com\/brainstoremx\/\" \/>\n<meta property=\"og:image\" content=\"https:\/\/brainstore.com.mx\/wp-content\/uploads\/2022\/10\/Estibador.png\" \/>\n\t<meta property=\"og:image:width\" content=\"640\" \/>\n\t<meta property=\"og:image:height\" content=\"457\" \/>\n<meta name=\"twitter:card\" content=\"summary_large_image\" \/>\n<script type=\"application\/ld+json\" class=\"yoast-schema-graph\">{\"@context\":\"https:\/\/schema.org\",\"@graph\":[{\"@type\":\"Organization\",\"@id\":\"https:\/\/brainstore.com.mx\/#organization\",\"name\":\"BRAIN STORE\",\"url\":\"https:\/\/brainstore.com.mx\/\",\"sameAs\":[\"https:\/\/www.facebook.com\/brainstoremx\/\",\"https:\/\/www.linkedin.com\/organization-guest\/company\/brainstore-soluciones-empresariales?challengeId=AQFFTWIZtGeYbAAAAXObhNynGsrNMCCiSF_2EOtAMNY4iQ12tT6IezYHLU5OKTnHBLZnWaGZjTGoZvweYLxXQkK85kBoy5IBjA&amp;amp;amp;amp;amp;amp;submissionId=7aa7c3ff-c747-2616-8f9f-43e49eb5c53f\"],\"logo\":{\"@type\":\"ImageObject\",\"@id\":\"https:\/\/brainstore.com.mx\/#logo\",\"inLanguage\":\"es-MX\",\"url\":\"https:\/\/brainstore.com.mx\/wp-content\/uploads\/2018\/11\/Brain-Store-logo.png\",\"width\":507,\"height\":169,\"caption\":\"BRAIN STORE\"},\"image\":{\"@id\":\"https:\/\/brainstore.com.mx\/#logo\"}},{\"@type\":\"WebSite\",\"@id\":\"https:\/\/brainstore.com.mx\/#website\",\"url\":\"https:\/\/brainstore.com.mx\/\",\"name\":\"Brain Store\",\"description\":\"Soluciones Empresariales\",\"publisher\":{\"@id\":\"https:\/\/brainstore.com.mx\/#organization\"},\"potentialAction\":[{\"@type\":\"SearchAction\",\"target\":\"https:\/\/brainstore.com.mx\/?s={search_term_string}\",\"query-input\":\"required name=search_term_string\"}],\"inLanguage\":\"es-MX\"},{\"@type\":\"ImageObject\",\"@id\":\"https:\/\/brainstore.com.mx\/?product=estibador-hidraulico#primaryimage\",\"inLanguage\":\"es-MX\",\"url\":\"https:\/\/brainstore.com.mx\/wp-content\/uploads\/2022\/10\/Estibador.png\",\"width\":640,\"height\":457},{\"@type\":\"WebPage\",\"@id\":\"https:\/\/brainstore.com.mx\/?product=estibador-hidraulico#webpage\",\"url\":\"https:\/\/brainstore.com.mx\/?product=estibador-hidraulico\",\"name\":\"Estibador Hidr\\u00e1ulico &raquo; Brain Store\",\"isPartOf\":{\"@id\":\"https:\/\/brainstore.com.mx\/#website\"},\"primaryImageOfPage\":{\"@id\":\"https:\/\/brainstore.com.mx\/?product=estibador-hidraulico#primaryimage\"},\"datePublished\":\"2022-10-20T03:04:11+00:00\",\"dateModified\":\"2022-10-20T03:04:11+00:00\",\"breadcrumb\":{\"@id\":\"https:\/\/brainstore.com.mx\/?product=estibador-hidraulico#breadcrumb\"},\"inLanguage\":\"es-MX\",\"potentialAction\":[{\"@type\":\"ReadAction\",\"target\":[\"https:\/\/brainstore.com.mx\/?product=estibador-hidraulico\"]}]},{\"@type\":\"BreadcrumbList\",\"@id\":\"https:\/\/brainstore.com.mx\/?product=estibador-hidraulico#breadcrumb\",\"itemListElement\":[{\"@type\":\"ListItem\",\"position\":1,\"item\":{\"@type\":\"WebPage\",\"@id\":\"https:\/\/brainstore.com.mx\/\",\"url\":\"https:\/\/brainstore.com.mx\/\",\"name\":\"Inicio\"}},{\"@type\":\"ListItem\",\"position\":2,\"item\":{\"@type\":\"WebPage\",\"@id\":\"https:\/\/brainstore.com.mx\/?page_id=9779\",\"url\":\"https:\/\/brainstore.com.mx\/?page_id=9779\",\"name\":\"Tienda\"}},{\"@type\":\"ListItem\",\"position\":3,\"item\":{\"@type\":\"WebPage\",\"@id\":\"https:\/\/brainstore.com.mx\/?product=estibador-hidraulico\",\"url\":\"https:\/\/brainstore.com.mx\/?product=estibador-hidraulico\",\"name\":\"Estibador Hidr\\u00e1ulico\"}}]}]}<\/script>\n<!-- \/ Yoast SEO plugin. -->","_links":{"self":[{"href":"https:\/\/brainstore.com.mx\/index.php?rest_route=\/wp\/v2\/product\/9891"}],"collection":[{"href":"https:\/\/brainstore.com.mx\/index.php?rest_route=\/wp\/v2\/product"}],"about":[{"href":"https:\/\/brainstore.com.mx\/index.php?rest_route=\/wp\/v2\/types\/product"}],"replies":[{"embeddable":true,"href":"https:\/\/brainstore.com.mx\/index.php?rest_route=%2Fwp%2Fv2%2Fcomments&post=9891"}],"wp:featuredmedia":[{"embeddable":true,"href":"https:\/\/brainstore.com.mx\/index.php?rest_route=\/wp\/v2\/media\/9892"}],"wp:attachment":[{"href":"https:\/\/brainstore.com.mx\/index.php?rest_route=%2Fwp%2Fv2%2Fmedia&parent=9891"}],"wp:term":[{"taxonomy":"product_cat","embeddable":true,"href":"https:\/\/brainstore.com.mx\/index.php?rest_route=%2Fwp%2Fv2%2Fproduct_cat&post=9891"},{"taxonomy":"product_tag","embeddable":true,"href":"https:\/\/brainstore.com.mx\/index.php?rest_route=%2Fwp%2Fv2%2Fproduct_tag&post=9891"}],"curies":[{"name":"wp","href":"https:\/\/api.w.org\/{rel}","templated":true}]}}