{"id":9896,"date":"2022-10-19T22:19:49","date_gmt":"2022-10-20T03:19:49","guid":{"rendered":"http:\/\/brainstore.com.mx\/?post_type=product&#038;p=9896"},"modified":"2022-10-19T22:19:49","modified_gmt":"2022-10-20T03:19:49","slug":"estibador-electrico","status":"publish","type":"product","link":"https:\/\/brainstore.com.mx\/?product=estibador-electrico","title":{"rendered":"Estibador El\u00e9ctrico"},"content":{"rendered":"","protected":false},"excerpt":{"rendered":"<ul>\n<li>Mueva y eleve tarimas en centros de distribuci\u00f3n y megatiendas.<\/li>\n<li>Radio compacto de 54&#8243;&#8221; para dar vuelta.<\/li>\n<li>Motor de propulsi\u00f3n de 700 watts, motor de elevaci\u00f3n de 2,000 watts.<\/li>\n<li>Centro de carga de 24&#8243;&#8221; apto para tarimas hasta de 48&#8243;&#8221;.<\/li>\n<li>Las patas se ajustan de 38&#8243;&#8221; a 52&#8243;&#8221;, apto para la mayor\u00eda de las tarimas.<\/li>\n<li>4 horas de servicio por carga: dos bater\u00edas recargables de 12 voltios, 70 Ah con<br \/>\ncargador integrado.<\/li>\n<li>Llantas de poliuretano ruedan suavemente.<\/li>\n<li>Radio de giro de 180\u00b0.<\/li>\n<\/ul>\n","protected":false},"featured_media":9897,"comment_status":"open","ping_status":"closed","template":"","meta":[],"product_cat":[65],"product_tag":[93],"yoast_head":"<!-- This site is optimized with the Yoast SEO plugin v15.9 - https:\/\/yoast.com\/wordpress\/plugins\/seo\/ -->\n<title>Estibador El\u00e9ctrico &raquo; Brain Store<\/title>\n<meta name=\"robots\" content=\"index, follow, max-snippet:-1, max-image-preview:large, max-video-preview:-1\" \/>\n<link rel=\"canonical\" href=\"https:\/\/brainstore.com.mx\/?product=estibador-electrico\" \/>\n<meta property=\"og:locale\" content=\"es_MX\" \/>\n<meta property=\"og:type\" content=\"article\" \/>\n<meta property=\"og:title\" content=\"Estibador El\u00e9ctrico &raquo; Brain Store\" \/>\n<meta property=\"og:description\" content=\"Mueva y eleve tarimas en centros de distribuci\u00f3n y megatiendas.  Radio compacto de 54&quot;&quot; para dar vuelta.  Motor de propulsi\u00f3n de 700 watts, motor de elevaci\u00f3n de 2,000 watts.  Centro de carga de 24&quot;&quot; apto para tarimas hasta de 48&quot;&quot;.  Las patas se ajustan de 38&quot;&quot; a 52&quot;&quot;, apto para la mayor\u00eda de las tarimas.  4 horas de servicio por carga: dos bater\u00edas recargables de 12 voltios, 70 Ah con cargador integrado.  Llantas de poliuretano ruedan suavemente.  Radio de giro de 180\u00b0.\" \/>\n<meta property=\"og:url\" content=\"https:\/\/brainstore.com.mx\/?product=estibador-electrico\" \/>\n<meta property=\"og:site_name\" content=\"Brain Store\" \/>\n<meta property=\"article:publisher\" content=\"https:\/\/www.facebook.com\/brainstoremx\/\" \/>\n<meta property=\"og:image\" content=\"https:\/\/brainstore.com.mx\/wp-content\/uploads\/2022\/10\/estibador-electrico.png\" \/>\n\t<meta property=\"og:image:width\" content=\"640\" \/>\n\t<meta property=\"og:image:height\" content=\"496\" \/>\n<meta name=\"twitter:card\" content=\"summary_large_image\" \/>\n<script type=\"application\/ld+json\" class=\"yoast-schema-graph\">{\"@context\":\"https:\/\/schema.org\",\"@graph\":[{\"@type\":\"Organization\",\"@id\":\"https:\/\/brainstore.com.mx\/#organization\",\"name\":\"BRAIN STORE\",\"url\":\"https:\/\/brainstore.com.mx\/\",\"sameAs\":[\"https:\/\/www.facebook.com\/brainstoremx\/\",\"https:\/\/www.linkedin.com\/organization-guest\/company\/brainstore-soluciones-empresariales?challengeId=AQFFTWIZtGeYbAAAAXObhNynGsrNMCCiSF_2EOtAMNY4iQ12tT6IezYHLU5OKTnHBLZnWaGZjTGoZvweYLxXQkK85kBoy5IBjA&amp;amp;amp;amp;amp;amp;submissionId=7aa7c3ff-c747-2616-8f9f-43e49eb5c53f\"],\"logo\":{\"@type\":\"ImageObject\",\"@id\":\"https:\/\/brainstore.com.mx\/#logo\",\"inLanguage\":\"es-MX\",\"url\":\"https:\/\/brainstore.com.mx\/wp-content\/uploads\/2018\/11\/Brain-Store-logo.png\",\"width\":507,\"height\":169,\"caption\":\"BRAIN STORE\"},\"image\":{\"@id\":\"https:\/\/brainstore.com.mx\/#logo\"}},{\"@type\":\"WebSite\",\"@id\":\"https:\/\/brainstore.com.mx\/#website\",\"url\":\"https:\/\/brainstore.com.mx\/\",\"name\":\"Brain Store\",\"description\":\"Soluciones Empresariales\",\"publisher\":{\"@id\":\"https:\/\/brainstore.com.mx\/#organization\"},\"potentialAction\":[{\"@type\":\"SearchAction\",\"target\":\"https:\/\/brainstore.com.mx\/?s={search_term_string}\",\"query-input\":\"required name=search_term_string\"}],\"inLanguage\":\"es-MX\"},{\"@type\":\"ImageObject\",\"@id\":\"https:\/\/brainstore.com.mx\/?product=estibador-electrico#primaryimage\",\"inLanguage\":\"es-MX\",\"url\":\"https:\/\/brainstore.com.mx\/wp-content\/uploads\/2022\/10\/estibador-electrico.png\",\"width\":640,\"height\":496},{\"@type\":\"WebPage\",\"@id\":\"https:\/\/brainstore.com.mx\/?product=estibador-electrico#webpage\",\"url\":\"https:\/\/brainstore.com.mx\/?product=estibador-electrico\",\"name\":\"Estibador El\\u00e9ctrico &raquo; Brain Store\",\"isPartOf\":{\"@id\":\"https:\/\/brainstore.com.mx\/#website\"},\"primaryImageOfPage\":{\"@id\":\"https:\/\/brainstore.com.mx\/?product=estibador-electrico#primaryimage\"},\"datePublished\":\"2022-10-20T03:19:49+00:00\",\"dateModified\":\"2022-10-20T03:19:49+00:00\",\"breadcrumb\":{\"@id\":\"https:\/\/brainstore.com.mx\/?product=estibador-electrico#breadcrumb\"},\"inLanguage\":\"es-MX\",\"potentialAction\":[{\"@type\":\"ReadAction\",\"target\":[\"https:\/\/brainstore.com.mx\/?product=estibador-electrico\"]}]},{\"@type\":\"BreadcrumbList\",\"@id\":\"https:\/\/brainstore.com.mx\/?product=estibador-electrico#breadcrumb\",\"itemListElement\":[{\"@type\":\"ListItem\",\"position\":1,\"item\":{\"@type\":\"WebPage\",\"@id\":\"https:\/\/brainstore.com.mx\/\",\"url\":\"https:\/\/brainstore.com.mx\/\",\"name\":\"Inicio\"}},{\"@type\":\"ListItem\",\"position\":2,\"item\":{\"@type\":\"WebPage\",\"@id\":\"https:\/\/brainstore.com.mx\/?page_id=9779\",\"url\":\"https:\/\/brainstore.com.mx\/?page_id=9779\",\"name\":\"Tienda\"}},{\"@type\":\"ListItem\",\"position\":3,\"item\":{\"@type\":\"WebPage\",\"@id\":\"https:\/\/brainstore.com.mx\/?product=estibador-electrico\",\"url\":\"https:\/\/brainstore.com.mx\/?product=estibador-electrico\",\"name\":\"Estibador El\\u00e9ctrico\"}}]}]}<\/script>\n<!-- \/ Yoast SEO plugin. -->","_links":{"self":[{"href":"https:\/\/brainstore.com.mx\/index.php?rest_route=\/wp\/v2\/product\/9896"}],"collection":[{"href":"https:\/\/brainstore.com.mx\/index.php?rest_route=\/wp\/v2\/product"}],"about":[{"href":"https:\/\/brainstore.com.mx\/index.php?rest_route=\/wp\/v2\/types\/product"}],"replies":[{"embeddable":true,"href":"https:\/\/brainstore.com.mx\/index.php?rest_route=%2Fwp%2Fv2%2Fcomments&post=9896"}],"wp:featuredmedia":[{"embeddable":true,"href":"https:\/\/brainstore.com.mx\/index.php?rest_route=\/wp\/v2\/media\/9897"}],"wp:attachment":[{"href":"https:\/\/brainstore.com.mx\/index.php?rest_route=%2Fwp%2Fv2%2Fmedia&parent=9896"}],"wp:term":[{"taxonomy":"product_cat","embeddable":true,"href":"https:\/\/brainstore.com.mx\/index.php?rest_route=%2Fwp%2Fv2%2Fproduct_cat&post=9896"},{"taxonomy":"product_tag","embeddable":true,"href":"https:\/\/brainstore.com.mx\/index.php?rest_route=%2Fwp%2Fv2%2Fproduct_tag&post=9896"}],"curies":[{"name":"wp","href":"https:\/\/api.w.org\/{rel}","templated":true}]}}