{"id":9906,"date":"2022-10-27T07:00:23","date_gmt":"2022-10-27T12:00:23","guid":{"rendered":"http:\/\/brainstore.com.mx\/?post_type=product&#038;p=9906"},"modified":"2022-10-27T07:00:24","modified_gmt":"2022-10-27T12:00:24","slug":"despachador-de-higienico-experience-jumbo-coreless-automatico-blanco","status":"publish","type":"product","link":"https:\/\/brainstore.com.mx\/?product=despachador-de-higienico-experience-jumbo-coreless-automatico-blanco","title":{"rendered":"Despachador De Higienico Experience Jumbo Coreless Automatico Blanco"},"content":{"rendered":"","protected":false},"excerpt":{"rendered":"<ul>\n<li>Despachador Autom\u00e1tico de Papel Higi\u00e9nico EXPERIENCE JUMBO CORELESS.<\/li>\n<li>Dise\u00f1o innovador e higi\u00e9nico que evita tocar el despachador.<\/li>\n<li>Ajuste de largo de hoja.<\/li>\n<li>Stub Roll evita escasez.<\/li>\n<li>Indicador de bater\u00eda, utiliza 4 pilas D. Dispensa 90517.<\/li>\n<li>Color Blanco.<\/li>\n<\/ul>\n","protected":false},"featured_media":9907,"comment_status":"open","ping_status":"closed","template":"","meta":[],"product_cat":[76],"product_tag":[95],"yoast_head":"<!-- This site is optimized with the Yoast SEO plugin v15.9 - https:\/\/yoast.com\/wordpress\/plugins\/seo\/ -->\n<title>Despachador De Higienico Experience Jumbo Coreless Automatico Blanco &raquo; Brain Store<\/title>\n<meta name=\"robots\" content=\"index, follow, max-snippet:-1, max-image-preview:large, max-video-preview:-1\" \/>\n<link rel=\"canonical\" href=\"https:\/\/brainstore.com.mx\/?product=despachador-de-higienico-experience-jumbo-coreless-automatico-blanco\" \/>\n<meta property=\"og:locale\" content=\"es_MX\" \/>\n<meta property=\"og:type\" content=\"article\" \/>\n<meta property=\"og:title\" content=\"Despachador De Higienico Experience Jumbo Coreless Automatico Blanco &raquo; Brain Store\" \/>\n<meta property=\"og:description\" content=\"Despachador Autom\u00e1tico de Papel Higi\u00e9nico EXPERIENCE JUMBO CORELESS.  Dise\u00f1o innovador e higi\u00e9nico que evita tocar el despachador.  Ajuste de largo de hoja.  Stub Roll evita escasez.  Indicador de bater\u00eda, utiliza 4 pilas D. Dispensa 90517.  Color Blanco.\" \/>\n<meta property=\"og:url\" content=\"https:\/\/brainstore.com.mx\/?product=despachador-de-higienico-experience-jumbo-coreless-automatico-blanco\" \/>\n<meta property=\"og:site_name\" content=\"Brain Store\" \/>\n<meta property=\"article:publisher\" content=\"https:\/\/www.facebook.com\/brainstoremx\/\" \/>\n<meta property=\"article:modified_time\" content=\"2022-10-27T12:00:24+00:00\" \/>\n<meta property=\"og:image\" content=\"https:\/\/brainstore.com.mx\/wp-content\/uploads\/2022\/10\/9617.jpg\" \/>\n\t<meta property=\"og:image:width\" content=\"260\" \/>\n\t<meta property=\"og:image:height\" content=\"260\" \/>\n<meta name=\"twitter:card\" content=\"summary_large_image\" \/>\n<script type=\"application\/ld+json\" class=\"yoast-schema-graph\">{\"@context\":\"https:\/\/schema.org\",\"@graph\":[{\"@type\":\"Organization\",\"@id\":\"https:\/\/brainstore.com.mx\/#organization\",\"name\":\"BRAIN STORE\",\"url\":\"https:\/\/brainstore.com.mx\/\",\"sameAs\":[\"https:\/\/www.facebook.com\/brainstoremx\/\",\"https:\/\/www.linkedin.com\/organization-guest\/company\/brainstore-soluciones-empresariales?challengeId=AQFFTWIZtGeYbAAAAXObhNynGsrNMCCiSF_2EOtAMNY4iQ12tT6IezYHLU5OKTnHBLZnWaGZjTGoZvweYLxXQkK85kBoy5IBjA&amp;amp;amp;amp;amp;amp;submissionId=7aa7c3ff-c747-2616-8f9f-43e49eb5c53f\"],\"logo\":{\"@type\":\"ImageObject\",\"@id\":\"https:\/\/brainstore.com.mx\/#logo\",\"inLanguage\":\"es-MX\",\"url\":\"https:\/\/brainstore.com.mx\/wp-content\/uploads\/2018\/11\/Brain-Store-logo.png\",\"width\":507,\"height\":169,\"caption\":\"BRAIN STORE\"},\"image\":{\"@id\":\"https:\/\/brainstore.com.mx\/#logo\"}},{\"@type\":\"WebSite\",\"@id\":\"https:\/\/brainstore.com.mx\/#website\",\"url\":\"https:\/\/brainstore.com.mx\/\",\"name\":\"Brain Store\",\"description\":\"Soluciones Empresariales\",\"publisher\":{\"@id\":\"https:\/\/brainstore.com.mx\/#organization\"},\"potentialAction\":[{\"@type\":\"SearchAction\",\"target\":\"https:\/\/brainstore.com.mx\/?s={search_term_string}\",\"query-input\":\"required name=search_term_string\"}],\"inLanguage\":\"es-MX\"},{\"@type\":\"ImageObject\",\"@id\":\"https:\/\/brainstore.com.mx\/?product=despachador-de-higienico-experience-jumbo-coreless-automatico-blanco#primaryimage\",\"inLanguage\":\"es-MX\",\"url\":\"https:\/\/brainstore.com.mx\/wp-content\/uploads\/2022\/10\/9617.jpg\",\"width\":260,\"height\":260},{\"@type\":\"WebPage\",\"@id\":\"https:\/\/brainstore.com.mx\/?product=despachador-de-higienico-experience-jumbo-coreless-automatico-blanco#webpage\",\"url\":\"https:\/\/brainstore.com.mx\/?product=despachador-de-higienico-experience-jumbo-coreless-automatico-blanco\",\"name\":\"Despachador De Higienico Experience Jumbo Coreless Automatico Blanco &raquo; Brain Store\",\"isPartOf\":{\"@id\":\"https:\/\/brainstore.com.mx\/#website\"},\"primaryImageOfPage\":{\"@id\":\"https:\/\/brainstore.com.mx\/?product=despachador-de-higienico-experience-jumbo-coreless-automatico-blanco#primaryimage\"},\"datePublished\":\"2022-10-27T12:00:23+00:00\",\"dateModified\":\"2022-10-27T12:00:24+00:00\",\"breadcrumb\":{\"@id\":\"https:\/\/brainstore.com.mx\/?product=despachador-de-higienico-experience-jumbo-coreless-automatico-blanco#breadcrumb\"},\"inLanguage\":\"es-MX\",\"potentialAction\":[{\"@type\":\"ReadAction\",\"target\":[\"https:\/\/brainstore.com.mx\/?product=despachador-de-higienico-experience-jumbo-coreless-automatico-blanco\"]}]},{\"@type\":\"BreadcrumbList\",\"@id\":\"https:\/\/brainstore.com.mx\/?product=despachador-de-higienico-experience-jumbo-coreless-automatico-blanco#breadcrumb\",\"itemListElement\":[{\"@type\":\"ListItem\",\"position\":1,\"item\":{\"@type\":\"WebPage\",\"@id\":\"https:\/\/brainstore.com.mx\/\",\"url\":\"https:\/\/brainstore.com.mx\/\",\"name\":\"Inicio\"}},{\"@type\":\"ListItem\",\"position\":2,\"item\":{\"@type\":\"WebPage\",\"@id\":\"https:\/\/brainstore.com.mx\/?page_id=9779\",\"url\":\"https:\/\/brainstore.com.mx\/?page_id=9779\",\"name\":\"Tienda\"}},{\"@type\":\"ListItem\",\"position\":3,\"item\":{\"@type\":\"WebPage\",\"@id\":\"https:\/\/brainstore.com.mx\/?product=despachador-de-higienico-experience-jumbo-coreless-automatico-blanco\",\"url\":\"https:\/\/brainstore.com.mx\/?product=despachador-de-higienico-experience-jumbo-coreless-automatico-blanco\",\"name\":\"Despachador De Higienico Experience Jumbo Coreless Automatico Blanco\"}}]}]}<\/script>\n<!-- \/ Yoast SEO plugin. -->","_links":{"self":[{"href":"https:\/\/brainstore.com.mx\/index.php?rest_route=\/wp\/v2\/product\/9906"}],"collection":[{"href":"https:\/\/brainstore.com.mx\/index.php?rest_route=\/wp\/v2\/product"}],"about":[{"href":"https:\/\/brainstore.com.mx\/index.php?rest_route=\/wp\/v2\/types\/product"}],"replies":[{"embeddable":true,"href":"https:\/\/brainstore.com.mx\/index.php?rest_route=%2Fwp%2Fv2%2Fcomments&post=9906"}],"wp:featuredmedia":[{"embeddable":true,"href":"https:\/\/brainstore.com.mx\/index.php?rest_route=\/wp\/v2\/media\/9907"}],"wp:attachment":[{"href":"https:\/\/brainstore.com.mx\/index.php?rest_route=%2Fwp%2Fv2%2Fmedia&parent=9906"}],"wp:term":[{"taxonomy":"product_cat","embeddable":true,"href":"https:\/\/brainstore.com.mx\/index.php?rest_route=%2Fwp%2Fv2%2Fproduct_cat&post=9906"},{"taxonomy":"product_tag","embeddable":true,"href":"https:\/\/brainstore.com.mx\/index.php?rest_route=%2Fwp%2Fv2%2Fproduct_tag&post=9906"}],"curies":[{"name":"wp","href":"https:\/\/api.w.org\/{rel}","templated":true}]}}