{"id":9908,"date":"2022-10-27T07:03:40","date_gmt":"2022-10-27T12:03:40","guid":{"rendered":"http:\/\/brainstore.com.mx\/?post_type=product&#038;p=9908"},"modified":"2022-10-27T07:03:40","modified_gmt":"2022-10-27T12:03:40","slug":"despachador-universal-de-jabon-en-cartucho","status":"publish","type":"product","link":"https:\/\/brainstore.com.mx\/?product=despachador-universal-de-jabon-en-cartucho","title":{"rendered":"Despachador Universal De Jab\u00f3n En Cartucho"},"content":{"rendered":"","protected":false},"excerpt":{"rendered":"<ul>\n<li>Despachador Universal de Jab\u00f3n en Cartucho MODELO INSIGHT SERIE I.<\/li>\n<li>Para usar con Jabones Kimcare.<\/li>\n<li>F\u00e1cil de rellenar.<\/li>\n<li>Permite un uso controlado del jab\u00f3n l\u00edquido.<\/li>\n<li>Dispensa Cartuchos 92537 y 92539.<\/li>\n<li>Color Humo.<\/li>\n<\/ul>\n","protected":false},"featured_media":9910,"comment_status":"open","ping_status":"closed","template":"","meta":[],"product_cat":[76],"product_tag":[95],"yoast_head":"<!-- This site is optimized with the Yoast SEO plugin v15.9 - https:\/\/yoast.com\/wordpress\/plugins\/seo\/ -->\n<title>Despachador Universal De Jab\u00f3n En Cartucho &raquo; Brain Store<\/title>\n<meta name=\"robots\" content=\"index, follow, max-snippet:-1, max-image-preview:large, max-video-preview:-1\" \/>\n<link rel=\"canonical\" href=\"https:\/\/brainstore.com.mx\/?product=despachador-universal-de-jabon-en-cartucho\" \/>\n<meta property=\"og:locale\" content=\"es_MX\" \/>\n<meta property=\"og:type\" content=\"article\" \/>\n<meta property=\"og:title\" content=\"Despachador Universal De Jab\u00f3n En Cartucho &raquo; Brain Store\" \/>\n<meta property=\"og:description\" content=\"Despachador Universal de Jab\u00f3n en Cartucho MODELO INSIGHT SERIE I.  Para usar con Jabones Kimcare.  F\u00e1cil de rellenar.  Permite un uso controlado del jab\u00f3n l\u00edquido.  Dispensa Cartuchos 92537 y 92539.  Color Humo.\" \/>\n<meta property=\"og:url\" content=\"https:\/\/brainstore.com.mx\/?product=despachador-universal-de-jabon-en-cartucho\" \/>\n<meta property=\"og:site_name\" content=\"Brain Store\" \/>\n<meta property=\"article:publisher\" content=\"https:\/\/www.facebook.com\/brainstoremx\/\" \/>\n<meta property=\"og:image\" content=\"https:\/\/brainstore.com.mx\/wp-content\/uploads\/2022\/10\/91180.png\" \/>\n\t<meta property=\"og:image:width\" content=\"241\" \/>\n\t<meta property=\"og:image:height\" content=\"243\" \/>\n<meta name=\"twitter:card\" content=\"summary_large_image\" \/>\n<script type=\"application\/ld+json\" class=\"yoast-schema-graph\">{\"@context\":\"https:\/\/schema.org\",\"@graph\":[{\"@type\":\"Organization\",\"@id\":\"https:\/\/brainstore.com.mx\/#organization\",\"name\":\"BRAIN STORE\",\"url\":\"https:\/\/brainstore.com.mx\/\",\"sameAs\":[\"https:\/\/www.facebook.com\/brainstoremx\/\",\"https:\/\/www.linkedin.com\/organization-guest\/company\/brainstore-soluciones-empresariales?challengeId=AQFFTWIZtGeYbAAAAXObhNynGsrNMCCiSF_2EOtAMNY4iQ12tT6IezYHLU5OKTnHBLZnWaGZjTGoZvweYLxXQkK85kBoy5IBjA&amp;amp;amp;amp;amp;amp;submissionId=7aa7c3ff-c747-2616-8f9f-43e49eb5c53f\"],\"logo\":{\"@type\":\"ImageObject\",\"@id\":\"https:\/\/brainstore.com.mx\/#logo\",\"inLanguage\":\"es-MX\",\"url\":\"https:\/\/brainstore.com.mx\/wp-content\/uploads\/2018\/11\/Brain-Store-logo.png\",\"width\":507,\"height\":169,\"caption\":\"BRAIN STORE\"},\"image\":{\"@id\":\"https:\/\/brainstore.com.mx\/#logo\"}},{\"@type\":\"WebSite\",\"@id\":\"https:\/\/brainstore.com.mx\/#website\",\"url\":\"https:\/\/brainstore.com.mx\/\",\"name\":\"Brain Store\",\"description\":\"Soluciones Empresariales\",\"publisher\":{\"@id\":\"https:\/\/brainstore.com.mx\/#organization\"},\"potentialAction\":[{\"@type\":\"SearchAction\",\"target\":\"https:\/\/brainstore.com.mx\/?s={search_term_string}\",\"query-input\":\"required name=search_term_string\"}],\"inLanguage\":\"es-MX\"},{\"@type\":\"ImageObject\",\"@id\":\"https:\/\/brainstore.com.mx\/?product=despachador-universal-de-jabon-en-cartucho#primaryimage\",\"inLanguage\":\"es-MX\",\"url\":\"https:\/\/brainstore.com.mx\/wp-content\/uploads\/2022\/10\/91180.png\",\"width\":241,\"height\":243},{\"@type\":\"WebPage\",\"@id\":\"https:\/\/brainstore.com.mx\/?product=despachador-universal-de-jabon-en-cartucho#webpage\",\"url\":\"https:\/\/brainstore.com.mx\/?product=despachador-universal-de-jabon-en-cartucho\",\"name\":\"Despachador Universal De Jab\\u00f3n En Cartucho &raquo; Brain Store\",\"isPartOf\":{\"@id\":\"https:\/\/brainstore.com.mx\/#website\"},\"primaryImageOfPage\":{\"@id\":\"https:\/\/brainstore.com.mx\/?product=despachador-universal-de-jabon-en-cartucho#primaryimage\"},\"datePublished\":\"2022-10-27T12:03:40+00:00\",\"dateModified\":\"2022-10-27T12:03:40+00:00\",\"breadcrumb\":{\"@id\":\"https:\/\/brainstore.com.mx\/?product=despachador-universal-de-jabon-en-cartucho#breadcrumb\"},\"inLanguage\":\"es-MX\",\"potentialAction\":[{\"@type\":\"ReadAction\",\"target\":[\"https:\/\/brainstore.com.mx\/?product=despachador-universal-de-jabon-en-cartucho\"]}]},{\"@type\":\"BreadcrumbList\",\"@id\":\"https:\/\/brainstore.com.mx\/?product=despachador-universal-de-jabon-en-cartucho#breadcrumb\",\"itemListElement\":[{\"@type\":\"ListItem\",\"position\":1,\"item\":{\"@type\":\"WebPage\",\"@id\":\"https:\/\/brainstore.com.mx\/\",\"url\":\"https:\/\/brainstore.com.mx\/\",\"name\":\"Inicio\"}},{\"@type\":\"ListItem\",\"position\":2,\"item\":{\"@type\":\"WebPage\",\"@id\":\"https:\/\/brainstore.com.mx\/?page_id=9779\",\"url\":\"https:\/\/brainstore.com.mx\/?page_id=9779\",\"name\":\"Tienda\"}},{\"@type\":\"ListItem\",\"position\":3,\"item\":{\"@type\":\"WebPage\",\"@id\":\"https:\/\/brainstore.com.mx\/?product=despachador-universal-de-jabon-en-cartucho\",\"url\":\"https:\/\/brainstore.com.mx\/?product=despachador-universal-de-jabon-en-cartucho\",\"name\":\"Despachador Universal De Jab\\u00f3n En Cartucho\"}}]}]}<\/script>\n<!-- \/ Yoast SEO plugin. -->","_links":{"self":[{"href":"https:\/\/brainstore.com.mx\/index.php?rest_route=\/wp\/v2\/product\/9908"}],"collection":[{"href":"https:\/\/brainstore.com.mx\/index.php?rest_route=\/wp\/v2\/product"}],"about":[{"href":"https:\/\/brainstore.com.mx\/index.php?rest_route=\/wp\/v2\/types\/product"}],"replies":[{"embeddable":true,"href":"https:\/\/brainstore.com.mx\/index.php?rest_route=%2Fwp%2Fv2%2Fcomments&post=9908"}],"wp:featuredmedia":[{"embeddable":true,"href":"https:\/\/brainstore.com.mx\/index.php?rest_route=\/wp\/v2\/media\/9910"}],"wp:attachment":[{"href":"https:\/\/brainstore.com.mx\/index.php?rest_route=%2Fwp%2Fv2%2Fmedia&parent=9908"}],"wp:term":[{"taxonomy":"product_cat","embeddable":true,"href":"https:\/\/brainstore.com.mx\/index.php?rest_route=%2Fwp%2Fv2%2Fproduct_cat&post=9908"},{"taxonomy":"product_tag","embeddable":true,"href":"https:\/\/brainstore.com.mx\/index.php?rest_route=%2Fwp%2Fv2%2Fproduct_tag&post=9908"}],"curies":[{"name":"wp","href":"https:\/\/api.w.org\/{rel}","templated":true}]}}