{"id":9925,"date":"2022-11-06T18:59:32","date_gmt":"2022-11-07T00:59:32","guid":{"rendered":"http:\/\/brainstore.com.mx\/?post_type=product&#038;p=9925"},"modified":"2023-10-30T16:26:22","modified_gmt":"2023-10-30T22:26:22","slug":"racks-para-tarimas","status":"publish","type":"product","link":"https:\/\/brainstore.com.mx\/?product=racks-para-tarimas","title":{"rendered":"Racks Para Tarimas"},"content":{"rendered":"","protected":false},"excerpt":{"rendered":"<ul>\n<li>\u00a1Maximice el espacio de almac\u00e9n! Almacenamiento de gran capacidad para sus tarimas m\u00e1s pesadas.<\/li>\n<li>Unidades B\u00e1sicas de Racks para Tarimas.<\/li>\n<li>Brindan f\u00e1cil acceso del montacargas a las cajas de cart\u00f3n, madera y contenedores entarimados.<\/li>\n<li>Ensamble sin pernos. Las vigas se colocan a presi\u00f3n y se ajustan en incrementos de 2&#8243;&#8221;.<\/li>\n<li>Armaz\u00f3n de acero soldado calibre 14. Vigas de acero calibre 16.<\/li>\n<li>Incluyen 2 marcos y 4 vigas.<\/li>\n<li>Dimensiones Ancho X Prof. X Alto: 108 x 42 x 96&#8243;.<\/li>\n<li>Alto De Viga: 4 1\/2&#8243;.<\/li>\n<li>Cap. De Viga (Lbs\/Par): 5,000.<\/li>\n<\/ul>\n","protected":false},"featured_media":9926,"comment_status":"open","ping_status":"closed","template":"","meta":[],"product_cat":[63],"product_tag":[171,172,100],"yoast_head":"<!-- This site is optimized with the Yoast SEO plugin v15.9 - https:\/\/yoast.com\/wordpress\/plugins\/seo\/ -->\n<title>Racks Para Tarimas &raquo; Brain Store<\/title>\n<meta name=\"robots\" content=\"index, follow, max-snippet:-1, max-image-preview:large, max-video-preview:-1\" \/>\n<link rel=\"canonical\" href=\"https:\/\/brainstore.com.mx\/?product=racks-para-tarimas\" \/>\n<meta property=\"og:locale\" content=\"es_MX\" \/>\n<meta property=\"og:type\" content=\"article\" \/>\n<meta property=\"og:title\" content=\"Racks Para Tarimas &raquo; Brain Store\" \/>\n<meta property=\"og:description\" content=\"\u00a1Maximice el espacio de almac\u00e9n! Almacenamiento de gran capacidad para sus tarimas m\u00e1s pesadas.  Unidades B\u00e1sicas de Racks para Tarimas.  Brindan f\u00e1cil acceso del montacargas a las cajas de cart\u00f3n, madera y contenedores entarimados.  Ensamble sin pernos. Las vigas se colocan a presi\u00f3n y se ajustan en incrementos de 2&quot;&quot;.  Armaz\u00f3n de acero soldado calibre 14. Vigas de acero calibre 16.  Incluyen 2 marcos y 4 vigas.  Dimensiones Ancho X Prof. X Alto: 108 x 42 x 96&quot;.  Alto De Viga: 4 1\/2&quot;.  Cap. De Viga (Lbs\/Par): 5,000.\" \/>\n<meta property=\"og:url\" content=\"https:\/\/brainstore.com.mx\/?product=racks-para-tarimas\" \/>\n<meta property=\"og:site_name\" content=\"Brain Store\" \/>\n<meta property=\"article:publisher\" content=\"https:\/\/www.facebook.com\/brainstoremx\/\" \/>\n<meta property=\"article:modified_time\" content=\"2023-10-30T22:26:22+00:00\" \/>\n<meta property=\"og:image\" content=\"https:\/\/brainstore.com.mx\/wp-content\/uploads\/2022\/11\/racks-para-tarimas.png\" \/>\n\t<meta property=\"og:image:width\" content=\"640\" \/>\n\t<meta property=\"og:image:height\" content=\"496\" \/>\n<meta name=\"twitter:card\" content=\"summary_large_image\" \/>\n<script type=\"application\/ld+json\" class=\"yoast-schema-graph\">{\"@context\":\"https:\/\/schema.org\",\"@graph\":[{\"@type\":\"Organization\",\"@id\":\"https:\/\/brainstore.com.mx\/#organization\",\"name\":\"BRAIN STORE\",\"url\":\"https:\/\/brainstore.com.mx\/\",\"sameAs\":[\"https:\/\/www.facebook.com\/brainstoremx\/\",\"https:\/\/www.linkedin.com\/organization-guest\/company\/brainstore-soluciones-empresariales?challengeId=AQFFTWIZtGeYbAAAAXObhNynGsrNMCCiSF_2EOtAMNY4iQ12tT6IezYHLU5OKTnHBLZnWaGZjTGoZvweYLxXQkK85kBoy5IBjA&amp;amp;amp;amp;amp;amp;submissionId=7aa7c3ff-c747-2616-8f9f-43e49eb5c53f\"],\"logo\":{\"@type\":\"ImageObject\",\"@id\":\"https:\/\/brainstore.com.mx\/#logo\",\"inLanguage\":\"es-MX\",\"url\":\"https:\/\/brainstore.com.mx\/wp-content\/uploads\/2018\/11\/Brain-Store-logo.png\",\"width\":507,\"height\":169,\"caption\":\"BRAIN STORE\"},\"image\":{\"@id\":\"https:\/\/brainstore.com.mx\/#logo\"}},{\"@type\":\"WebSite\",\"@id\":\"https:\/\/brainstore.com.mx\/#website\",\"url\":\"https:\/\/brainstore.com.mx\/\",\"name\":\"Brain Store\",\"description\":\"Soluciones Empresariales\",\"publisher\":{\"@id\":\"https:\/\/brainstore.com.mx\/#organization\"},\"potentialAction\":[{\"@type\":\"SearchAction\",\"target\":\"https:\/\/brainstore.com.mx\/?s={search_term_string}\",\"query-input\":\"required name=search_term_string\"}],\"inLanguage\":\"es-MX\"},{\"@type\":\"ImageObject\",\"@id\":\"https:\/\/brainstore.com.mx\/?product=racks-para-tarimas#primaryimage\",\"inLanguage\":\"es-MX\",\"url\":\"https:\/\/brainstore.com.mx\/wp-content\/uploads\/2022\/11\/racks-para-tarimas.png\",\"width\":640,\"height\":496},{\"@type\":\"WebPage\",\"@id\":\"https:\/\/brainstore.com.mx\/?product=racks-para-tarimas#webpage\",\"url\":\"https:\/\/brainstore.com.mx\/?product=racks-para-tarimas\",\"name\":\"Racks Para Tarimas &raquo; Brain Store\",\"isPartOf\":{\"@id\":\"https:\/\/brainstore.com.mx\/#website\"},\"primaryImageOfPage\":{\"@id\":\"https:\/\/brainstore.com.mx\/?product=racks-para-tarimas#primaryimage\"},\"datePublished\":\"2022-11-07T00:59:32+00:00\",\"dateModified\":\"2023-10-30T22:26:22+00:00\",\"breadcrumb\":{\"@id\":\"https:\/\/brainstore.com.mx\/?product=racks-para-tarimas#breadcrumb\"},\"inLanguage\":\"es-MX\",\"potentialAction\":[{\"@type\":\"ReadAction\",\"target\":[\"https:\/\/brainstore.com.mx\/?product=racks-para-tarimas\"]}]},{\"@type\":\"BreadcrumbList\",\"@id\":\"https:\/\/brainstore.com.mx\/?product=racks-para-tarimas#breadcrumb\",\"itemListElement\":[{\"@type\":\"ListItem\",\"position\":1,\"item\":{\"@type\":\"WebPage\",\"@id\":\"https:\/\/brainstore.com.mx\/\",\"url\":\"https:\/\/brainstore.com.mx\/\",\"name\":\"Inicio\"}},{\"@type\":\"ListItem\",\"position\":2,\"item\":{\"@type\":\"WebPage\",\"@id\":\"https:\/\/brainstore.com.mx\/?page_id=9779\",\"url\":\"https:\/\/brainstore.com.mx\/?page_id=9779\",\"name\":\"Tienda\"}},{\"@type\":\"ListItem\",\"position\":3,\"item\":{\"@type\":\"WebPage\",\"@id\":\"https:\/\/brainstore.com.mx\/?product=racks-para-tarimas\",\"url\":\"https:\/\/brainstore.com.mx\/?product=racks-para-tarimas\",\"name\":\"Racks Para Tarimas\"}}]}]}<\/script>\n<!-- \/ Yoast SEO plugin. -->","_links":{"self":[{"href":"https:\/\/brainstore.com.mx\/index.php?rest_route=\/wp\/v2\/product\/9925"}],"collection":[{"href":"https:\/\/brainstore.com.mx\/index.php?rest_route=\/wp\/v2\/product"}],"about":[{"href":"https:\/\/brainstore.com.mx\/index.php?rest_route=\/wp\/v2\/types\/product"}],"replies":[{"embeddable":true,"href":"https:\/\/brainstore.com.mx\/index.php?rest_route=%2Fwp%2Fv2%2Fcomments&post=9925"}],"wp:featuredmedia":[{"embeddable":true,"href":"https:\/\/brainstore.com.mx\/index.php?rest_route=\/wp\/v2\/media\/9926"}],"wp:attachment":[{"href":"https:\/\/brainstore.com.mx\/index.php?rest_route=%2Fwp%2Fv2%2Fmedia&parent=9925"}],"wp:term":[{"taxonomy":"product_cat","embeddable":true,"href":"https:\/\/brainstore.com.mx\/index.php?rest_route=%2Fwp%2Fv2%2Fproduct_cat&post=9925"},{"taxonomy":"product_tag","embeddable":true,"href":"https:\/\/brainstore.com.mx\/index.php?rest_route=%2Fwp%2Fv2%2Fproduct_tag&post=9925"}],"curies":[{"name":"wp","href":"https:\/\/api.w.org\/{rel}","templated":true}]}}