{"id":9929,"date":"2022-11-06T19:22:37","date_gmt":"2022-11-07T01:22:37","guid":{"rendered":"http:\/\/brainstore.com.mx\/?post_type=product&#038;p=9929"},"modified":"2022-11-06T19:22:38","modified_gmt":"2022-11-07T01:22:38","slug":"racks-amplios-para-almacenamiento-con-dos-repisas","status":"publish","type":"product","link":"https:\/\/brainstore.com.mx\/?product=racks-amplios-para-almacenamiento-con-dos-repisas","title":{"rendered":"Racks Amplios Para Almacenamiento Con Dos Repisas"},"content":{"rendered":"","protected":false},"excerpt":{"rendered":"<ul>\n<li>Almacenamiento industrial a una altura c\u00f3moda para trabajar.<\/li>\n<li>Acceso pr\u00e1ctico por los cuatro lados.<\/li>\n<li>Almacene herramientas pesadas o dise\u00f1e una estaci\u00f3n de trabajo.<\/li>\n<li>Ensamble r\u00e1pido y f\u00e1cil. Las repisas se colocan a presi\u00f3n y se ajustan en incrementos de 1 1\/2&#8243;&#8221;.<\/li>\n<li>2 repisas sostienen hasta 1,800 lbs. cada una.<\/li>\n<li>Tabla lisa, s\u00f3lida de 5\/8&#8243;&#8221; elimina la ca\u00edda de objetos.<\/li>\n<li>Incluye soportes de repisa y tablas de aglomerado.<\/li>\n<li>Dimensiones Ancho X Prof. X Alto: 48 x 18 x 36.<\/li>\n<li>Cap. De Repisa (Lbs.): 1,500<\/li>\n<li>No. De Repisas: 2<\/li>\n<\/ul>\n","protected":false},"featured_media":9930,"comment_status":"open","ping_status":"closed","template":"","meta":[],"product_cat":[63],"product_tag":[100],"yoast_head":"<!-- This site is optimized with the Yoast SEO plugin v15.9 - https:\/\/yoast.com\/wordpress\/plugins\/seo\/ -->\n<title>Racks Amplios Para Almacenamiento Con Dos Repisas &raquo; Brain Store<\/title>\n<meta name=\"robots\" content=\"index, follow, max-snippet:-1, max-image-preview:large, max-video-preview:-1\" \/>\n<link rel=\"canonical\" href=\"https:\/\/brainstore.com.mx\/?product=racks-amplios-para-almacenamiento-con-dos-repisas\" \/>\n<meta property=\"og:locale\" content=\"es_MX\" \/>\n<meta property=\"og:type\" content=\"article\" \/>\n<meta property=\"og:title\" content=\"Racks Amplios Para Almacenamiento Con Dos Repisas &raquo; Brain Store\" \/>\n<meta property=\"og:description\" content=\"Almacenamiento industrial a una altura c\u00f3moda para trabajar.  Acceso pr\u00e1ctico por los cuatro lados.  Almacene herramientas pesadas o dise\u00f1e una estaci\u00f3n de trabajo.  Ensamble r\u00e1pido y f\u00e1cil. Las repisas se colocan a presi\u00f3n y se ajustan en incrementos de 1 1\/2&quot;&quot;.  2 repisas sostienen hasta 1,800 lbs. cada una.  Tabla lisa, s\u00f3lida de 5\/8&quot;&quot; elimina la ca\u00edda de objetos.  Incluye soportes de repisa y tablas de aglomerado.  Dimensiones Ancho X Prof. X Alto: 48 x 18 x 36.  Cap. De Repisa (Lbs.): 1,500  No. De Repisas: 2\" \/>\n<meta property=\"og:url\" content=\"https:\/\/brainstore.com.mx\/?product=racks-amplios-para-almacenamiento-con-dos-repisas\" \/>\n<meta property=\"og:site_name\" content=\"Brain Store\" \/>\n<meta property=\"article:publisher\" content=\"https:\/\/www.facebook.com\/brainstoremx\/\" \/>\n<meta property=\"article:modified_time\" content=\"2022-11-07T01:22:38+00:00\" \/>\n<meta property=\"og:image\" content=\"https:\/\/brainstore.com.mx\/wp-content\/uploads\/2022\/11\/rack-2-repisas.png\" \/>\n\t<meta property=\"og:image:width\" content=\"640\" \/>\n\t<meta property=\"og:image:height\" content=\"457\" \/>\n<meta name=\"twitter:card\" content=\"summary_large_image\" \/>\n<script type=\"application\/ld+json\" class=\"yoast-schema-graph\">{\"@context\":\"https:\/\/schema.org\",\"@graph\":[{\"@type\":\"Organization\",\"@id\":\"https:\/\/brainstore.com.mx\/#organization\",\"name\":\"BRAIN STORE\",\"url\":\"https:\/\/brainstore.com.mx\/\",\"sameAs\":[\"https:\/\/www.facebook.com\/brainstoremx\/\",\"https:\/\/www.linkedin.com\/organization-guest\/company\/brainstore-soluciones-empresariales?challengeId=AQFFTWIZtGeYbAAAAXObhNynGsrNMCCiSF_2EOtAMNY4iQ12tT6IezYHLU5OKTnHBLZnWaGZjTGoZvweYLxXQkK85kBoy5IBjA&amp;amp;amp;amp;amp;amp;submissionId=7aa7c3ff-c747-2616-8f9f-43e49eb5c53f\"],\"logo\":{\"@type\":\"ImageObject\",\"@id\":\"https:\/\/brainstore.com.mx\/#logo\",\"inLanguage\":\"es-MX\",\"url\":\"https:\/\/brainstore.com.mx\/wp-content\/uploads\/2018\/11\/Brain-Store-logo.png\",\"width\":507,\"height\":169,\"caption\":\"BRAIN STORE\"},\"image\":{\"@id\":\"https:\/\/brainstore.com.mx\/#logo\"}},{\"@type\":\"WebSite\",\"@id\":\"https:\/\/brainstore.com.mx\/#website\",\"url\":\"https:\/\/brainstore.com.mx\/\",\"name\":\"Brain Store\",\"description\":\"Soluciones Empresariales\",\"publisher\":{\"@id\":\"https:\/\/brainstore.com.mx\/#organization\"},\"potentialAction\":[{\"@type\":\"SearchAction\",\"target\":\"https:\/\/brainstore.com.mx\/?s={search_term_string}\",\"query-input\":\"required name=search_term_string\"}],\"inLanguage\":\"es-MX\"},{\"@type\":\"ImageObject\",\"@id\":\"https:\/\/brainstore.com.mx\/?product=racks-amplios-para-almacenamiento-con-dos-repisas#primaryimage\",\"inLanguage\":\"es-MX\",\"url\":\"https:\/\/brainstore.com.mx\/wp-content\/uploads\/2022\/11\/rack-2-repisas.png\",\"width\":640,\"height\":457},{\"@type\":\"WebPage\",\"@id\":\"https:\/\/brainstore.com.mx\/?product=racks-amplios-para-almacenamiento-con-dos-repisas#webpage\",\"url\":\"https:\/\/brainstore.com.mx\/?product=racks-amplios-para-almacenamiento-con-dos-repisas\",\"name\":\"Racks Amplios Para Almacenamiento Con Dos Repisas &raquo; Brain Store\",\"isPartOf\":{\"@id\":\"https:\/\/brainstore.com.mx\/#website\"},\"primaryImageOfPage\":{\"@id\":\"https:\/\/brainstore.com.mx\/?product=racks-amplios-para-almacenamiento-con-dos-repisas#primaryimage\"},\"datePublished\":\"2022-11-07T01:22:37+00:00\",\"dateModified\":\"2022-11-07T01:22:38+00:00\",\"breadcrumb\":{\"@id\":\"https:\/\/brainstore.com.mx\/?product=racks-amplios-para-almacenamiento-con-dos-repisas#breadcrumb\"},\"inLanguage\":\"es-MX\",\"potentialAction\":[{\"@type\":\"ReadAction\",\"target\":[\"https:\/\/brainstore.com.mx\/?product=racks-amplios-para-almacenamiento-con-dos-repisas\"]}]},{\"@type\":\"BreadcrumbList\",\"@id\":\"https:\/\/brainstore.com.mx\/?product=racks-amplios-para-almacenamiento-con-dos-repisas#breadcrumb\",\"itemListElement\":[{\"@type\":\"ListItem\",\"position\":1,\"item\":{\"@type\":\"WebPage\",\"@id\":\"https:\/\/brainstore.com.mx\/\",\"url\":\"https:\/\/brainstore.com.mx\/\",\"name\":\"Inicio\"}},{\"@type\":\"ListItem\",\"position\":2,\"item\":{\"@type\":\"WebPage\",\"@id\":\"https:\/\/brainstore.com.mx\/?page_id=9779\",\"url\":\"https:\/\/brainstore.com.mx\/?page_id=9779\",\"name\":\"Tienda\"}},{\"@type\":\"ListItem\",\"position\":3,\"item\":{\"@type\":\"WebPage\",\"@id\":\"https:\/\/brainstore.com.mx\/?product=racks-amplios-para-almacenamiento-con-dos-repisas\",\"url\":\"https:\/\/brainstore.com.mx\/?product=racks-amplios-para-almacenamiento-con-dos-repisas\",\"name\":\"Racks Amplios Para Almacenamiento Con Dos Repisas\"}}]}]}<\/script>\n<!-- \/ Yoast SEO plugin. -->","_links":{"self":[{"href":"https:\/\/brainstore.com.mx\/index.php?rest_route=\/wp\/v2\/product\/9929"}],"collection":[{"href":"https:\/\/brainstore.com.mx\/index.php?rest_route=\/wp\/v2\/product"}],"about":[{"href":"https:\/\/brainstore.com.mx\/index.php?rest_route=\/wp\/v2\/types\/product"}],"replies":[{"embeddable":true,"href":"https:\/\/brainstore.com.mx\/index.php?rest_route=%2Fwp%2Fv2%2Fcomments&post=9929"}],"wp:featuredmedia":[{"embeddable":true,"href":"https:\/\/brainstore.com.mx\/index.php?rest_route=\/wp\/v2\/media\/9930"}],"wp:attachment":[{"href":"https:\/\/brainstore.com.mx\/index.php?rest_route=%2Fwp%2Fv2%2Fmedia&parent=9929"}],"wp:term":[{"taxonomy":"product_cat","embeddable":true,"href":"https:\/\/brainstore.com.mx\/index.php?rest_route=%2Fwp%2Fv2%2Fproduct_cat&post=9929"},{"taxonomy":"product_tag","embeddable":true,"href":"https:\/\/brainstore.com.mx\/index.php?rest_route=%2Fwp%2Fv2%2Fproduct_tag&post=9929"}],"curies":[{"name":"wp","href":"https:\/\/api.w.org\/{rel}","templated":true}]}}