{"id":9977,"date":"2022-12-08T19:52:53","date_gmt":"2022-12-09T01:52:53","guid":{"rendered":"http:\/\/brainstore.com.mx\/?post_type=product&#038;p=9977"},"modified":"2023-01-05T19:51:56","modified_gmt":"2023-01-06T01:51:56","slug":"linea-de-vida-gancho-grande-c11gp","status":"publish","type":"product","link":"https:\/\/brainstore.com.mx\/?product=linea-de-vida-gancho-grande-c11gp","title":{"rendered":"Linea De Vida Gancho Grande C11Gp"},"content":{"rendered":"","protected":false},"excerpt":{"rendered":"<ul>\n<li>Material: Poli\u00e9ster.<\/li>\n<li>Sistema: Contra Ca\u00eddas.<\/li>\n<li>Longitud: 1.80 mt.<\/li>\n<li>Aplicaciones: Industria en general, Construcci\u00f3n.<\/li>\n<li>Peso: 1.1 Kg (1.80 mt).<\/li>\n<li>Normatividad: ANSI A10.32-2004.<\/li>\n<\/ul>\n","protected":false},"featured_media":9978,"comment_status":"open","ping_status":"closed","template":"","meta":[],"product_cat":[113],"product_tag":[106],"yoast_head":"<!-- This site is optimized with the Yoast SEO plugin v15.9 - https:\/\/yoast.com\/wordpress\/plugins\/seo\/ -->\n<title>Linea De Vida Gancho Grande C11Gp &raquo; Brain Store<\/title>\n<meta name=\"robots\" content=\"index, follow, max-snippet:-1, max-image-preview:large, max-video-preview:-1\" \/>\n<link rel=\"canonical\" href=\"https:\/\/brainstore.com.mx\/?product=linea-de-vida-gancho-grande-c11gp\" \/>\n<meta property=\"og:locale\" content=\"es_MX\" \/>\n<meta property=\"og:type\" content=\"article\" \/>\n<meta property=\"og:title\" content=\"Linea De Vida Gancho Grande C11Gp &raquo; Brain Store\" \/>\n<meta property=\"og:description\" content=\"Material: Poli\u00e9ster.  Sistema: Contra Ca\u00eddas.  Longitud: 1.80 mt.  Aplicaciones: Industria en general, Construcci\u00f3n.  Peso: 1.1 Kg (1.80 mt).  Normatividad: ANSI A10.32-2004.\" \/>\n<meta property=\"og:url\" content=\"https:\/\/brainstore.com.mx\/?product=linea-de-vida-gancho-grande-c11gp\" \/>\n<meta property=\"og:site_name\" content=\"Brain Store\" \/>\n<meta property=\"article:publisher\" content=\"https:\/\/www.facebook.com\/brainstoremx\/\" \/>\n<meta property=\"article:modified_time\" content=\"2023-01-06T01:51:56+00:00\" \/>\n<meta property=\"og:image\" content=\"https:\/\/brainstore.com.mx\/wp-content\/uploads\/2022\/12\/c11gp.png\" \/>\n\t<meta property=\"og:image:width\" content=\"800\" \/>\n\t<meta property=\"og:image:height\" content=\"800\" \/>\n<meta name=\"twitter:card\" content=\"summary_large_image\" \/>\n<script type=\"application\/ld+json\" class=\"yoast-schema-graph\">{\"@context\":\"https:\/\/schema.org\",\"@graph\":[{\"@type\":\"Organization\",\"@id\":\"https:\/\/brainstore.com.mx\/#organization\",\"name\":\"BRAIN STORE\",\"url\":\"https:\/\/brainstore.com.mx\/\",\"sameAs\":[\"https:\/\/www.facebook.com\/brainstoremx\/\",\"https:\/\/www.linkedin.com\/organization-guest\/company\/brainstore-soluciones-empresariales?challengeId=AQFFTWIZtGeYbAAAAXObhNynGsrNMCCiSF_2EOtAMNY4iQ12tT6IezYHLU5OKTnHBLZnWaGZjTGoZvweYLxXQkK85kBoy5IBjA&amp;amp;amp;amp;amp;amp;submissionId=7aa7c3ff-c747-2616-8f9f-43e49eb5c53f\"],\"logo\":{\"@type\":\"ImageObject\",\"@id\":\"https:\/\/brainstore.com.mx\/#logo\",\"inLanguage\":\"es-MX\",\"url\":\"https:\/\/brainstore.com.mx\/wp-content\/uploads\/2018\/11\/Brain-Store-logo.png\",\"width\":507,\"height\":169,\"caption\":\"BRAIN STORE\"},\"image\":{\"@id\":\"https:\/\/brainstore.com.mx\/#logo\"}},{\"@type\":\"WebSite\",\"@id\":\"https:\/\/brainstore.com.mx\/#website\",\"url\":\"https:\/\/brainstore.com.mx\/\",\"name\":\"Brain Store\",\"description\":\"Soluciones Empresariales\",\"publisher\":{\"@id\":\"https:\/\/brainstore.com.mx\/#organization\"},\"potentialAction\":[{\"@type\":\"SearchAction\",\"target\":\"https:\/\/brainstore.com.mx\/?s={search_term_string}\",\"query-input\":\"required name=search_term_string\"}],\"inLanguage\":\"es-MX\"},{\"@type\":\"ImageObject\",\"@id\":\"https:\/\/brainstore.com.mx\/?product=linea-de-vida-gancho-grande-c11gp#primaryimage\",\"inLanguage\":\"es-MX\",\"url\":\"https:\/\/brainstore.com.mx\/wp-content\/uploads\/2022\/12\/c11gp.png\",\"width\":800,\"height\":800},{\"@type\":\"WebPage\",\"@id\":\"https:\/\/brainstore.com.mx\/?product=linea-de-vida-gancho-grande-c11gp#webpage\",\"url\":\"https:\/\/brainstore.com.mx\/?product=linea-de-vida-gancho-grande-c11gp\",\"name\":\"Linea De Vida Gancho Grande C11Gp &raquo; Brain Store\",\"isPartOf\":{\"@id\":\"https:\/\/brainstore.com.mx\/#website\"},\"primaryImageOfPage\":{\"@id\":\"https:\/\/brainstore.com.mx\/?product=linea-de-vida-gancho-grande-c11gp#primaryimage\"},\"datePublished\":\"2022-12-09T01:52:53+00:00\",\"dateModified\":\"2023-01-06T01:51:56+00:00\",\"breadcrumb\":{\"@id\":\"https:\/\/brainstore.com.mx\/?product=linea-de-vida-gancho-grande-c11gp#breadcrumb\"},\"inLanguage\":\"es-MX\",\"potentialAction\":[{\"@type\":\"ReadAction\",\"target\":[\"https:\/\/brainstore.com.mx\/?product=linea-de-vida-gancho-grande-c11gp\"]}]},{\"@type\":\"BreadcrumbList\",\"@id\":\"https:\/\/brainstore.com.mx\/?product=linea-de-vida-gancho-grande-c11gp#breadcrumb\",\"itemListElement\":[{\"@type\":\"ListItem\",\"position\":1,\"item\":{\"@type\":\"WebPage\",\"@id\":\"https:\/\/brainstore.com.mx\/\",\"url\":\"https:\/\/brainstore.com.mx\/\",\"name\":\"Inicio\"}},{\"@type\":\"ListItem\",\"position\":2,\"item\":{\"@type\":\"WebPage\",\"@id\":\"https:\/\/brainstore.com.mx\/?page_id=9779\",\"url\":\"https:\/\/brainstore.com.mx\/?page_id=9779\",\"name\":\"Tienda\"}},{\"@type\":\"ListItem\",\"position\":3,\"item\":{\"@type\":\"WebPage\",\"@id\":\"https:\/\/brainstore.com.mx\/?product=linea-de-vida-gancho-grande-c11gp\",\"url\":\"https:\/\/brainstore.com.mx\/?product=linea-de-vida-gancho-grande-c11gp\",\"name\":\"Linea De Vida Gancho Grande C11Gp\"}}]}]}<\/script>\n<!-- \/ Yoast SEO plugin. -->","_links":{"self":[{"href":"https:\/\/brainstore.com.mx\/index.php?rest_route=\/wp\/v2\/product\/9977"}],"collection":[{"href":"https:\/\/brainstore.com.mx\/index.php?rest_route=\/wp\/v2\/product"}],"about":[{"href":"https:\/\/brainstore.com.mx\/index.php?rest_route=\/wp\/v2\/types\/product"}],"replies":[{"embeddable":true,"href":"https:\/\/brainstore.com.mx\/index.php?rest_route=%2Fwp%2Fv2%2Fcomments&post=9977"}],"wp:featuredmedia":[{"embeddable":true,"href":"https:\/\/brainstore.com.mx\/index.php?rest_route=\/wp\/v2\/media\/9978"}],"wp:attachment":[{"href":"https:\/\/brainstore.com.mx\/index.php?rest_route=%2Fwp%2Fv2%2Fmedia&parent=9977"}],"wp:term":[{"taxonomy":"product_cat","embeddable":true,"href":"https:\/\/brainstore.com.mx\/index.php?rest_route=%2Fwp%2Fv2%2Fproduct_cat&post=9977"},{"taxonomy":"product_tag","embeddable":true,"href":"https:\/\/brainstore.com.mx\/index.php?rest_route=%2Fwp%2Fv2%2Fproduct_tag&post=9977"}],"curies":[{"name":"wp","href":"https:\/\/api.w.org\/{rel}","templated":true}]}}